{"id":124,"date":"2019-09-21T13:22:27","date_gmt":"2019-09-21T11:22:27","guid":{"rendered":"http:\/\/www.biowink.com.vn\/?page_id=124"},"modified":"2020-12-02T09:05:53","modified_gmt":"2020-12-02T08:05:53","slug":"tai-sao-chon-my-pham-huu-co","status":"publish","type":"page","link":"https:\/\/www.biowink.com.vn\/index.php\/tai-sao-chon-my-pham-huu-co\/","title":{"rendered":"T\u1ea1i sao ch\u1ecdn m\u1ef9 ph\u1ea9m h\u1eefu c\u01a1?"},"content":{"rendered":"\n<figure class=\"wp-block-image size-large\"><img loading=\"lazy\" width=\"768\" height=\"1024\" src=\"http:\/\/www.biowink.com.vn\/wp-content\/uploads\/2020\/12\/herbs-906140_1920-768x1024.jpg\" alt=\"Huu Co my pham\" class=\"wp-image-16145\" srcset=\"https:\/\/www.biowink.com.vn\/wp-content\/uploads\/2020\/12\/herbs-906140_1920-768x1024.jpg 768w, https:\/\/www.biowink.com.vn\/wp-content\/uploads\/2020\/12\/herbs-906140_1920-225x300.jpg 225w, https:\/\/www.biowink.com.vn\/wp-content\/uploads\/2020\/12\/herbs-906140_1920-1152x1536.jpg 1152w, https:\/\/www.biowink.com.vn\/wp-content\/uploads\/2020\/12\/herbs-906140_1920-45x60.jpg 45w, https:\/\/www.biowink.com.vn\/wp-content\/uploads\/2020\/12\/herbs-906140_1920-600x800.jpg 600w, https:\/\/www.biowink.com.vn\/wp-content\/uploads\/2020\/12\/herbs-906140_1920.jpg 1440w\" sizes=\"(max-width: 768px) 100vw, 768px\" \/><\/figure>\n\n\n\n<p>T\u1ea1i sao ch\u1ecdn m\u1ef9 ph\u1ea9m h\u1eefu c\u01a1?<br>B\u1ea1n ph\u1ea3i b\u1ea3o v\u1ec7 l\u00e0n da c\u1ee7a m\u00ecnh h\u00e0ng ng\u00e0y kh\u1ecfi s\u1ef1 x\u00e2m l\u0103ng c\u1ee7a m\u00f4i tr\u01b0\u1eddng v\u00e0 gi\u1edbi thi\u1ec7u b\u1ea3n th\u00e2n v\u1edbi nh\u1eefng ng\u01b0\u1eddi xung quanh d\u01b0\u1edbi \u00e1nh s\u00e1ng t\u1ed1t nh\u1ea5t.<br>B\u1ea1n v\u00e0 gia \u0111\u00ecnh x\u1ee9ng \u0111\u00e1ng c\u00f3 nh\u1eefng lo\u1ea1i m\u1ef9 ph\u1ea9m hi\u1ec7u qu\u1ea3 v\u00e0 t\u1ed1t cho s\u1ee9c kh\u1ecfe nh\u1ea5t.<\/p>\n\n\n\n<h4>T\u00e1c d\u1ee5ng ph\u1ee5 c\u1ee7a m\u1ed9t s\u1ed1 s\u1ea3n ph\u1ea9m m\u1ef9 ph\u1ea9m<\/h4>\n\n\n\n<p>G\u1ea7n \u0111\u00e2y, nhi\u1ec1u l\u1eddi ch\u1ee9ng th\u1ef1c t\u1eeb ng\u01b0\u1eddi d\u00f9ng c\u1ea3nh b\u00e1o ch\u00fang t\u00f4i v\u1ec1 t\u00e1c d\u1ee5ng ph\u1ee5 c\u1ee7a m\u1ed9t s\u1ed1 s\u1ea3n ph\u1ea9m m\u1ef9 ph\u1ea9m.<br>C\u00e1c nghi\u00ean c\u1ee9u khoa h\u1ecdc c\u0169ng th\u01b0\u1eddng xuy\u00ean th\u00f4ng b\u00e1o cho ch\u00fang ta v\u1ec1 s\u1ef1 nguy hi\u1ec3m c\u1ee7a h\u00f3a ch\u1ea5t.<\/p>\n\n\n\n<h4>M\u1ea1ng l\u01b0\u1edbi c\u00e1c nh\u00e0 s\u1ea3n xu\u1ea5t Biowink<\/h4>\n\n\n\n<p>V\u1edbi kinh nghi\u1ec7m th\u00e0nh c\u00f4ng t\u1ea1i Ch\u00e2u \u00c2u, m\u1ea1ng l\u01b0\u1edbi c\u00e1c nh\u00e0 s\u1ea3n xu\u1ea5t Biowink h\u00f4m nay mang \u0111\u1ebfn cho b\u1ea1n l\u1ee3i \u00edch \u0111\u1ed9c quy\u1ec1n t\u1ea1i Vi\u1ec7t Nam t\u1eeb nh\u1eefng s\u1ea3n ph\u1ea9m t\u1ed1t nh\u1ea5t c\u1ee7a m\u1ef9 ph\u1ea9m h\u1eefu c\u01a1 c\u1ee7a h\u1ecd.<br>Ch\u00fang c\u00f3 ch\u1ee9c n\u0103ng v\u1ec7 sinh v\u00e0 l\u00e0m \u0111\u1eb9p gi\u1ed1ng nh\u01b0 m\u1ef9 ph\u1ea9m t\u1eeb ng\u00e0nh h\u00f3a ch\u1ea5t. Nh\u01b0ng v\u00ec l\u00fd do \u00fd th\u1ee9c h\u1ec7 v\u00e0 \u0111\u1ec3 tr\u00e1nh b\u1ea5t k\u1ef3 v\u1ea5n \u0111\u1ec1 s\u1ee9c kh\u1ecfe n\u00e0o, ch\u00fang \u0111\u01b0\u1ee3c l\u00e0m b\u1eb1ng nguy\u00ean li\u1ec7u t\u1ef1 nhi\u00ean t\u1eeb canh t\u00e1c h\u1eefu c\u01a1 v\u00e0 kh\u00f4ng c\u00f3 h\u00f3a ch\u1ea5t t\u1ed5ng h\u1ee3p.<\/p>\n\n\n\n<p><br>C\u00e1c \u0111\u1ed1i t\u00e1c s\u1ea3n xu\u1ea5t c\u1ee7a ch\u00fang t\u00f4i \u0111\u00e3 ph\u00e1t tri\u1ec3n m\u1ed9t lo\u1ea1t c\u00e1c ph\u01b0\u01a1ng ph\u00e1p \u0111i\u1ec1u tr\u1ecb \u0111\u1ec3 \u0111\u00e1p \u1ee9ng nhu c\u1ea7u c\u1ee7a b\u1ea1n t\u1ea1i m\u1ecdi th\u1eddi \u0111i\u1ec3m trong cu\u1ed9c s\u1ed1ng c\u1ee7a b\u1ea1n.<br>H\u1ecd r\u1ea5t h\u00e0o h\u1ee9ng chia s\u1ebb v\u1edbi b\u1ea1n nh\u1eefng s\u1ea3n ph\u1ea9m \u0111\u1eb7c bi\u1ec7t c\u1ee7a h\u1ecd: t\u1ed1t cho s\u1ee9c kh\u1ecfe, s\u1ee9c kh\u1ecfe c\u1ee7a b\u1ea1n. \u0110o\u00e0n t\u00f9y t\u00f9ng c\u1ee7a b\u1ea1n s\u1ebd th\u1ea5y b\u1ea1n s\u1edbm t\u1ecfa s\u00e1ng v\u1edbi s\u1ef1 t\u01b0\u01a1i m\u1edbi \ud83d\ude09<\/p>\n\n\n\n<p><a href=\"http:\/\/www.biowink.com.vn\">Home page<\/a><\/p>\n","protected":false},"excerpt":{"rendered":"<p>T\u1ea1i sao ch\u1ecdn m\u1ef9 ph\u1ea9m h\u1eefu c\u01a1?B\u1ea1n ph\u1ea3i b\u1ea3o v\u1ec7 l\u00e0n da c\u1ee7a m\u00ecnh h\u00e0ng ng\u00e0y kh\u1ecfi s\u1ef1 x\u00e2m l\u0103ng c\u1ee7a m\u00f4i tr\u01b0\u1eddng v\u00e0 gi\u1edbi thi\u1ec7u b\u1ea3n th\u00e2n v\u1edbi nh\u1eefng ng\u01b0\u1eddi xung quanh d\u01b0\u1edbi \u00e1nh s\u00e1ng t\u1ed1t nh\u1ea5t.B\u1ea1n v\u00e0 gia \u0111\u00ecnh x\u1ee9ng \u0111\u00e1ng c\u00f3 nh\u1eefng lo\u1ea1i m\u1ef9 ph\u1ea9m hi\u1ec7u qu\u1ea3 v\u00e0 t\u1ed1t cho s\u1ee9c kh\u1ecfe &hellip; <\/p>\n","protected":false},"author":1,"featured_media":0,"parent":0,"menu_order":0,"comment_status":"closed","ping_status":"closed","template":"","meta":[],"yoast_head":"<!-- This site is optimized with the Yoast SEO plugin v15.5 - https:\/\/yoast.com\/wordpress\/plugins\/seo\/ -->\n<title>T\u1ea1i sao ch\u1ecdn m\u1ef9 ph\u1ea9m h\u1eefu c\u01a1? - Bio Wink Vietnam<\/title>\n<meta name=\"description\" content=\"T\u1ea1i sao ch\u1ecdn m\u1ef9 ph\u1ea9m h\u1eefu c\u01a1? B\u1ea1n ph\u1ea3i b\u1ea3o v\u1ec7 l\u00e0n da c\u1ee7a m\u00ecnh h\u00e0ng ng\u00e0y kh\u1ecfi s\u1ef1 x\u00e2m l\u0103ng c\u1ee7a m\u00f4i tr\u01b0\u1eddng v\u00e0 gi\u1edbi thi\u1ec7u b\u1ea3n th\u00e2n v\u1edbi nh\u1eefng ng\u01b0\u1eddi xung quanh d\u01b0\u1edbi \u00e1nh s\u00e1ng t\u1ed1t nh\u1ea5t. B\u1ea1n v\u00e0 gia \u0111\u00ecnh x\u1ee9ng \u0111\u00e1ng c\u00f3 nh\u1eefng lo\u1ea1i m\u1ef9 ph\u1ea9m hi\u1ec7u qu\u1ea3 v\u00e0 t\u1ed1t cho s\u1ee9c kh\u1ecfe nh\u1ea5t.\" \/>\n<meta name=\"robots\" content=\"index, follow, max-snippet:-1, max-image-preview:large, max-video-preview:-1\" \/>\n<link rel=\"canonical\" href=\"https:\/\/www.biowink.com.vn\/index.php\/tai-sao-chon-my-pham-huu-co\/\" \/>\n<meta property=\"og:locale\" content=\"en_GB\" \/>\n<meta property=\"og:type\" content=\"article\" \/>\n<meta property=\"og:title\" content=\"T\u1ea1i sao ch\u1ecdn m\u1ef9 ph\u1ea9m h\u1eefu c\u01a1? - Bio Wink Vietnam\" \/>\n<meta property=\"og:description\" content=\"T\u1ea1i sao ch\u1ecdn m\u1ef9 ph\u1ea9m h\u1eefu c\u01a1? B\u1ea1n ph\u1ea3i b\u1ea3o v\u1ec7 l\u00e0n da c\u1ee7a m\u00ecnh h\u00e0ng ng\u00e0y kh\u1ecfi s\u1ef1 x\u00e2m l\u0103ng c\u1ee7a m\u00f4i tr\u01b0\u1eddng v\u00e0 gi\u1edbi thi\u1ec7u b\u1ea3n th\u00e2n v\u1edbi nh\u1eefng ng\u01b0\u1eddi xung quanh d\u01b0\u1edbi \u00e1nh s\u00e1ng t\u1ed1t nh\u1ea5t. B\u1ea1n v\u00e0 gia \u0111\u00ecnh x\u1ee9ng \u0111\u00e1ng c\u00f3 nh\u1eefng lo\u1ea1i m\u1ef9 ph\u1ea9m hi\u1ec7u qu\u1ea3 v\u00e0 t\u1ed1t cho s\u1ee9c kh\u1ecfe nh\u1ea5t.\" \/>\n<meta property=\"og:url\" content=\"https:\/\/www.biowink.com.vn\/index.php\/tai-sao-chon-my-pham-huu-co\/\" \/>\n<meta property=\"og:site_name\" content=\"Bio Wink Vietnam\" \/>\n<meta property=\"article:publisher\" content=\"https:\/\/www.facebook.com\/biowinkvn\/\" \/>\n<meta property=\"article:modified_time\" content=\"2020-12-02T08:05:53+00:00\" \/>\n<meta property=\"og:image\" content=\"http:\/\/www.biowink.com.vn\/wp-content\/uploads\/2020\/12\/herbs-906140_1920-768x1024.jpg\" \/>\n<meta name=\"twitter:card\" content=\"summary_large_image\" \/>\n<meta name=\"twitter:label1\" content=\"Estimated reading time\">\n\t<meta name=\"twitter:data1\" content=\"2 minutes\">\n<script type=\"application\/ld+json\" class=\"yoast-schema-graph\">{\"@context\":\"https:\/\/schema.org\",\"@graph\":[{\"@type\":\"Organization\",\"@id\":\"https:\/\/www.biowink.com.vn\/#organization\",\"name\":\"Bio Wink Vi\\u1ec7t Nam\",\"url\":\"https:\/\/www.biowink.com.vn\/\",\"sameAs\":[\"https:\/\/www.facebook.com\/biowinkvn\/\",\"https:\/\/www.instagram.com\/biowinkinvietnam\"],\"logo\":{\"@type\":\"ImageObject\",\"@id\":\"https:\/\/www.biowink.com.vn\/#logo\",\"inLanguage\":\"en-GB\",\"url\":\"https:\/\/www.biowink.com.vn\/wp-content\/uploads\/2019\/10\/logo-biowink-VN-KR.jpg\",\"width\":1600,\"height\":1600,\"caption\":\"Bio Wink Vi\\u1ec7t Nam\"},\"image\":{\"@id\":\"https:\/\/www.biowink.com.vn\/#logo\"}},{\"@type\":\"WebSite\",\"@id\":\"https:\/\/www.biowink.com.vn\/#website\",\"url\":\"https:\/\/www.biowink.com.vn\/\",\"name\":\"Bio Wink Vietnam\",\"description\":\"\",\"publisher\":{\"@id\":\"https:\/\/www.biowink.com.vn\/#organization\"},\"potentialAction\":[{\"@type\":\"SearchAction\",\"target\":\"https:\/\/www.biowink.com.vn\/?s={search_term_string}\",\"query-input\":\"required name=search_term_string\"}],\"inLanguage\":\"en-GB\"},{\"@type\":\"ImageObject\",\"@id\":\"https:\/\/www.biowink.com.vn\/index.php\/tai-sao-chon-my-pham-huu-co\/#primaryimage\",\"inLanguage\":\"en-GB\",\"url\":\"http:\/\/www.biowink.com.vn\/wp-content\/uploads\/2020\/12\/herbs-906140_1920-768x1024.jpg\"},{\"@type\":\"WebPage\",\"@id\":\"https:\/\/www.biowink.com.vn\/index.php\/tai-sao-chon-my-pham-huu-co\/#webpage\",\"url\":\"https:\/\/www.biowink.com.vn\/index.php\/tai-sao-chon-my-pham-huu-co\/\",\"name\":\"T\\u1ea1i sao ch\\u1ecdn m\\u1ef9 ph\\u1ea9m h\\u1eefu c\\u01a1? - Bio Wink Vietnam\",\"isPartOf\":{\"@id\":\"https:\/\/www.biowink.com.vn\/#website\"},\"primaryImageOfPage\":{\"@id\":\"https:\/\/www.biowink.com.vn\/index.php\/tai-sao-chon-my-pham-huu-co\/#primaryimage\"},\"datePublished\":\"2019-09-21T11:22:27+00:00\",\"dateModified\":\"2020-12-02T08:05:53+00:00\",\"description\":\"T\\u1ea1i sao ch\\u1ecdn m\\u1ef9 ph\\u1ea9m h\\u1eefu c\\u01a1? B\\u1ea1n ph\\u1ea3i b\\u1ea3o v\\u1ec7 l\\u00e0n da c\\u1ee7a m\\u00ecnh h\\u00e0ng ng\\u00e0y kh\\u1ecfi s\\u1ef1 x\\u00e2m l\\u0103ng c\\u1ee7a m\\u00f4i tr\\u01b0\\u1eddng v\\u00e0 gi\\u1edbi thi\\u1ec7u b\\u1ea3n th\\u00e2n v\\u1edbi nh\\u1eefng ng\\u01b0\\u1eddi xung quanh d\\u01b0\\u1edbi \\u00e1nh s\\u00e1ng t\\u1ed1t nh\\u1ea5t. B\\u1ea1n v\\u00e0 gia \\u0111\\u00ecnh x\\u1ee9ng \\u0111\\u00e1ng c\\u00f3 nh\\u1eefng lo\\u1ea1i m\\u1ef9 ph\\u1ea9m hi\\u1ec7u qu\\u1ea3 v\\u00e0 t\\u1ed1t cho s\\u1ee9c kh\\u1ecfe nh\\u1ea5t.\",\"inLanguage\":\"en-GB\",\"potentialAction\":[{\"@type\":\"ReadAction\",\"target\":[\"https:\/\/www.biowink.com.vn\/index.php\/tai-sao-chon-my-pham-huu-co\/\"]}]}]}<\/script>\n<!-- \/ Yoast SEO plugin. -->","_links":{"self":[{"href":"https:\/\/www.biowink.com.vn\/index.php\/wp-json\/wp\/v2\/pages\/124"}],"collection":[{"href":"https:\/\/www.biowink.com.vn\/index.php\/wp-json\/wp\/v2\/pages"}],"about":[{"href":"https:\/\/www.biowink.com.vn\/index.php\/wp-json\/wp\/v2\/types\/page"}],"author":[{"embeddable":true,"href":"https:\/\/www.biowink.com.vn\/index.php\/wp-json\/wp\/v2\/users\/1"}],"replies":[{"embeddable":true,"href":"https:\/\/www.biowink.com.vn\/index.php\/wp-json\/wp\/v2\/comments?post=124"}],"version-history":[{"count":5,"href":"https:\/\/www.biowink.com.vn\/index.php\/wp-json\/wp\/v2\/pages\/124\/revisions"}],"predecessor-version":[{"id":16147,"href":"https:\/\/www.biowink.com.vn\/index.php\/wp-json\/wp\/v2\/pages\/124\/revisions\/16147"}],"wp:attachment":[{"href":"https:\/\/www.biowink.com.vn\/index.php\/wp-json\/wp\/v2\/media?parent=124"}],"curies":[{"name":"wp","href":"https:\/\/api.w.org\/{rel}","templated":true}]}}