{"id":13356,"date":"2020-10-02T09:06:15","date_gmt":"2020-10-02T07:06:15","guid":{"rendered":"http:\/\/www.biowink.com.vn\/?page_id=13356"},"modified":"2020-12-02T06:52:50","modified_gmt":"2020-12-02T05:52:50","slug":"petit-prince","status":"publish","type":"page","link":"https:\/\/www.biowink.com.vn\/index.php\/petit-prince\/","title":{"rendered":"Petit Prince"},"content":{"rendered":"\n<figure class=\"wp-block-image size-large\"><img loading=\"lazy\" width=\"1024\" height=\"724\" src=\"http:\/\/www.biowink.com.vn\/wp-content\/uploads\/2020\/10\/Petit-Prince-1024x724.jpg\" alt=\"petit prince \" class=\"wp-image-13557\" srcset=\"https:\/\/www.biowink.com.vn\/wp-content\/uploads\/2020\/10\/Petit-Prince-1024x724.jpg 1024w, https:\/\/www.biowink.com.vn\/wp-content\/uploads\/2020\/10\/Petit-Prince-300x212.jpg 300w, https:\/\/www.biowink.com.vn\/wp-content\/uploads\/2020\/10\/Petit-Prince-768x543.jpg 768w, https:\/\/www.biowink.com.vn\/wp-content\/uploads\/2020\/10\/Petit-Prince-85x60.jpg 85w, https:\/\/www.biowink.com.vn\/wp-content\/uploads\/2020\/10\/Petit-Prince-600x424.jpg 600w, https:\/\/www.biowink.com.vn\/wp-content\/uploads\/2020\/10\/Petit-Prince.jpg 2048w\" sizes=\"(max-width: 1024px) 100vw, 1024px\" \/><\/figure>\n\n\n\n<h5>S\u1ea3n ph\u1ea9m ch\u0103m s\u00f3c tr\u1ebb em ho\u00e0n to\u00e0n thi\u00ean nhi\u00ean v\u00e0 h\u1eefu c\u01a1<\/h5>\n\n\n\n<p>Le Petit Prince l\u00e0 d\u00f2ng s\u1ea3n ph\u1ea9m ch\u0103m s\u00f3c tr\u1ebb em ho\u00e0n to\u00e0n thi\u00ean nhi\u00ean v\u00e0 h\u1eefu c\u01a1, d\u00f9ng \u0111\u01b0\u1ee3c cho c\u1ea3 tr\u1ebb s\u01a1 sinh. <\/p>\n\n\n\n<p>\u0110\u01b0\u1ee3c s\u1ea3n xu\u1ea5t t\u1ea1i Ph\u00e1p v\u00e0 c\u00f3 h\u00ecnh \u1ea3nh c\u1ee7a t\u00e1c ph\u1ea9m c\u00f9ng t\u00ean c\u1ee7a nh\u00e0 v\u0103n Saint Exup\u00e9ry, Le Petit Prince cung c\u1ea5p m\u1ed9t d\u00f2ng s\u1ea3n ph\u1ea9m t\u00f4n tr\u1ecdng c\u00e1c gi\u00e1 tr\u1ecb \u0111\u1ea1o \u0111\u1ee9c c\u1ee7a vi\u1ec7c s\u1eed d\u1ee5ng s\u1ea3n ph\u1ea9m h\u1eefu c\u01a1. <\/p>\n\n\n\n<p>T\u1ea5t c\u1ea3 c\u00e1c s\u1ea3n ph\u1ea9m \u0111\u1ec1u ch\u1ee9a Th\u00e0nh ph\u1ea7n t\u1ef1 nhi\u00ean c\u00f9ng v\u1edbi chi\u1ebft xu\u1ea5t kim ch\u1ea9n th\u1ea3o h\u1eefu c\u01a1 (Calendula) v\u00e0 mang Nh\u00e3n h\u1eefu c\u01a1 Cosmos.<\/p>\n\n\n<div class=\"wc-block-grid wp-block-product-category wc-block-product-category has-3-columns has-aligned-buttons\"><ul class=\"wc-block-grid__products\"><li class=\"wc-block-grid__product\">\n\t\t\t\t<a href=\"https:\/\/www.biowink.com.vn\/index.php\/produit\/sua-tam-bao-ve-da-voi-chiet-xuat-kim-chan-thao-huu-co\/\" class=\"wc-block-grid__product-link\">\n\t\t\t\t\t<div class=\"wc-block-grid__product-image\"><img width=\"300\" height=\"457\" src=\"https:\/\/www.biowink.com.vn\/wp-content\/uploads\/2020\/10\/gel-petit-prince-300x457.png\" class=\"attachment-woocommerce_thumbnail size-woocommerce_thumbnail\" alt=\"\" loading=\"lazy\" \/><\/div>\n\t\t\t\t\t<div class=\"wc-block-grid__product-title\">S\u1eeeA T\u1eaeM B\u1ea2O V\u1ec6 DA  v\u1edbi chi\u1ebft xu\u1ea5t kim ch\u1ea9n th\u1ea3o h\u1eefu c\u01a1<\/div>\n\t\t\t\t<\/a>\n\t\t\t\t\n\t\t\t\t<div class=\"wc-block-grid__product-price price\"><span class=\"woocommerce-Price-amount amount\"><span class=\"woocommerce-Price-currencySymbol\">&#8363;<\/span>249,000.00<\/span><\/div>\n\t\t\t\t\n\t\t\t\t<div class=\"wp-block-button wc-block-grid__product-add-to-cart\"><a href=\"?add-to-cart=13423\" aria-label=\"Add &ldquo;S\u1eeeA T\u1eaeM B\u1ea2O V\u1ec6 DA  v\u1edbi chi\u1ebft xu\u1ea5t kim ch\u1ea9n th\u1ea3o h\u1eefu c\u01a1&rdquo; to your basket\" data-quantity=\"1\" data-product_id=\"13423\" data-product_sku=\"B-4500011\" rel=\"nofollow\" class=\"wp-block-button__link add_to_cart_button ajax_add_to_cart\">Add to basket<\/a><\/div>\n\t\t\t<\/li><li class=\"wc-block-grid__product\">\n\t\t\t\t<a href=\"https:\/\/www.biowink.com.vn\/index.php\/produit\/dau-goi-diu-nhe-khong-lam-cay-mat\/\" class=\"wc-block-grid__product-link\">\n\t\t\t\t\t<div class=\"wc-block-grid__product-image\"><img width=\"300\" height=\"457\" src=\"https:\/\/www.biowink.com.vn\/wp-content\/uploads\/2020\/10\/1000x1000_lepetitprince_shampoing-cal-300x457.png\" class=\"attachment-woocommerce_thumbnail size-woocommerce_thumbnail\" alt=\"\" loading=\"lazy\" \/><\/div>\n\t\t\t\t\t<div class=\"wc-block-grid__product-title\">D\u1ea7u g\u1ed9i d\u1ecbu nh\u1eb9 kh\u00f4ng l\u00e0m cay m\u1eaft<\/div>\n\t\t\t\t<\/a>\n\t\t\t\t\n\t\t\t\t<div class=\"wc-block-grid__product-price price\"><span class=\"woocommerce-Price-amount amount\"><span class=\"woocommerce-Price-currencySymbol\">&#8363;<\/span>249,000.00<\/span><\/div>\n\t\t\t\t\n\t\t\t\t<div class=\"wp-block-button wc-block-grid__product-add-to-cart\"><a href=\"?add-to-cart=13418\" aria-label=\"Add &ldquo;D\u1ea7u g\u1ed9i d\u1ecbu nh\u1eb9 kh\u00f4ng l\u00e0m cay m\u1eaft&rdquo; to your basket\" data-quantity=\"1\" data-product_id=\"13418\" data-product_sku=\"B-4500111\" rel=\"nofollow\" class=\"wp-block-button__link add_to_cart_button ajax_add_to_cart\">Add to basket<\/a><\/div>\n\t\t\t<\/li><\/ul><\/div>\n\n\n<p><\/p>\n","protected":false},"excerpt":{"rendered":"<p>S\u1ea3n ph\u1ea9m ch\u0103m s\u00f3c tr\u1ebb em ho\u00e0n to\u00e0n thi\u00ean nhi\u00ean v\u00e0 h\u1eefu c\u01a1 Le Petit Prince l\u00e0 d\u00f2ng s\u1ea3n ph\u1ea9m ch\u0103m s\u00f3c tr\u1ebb em ho\u00e0n to\u00e0n thi\u00ean nhi\u00ean v\u00e0 h\u1eefu c\u01a1, d\u00f9ng \u0111\u01b0\u1ee3c cho c\u1ea3 tr\u1ebb s\u01a1 sinh. \u0110\u01b0\u1ee3c s\u1ea3n xu\u1ea5t t\u1ea1i Ph\u00e1p v\u00e0 c\u00f3 h\u00ecnh \u1ea3nh c\u1ee7a t\u00e1c ph\u1ea9m c\u00f9ng t\u00ean c\u1ee7a nh\u00e0 v\u0103n &hellip; <\/p>\n","protected":false},"author":1,"featured_media":0,"parent":0,"menu_order":0,"comment_status":"closed","ping_status":"closed","template":"","meta":[],"yoast_head":"<!-- This site is optimized with the Yoast SEO plugin v15.5 - https:\/\/yoast.com\/wordpress\/plugins\/seo\/ -->\n<title>Petit Prince - Bio Wink Vietnam<\/title>\n<meta name=\"description\" content=\"Le Petit Prince l\u00e0 d\u00f2ng s\u1ea3n ph\u1ea9m ch\u0103m s\u00f3c tr\u1ebb em ho\u00e0n to\u00e0n thi\u00ean nhi\u00ean v\u00e0 h\u1eefu c\u01a1, d\u00f9ng \u0111\u01b0\u1ee3c cho c\u1ea3 tr\u1ebb s\u01a1 sinh.\" \/>\n<meta name=\"robots\" content=\"index, follow, max-snippet:-1, max-image-preview:large, max-video-preview:-1\" \/>\n<link rel=\"canonical\" href=\"https:\/\/www.biowink.com.vn\/index.php\/petit-prince\/\" \/>\n<meta property=\"og:locale\" content=\"en_GB\" \/>\n<meta property=\"og:type\" content=\"article\" \/>\n<meta property=\"og:title\" content=\"Petit Prince - Bio Wink Vietnam\" \/>\n<meta property=\"og:description\" content=\"Le Petit Prince l\u00e0 d\u00f2ng s\u1ea3n ph\u1ea9m ch\u0103m s\u00f3c tr\u1ebb em ho\u00e0n to\u00e0n thi\u00ean nhi\u00ean v\u00e0 h\u1eefu c\u01a1, d\u00f9ng \u0111\u01b0\u1ee3c cho c\u1ea3 tr\u1ebb s\u01a1 sinh.\" \/>\n<meta property=\"og:url\" content=\"https:\/\/www.biowink.com.vn\/index.php\/petit-prince\/\" \/>\n<meta property=\"og:site_name\" content=\"Bio Wink Vietnam\" \/>\n<meta property=\"article:publisher\" content=\"https:\/\/www.facebook.com\/biowinkvn\/\" \/>\n<meta property=\"article:modified_time\" content=\"2020-12-02T05:52:50+00:00\" \/>\n<meta property=\"og:image\" content=\"http:\/\/www.biowink.com.vn\/wp-content\/uploads\/2020\/10\/Petit-Prince-1024x724.jpg\" \/>\n<meta name=\"twitter:card\" content=\"summary_large_image\" \/>\n<meta name=\"twitter:label1\" content=\"Estimated reading time\">\n\t<meta name=\"twitter:data1\" content=\"1 minute\">\n<script type=\"application\/ld+json\" class=\"yoast-schema-graph\">{\"@context\":\"https:\/\/schema.org\",\"@graph\":[{\"@type\":\"Organization\",\"@id\":\"https:\/\/www.biowink.com.vn\/#organization\",\"name\":\"Bio Wink Vi\\u1ec7t Nam\",\"url\":\"https:\/\/www.biowink.com.vn\/\",\"sameAs\":[\"https:\/\/www.facebook.com\/biowinkvn\/\",\"https:\/\/www.instagram.com\/biowinkinvietnam\"],\"logo\":{\"@type\":\"ImageObject\",\"@id\":\"https:\/\/www.biowink.com.vn\/#logo\",\"inLanguage\":\"en-GB\",\"url\":\"https:\/\/www.biowink.com.vn\/wp-content\/uploads\/2019\/10\/logo-biowink-VN-KR.jpg\",\"width\":1600,\"height\":1600,\"caption\":\"Bio Wink Vi\\u1ec7t Nam\"},\"image\":{\"@id\":\"https:\/\/www.biowink.com.vn\/#logo\"}},{\"@type\":\"WebSite\",\"@id\":\"https:\/\/www.biowink.com.vn\/#website\",\"url\":\"https:\/\/www.biowink.com.vn\/\",\"name\":\"Bio Wink Vietnam\",\"description\":\"\",\"publisher\":{\"@id\":\"https:\/\/www.biowink.com.vn\/#organization\"},\"potentialAction\":[{\"@type\":\"SearchAction\",\"target\":\"https:\/\/www.biowink.com.vn\/?s={search_term_string}\",\"query-input\":\"required name=search_term_string\"}],\"inLanguage\":\"en-GB\"},{\"@type\":\"ImageObject\",\"@id\":\"https:\/\/www.biowink.com.vn\/index.php\/petit-prince\/#primaryimage\",\"inLanguage\":\"en-GB\",\"url\":\"http:\/\/www.biowink.com.vn\/wp-content\/uploads\/2020\/10\/Petit-Prince-1024x724.jpg\"},{\"@type\":\"WebPage\",\"@id\":\"https:\/\/www.biowink.com.vn\/index.php\/petit-prince\/#webpage\",\"url\":\"https:\/\/www.biowink.com.vn\/index.php\/petit-prince\/\",\"name\":\"Petit Prince - Bio Wink Vietnam\",\"isPartOf\":{\"@id\":\"https:\/\/www.biowink.com.vn\/#website\"},\"primaryImageOfPage\":{\"@id\":\"https:\/\/www.biowink.com.vn\/index.php\/petit-prince\/#primaryimage\"},\"datePublished\":\"2020-10-02T07:06:15+00:00\",\"dateModified\":\"2020-12-02T05:52:50+00:00\",\"description\":\"Le Petit Prince l\\u00e0 d\\u00f2ng s\\u1ea3n ph\\u1ea9m ch\\u0103m s\\u00f3c tr\\u1ebb em ho\\u00e0n to\\u00e0n thi\\u00ean nhi\\u00ean v\\u00e0 h\\u1eefu c\\u01a1, d\\u00f9ng \\u0111\\u01b0\\u1ee3c cho c\\u1ea3 tr\\u1ebb s\\u01a1 sinh.\",\"inLanguage\":\"en-GB\",\"potentialAction\":[{\"@type\":\"ReadAction\",\"target\":[\"https:\/\/www.biowink.com.vn\/index.php\/petit-prince\/\"]}]}]}<\/script>\n<!-- \/ Yoast SEO plugin. -->","_links":{"self":[{"href":"https:\/\/www.biowink.com.vn\/index.php\/wp-json\/wp\/v2\/pages\/13356"}],"collection":[{"href":"https:\/\/www.biowink.com.vn\/index.php\/wp-json\/wp\/v2\/pages"}],"about":[{"href":"https:\/\/www.biowink.com.vn\/index.php\/wp-json\/wp\/v2\/types\/page"}],"author":[{"embeddable":true,"href":"https:\/\/www.biowink.com.vn\/index.php\/wp-json\/wp\/v2\/users\/1"}],"replies":[{"embeddable":true,"href":"https:\/\/www.biowink.com.vn\/index.php\/wp-json\/wp\/v2\/comments?post=13356"}],"version-history":[{"count":5,"href":"https:\/\/www.biowink.com.vn\/index.php\/wp-json\/wp\/v2\/pages\/13356\/revisions"}],"predecessor-version":[{"id":16123,"href":"https:\/\/www.biowink.com.vn\/index.php\/wp-json\/wp\/v2\/pages\/13356\/revisions\/16123"}],"wp:attachment":[{"href":"https:\/\/www.biowink.com.vn\/index.php\/wp-json\/wp\/v2\/media?parent=13356"}],"curies":[{"name":"wp","href":"https:\/\/api.w.org\/{rel}","templated":true}]}}