{"id":13370,"date":"2020-10-02T12:14:34","date_gmt":"2020-10-02T10:14:34","guid":{"rendered":"http:\/\/www.biowink.com.vn\/?page_id=13370"},"modified":"2020-12-02T06:47:58","modified_gmt":"2020-12-02T05:47:58","slug":"manetik","status":"publish","type":"page","link":"https:\/\/www.biowink.com.vn\/index.php\/manetik\/","title":{"rendered":"Manetik"},"content":{"rendered":"\n<figure class=\"wp-block-image size-large\"><img loading=\"lazy\" width=\"1024\" height=\"384\" src=\"http:\/\/www.biowink.com.vn\/wp-content\/uploads\/2020\/12\/4-1024x384.jpg\" alt=\"\" class=\"wp-image-16120\" srcset=\"https:\/\/www.biowink.com.vn\/wp-content\/uploads\/2020\/12\/4-1024x384.jpg 1024w, https:\/\/www.biowink.com.vn\/wp-content\/uploads\/2020\/12\/4-300x113.jpg 300w, https:\/\/www.biowink.com.vn\/wp-content\/uploads\/2020\/12\/4-768x288.jpg 768w, https:\/\/www.biowink.com.vn\/wp-content\/uploads\/2020\/12\/4-1536x576.jpg 1536w, https:\/\/www.biowink.com.vn\/wp-content\/uploads\/2020\/12\/4-2048x768.jpg 2048w, https:\/\/www.biowink.com.vn\/wp-content\/uploads\/2020\/12\/4-160x60.jpg 160w, https:\/\/www.biowink.com.vn\/wp-content\/uploads\/2020\/12\/4-600x225.jpg 600w\" sizes=\"(max-width: 1024px) 100vw, 1024px\" \/><\/figure>\n\n\n\n<p>S\u1ea3n ph\u1ea9m Manetik ch\u0103m s\u00f3c da \u0111\u01b0\u1ee3c ch\u1ee9ng nh\u1eadn h\u1eefu c\u01a1 d\u00e0nh cho nam gi\u1edbi tr\u1ebb tu\u1ed5i.<\/p>\n\n\n\n<p>Manetik \u0111\u01b0\u1ee3c thi\u1ebft k\u1ebf cho nam gi\u1edbi t\u1eeb 14 \u0111\u1ebfn 20. <\/p>\n\n\n\n<p>\u0110\u00e2y l\u00e0 th\u01b0\u01a1ng hi\u1ec7u m\u1ef9 ph\u1ea9m h\u1eefu c\u01a1 \u0111\u1ea7u ti\u00ean d\u00e0nh cho nam gi\u1edbi. M\u1ee5c ti\u00eau c\u1ee7a ch\u00fang t\u00f4i ? <\/p>\n\n\n\n<p>Cu\u1ed1i c\u00f9ng \u0111\u00e3 c\u00f3 th\u1ec3 mang \u0111\u1ebfn cho nam gi\u1edbi tr\u1ebb tu\u1ed5i gi\u1ea3i ph\u00e1p ch\u0103m s\u00f3c da l\u00e0nh m\u1ea1nh v\u00e0 hi\u1ec7u qu\u1ea3 \u0111\u1ec3 \u0111\u1ed1i ph\u00f3 v\u1edbi c\u00e1c v\u1ea5n \u0111\u1ec1 v\u1ec1 da.<\/p>\n\n\n<div class=\"wc-block-grid wp-block-product-category wc-block-product-category has-3-columns has-aligned-buttons\"><ul class=\"wc-block-grid__products\"><li class=\"wc-block-grid__product\">\n\t\t\t\t<a href=\"https:\/\/www.biowink.com.vn\/index.php\/produit\/pure-player-sua-rua-mat-tao-bot\/\" class=\"wc-block-grid__product-link\">\n\t\t\t\t\t<div class=\"wc-block-grid__product-image\"><img width=\"300\" height=\"457\" src=\"https:\/\/www.biowink.com.vn\/wp-content\/uploads\/2020\/10\/mousse-nettoyante-bio-pure-player-300x457.png\" class=\"attachment-woocommerce_thumbnail size-woocommerce_thumbnail\" alt=\"\" loading=\"lazy\" \/><\/div>\n\t\t\t\t\t<div class=\"wc-block-grid__product-title\">PURE PLAYER S\u1eefa r\u1eeda m\u1eb7t t\u1ea1o b\u1ecdt<\/div>\n\t\t\t\t<\/a>\n\t\t\t\t\n\t\t\t\t<div class=\"wc-block-grid__product-price price\"><span class=\"woocommerce-Price-amount amount\"><span class=\"woocommerce-Price-currencySymbol\">&#8363;<\/span>312,000.00<\/span><\/div>\n\t\t\t\t\n\t\t\t\t<div class=\"wp-block-button wc-block-grid__product-add-to-cart\"><a href=\"?add-to-cart=13417\" aria-label=\"Add &ldquo;PURE PLAYER S\u1eefa r\u1eeda m\u1eb7t t\u1ea1o b\u1ecdt&rdquo; to your basket\" data-quantity=\"1\" data-product_id=\"13417\" data-product_sku=\"B-4111738\" rel=\"nofollow\" class=\"wp-block-button__link add_to_cart_button ajax_add_to_cart\">Add to basket<\/a><\/div>\n\t\t\t<\/li><li class=\"wc-block-grid__product\">\n\t\t\t\t<a href=\"https:\/\/www.biowink.com.vn\/index.php\/produit\/spot-hunter-thanh-gel-tri-mun-dieu-tri-mun-hieu-qua\/\" class=\"wc-block-grid__product-link\">\n\t\t\t\t\t<div class=\"wc-block-grid__product-image\"><img width=\"300\" height=\"457\" src=\"https:\/\/www.biowink.com.vn\/wp-content\/uploads\/2020\/10\/stylo-gel-anti-imperfections-bio-spot-hunter-300x457.png\" class=\"attachment-woocommerce_thumbnail size-woocommerce_thumbnail\" alt=\"\" loading=\"lazy\" \/><\/div>\n\t\t\t\t\t<div class=\"wc-block-grid__product-title\">SPOT HUNTER THANH GEL TR\u1eca M\u1ee4N  \u0110i\u1ec1u tr\u1ecb m\u1ee5n hi\u1ec7u qu\u1ea3<\/div>\n\t\t\t\t<\/a>\n\t\t\t\t\n\t\t\t\t<div class=\"wc-block-grid__product-price price\"><span class=\"woocommerce-Price-amount amount\"><span class=\"woocommerce-Price-currencySymbol\">&#8363;<\/span>312,000.00<\/span><\/div>\n\t\t\t\t\n\t\t\t\t<div class=\"wp-block-button wc-block-grid__product-add-to-cart\"><a href=\"?add-to-cart=13374\" aria-label=\"Add &ldquo;SPOT HUNTER THANH GEL TR\u1eca M\u1ee4N  \u0110i\u1ec1u tr\u1ecb m\u1ee5n hi\u1ec7u qu\u1ea3&rdquo; to your basket\" data-quantity=\"1\" data-product_id=\"13374\" data-product_sku=\"B-4112017\" rel=\"nofollow\" class=\"wp-block-button__link add_to_cart_button ajax_add_to_cart\">Add to basket<\/a><\/div>\n\t\t\t<\/li><\/ul><\/div>","protected":false},"excerpt":{"rendered":"<p>S\u1ea3n ph\u1ea9m Manetik ch\u0103m s\u00f3c da \u0111\u01b0\u1ee3c ch\u1ee9ng nh\u1eadn h\u1eefu c\u01a1 d\u00e0nh cho nam gi\u1edbi tr\u1ebb tu\u1ed5i. Manetik \u0111\u01b0\u1ee3c thi\u1ebft k\u1ebf cho nam gi\u1edbi t\u1eeb 14 \u0111\u1ebfn 20. \u0110\u00e2y l\u00e0 th\u01b0\u01a1ng hi\u1ec7u m\u1ef9 ph\u1ea9m h\u1eefu c\u01a1 \u0111\u1ea7u ti\u00ean d\u00e0nh cho nam gi\u1edbi. M\u1ee5c ti\u00eau c\u1ee7a ch\u00fang t\u00f4i ? Cu\u1ed1i c\u00f9ng \u0111\u00e3 c\u00f3 th\u1ec3 mang \u0111\u1ebfn &hellip; <\/p>\n","protected":false},"author":1,"featured_media":0,"parent":0,"menu_order":0,"comment_status":"closed","ping_status":"closed","template":"","meta":[],"yoast_head":"<!-- This site is optimized with the Yoast SEO plugin v15.5 - https:\/\/yoast.com\/wordpress\/plugins\/seo\/ -->\n<title>Manetik - Bio Wink Vietnam<\/title>\n<meta name=\"description\" content=\"S\u1ea3n ph\u1ea9m Manetik ch\u0103m s\u00f3c da \u0111\u01b0\u1ee3c ch\u1ee9ng nh\u1eadn h\u1eefu c\u01a1 d\u00e0nh cho nam gi\u1edbi tr\u1ebb tu\u1ed5i. Manetik \u0111\u01b0\u1ee3c thi\u1ebft k\u1ebf cho nam gi\u1edbi t\u1eeb 14 \u0111\u1ebfn 20.\" \/>\n<meta name=\"robots\" content=\"index, follow, max-snippet:-1, max-image-preview:large, max-video-preview:-1\" \/>\n<link rel=\"canonical\" href=\"https:\/\/www.biowink.com.vn\/index.php\/manetik\/\" \/>\n<meta property=\"og:locale\" content=\"en_GB\" \/>\n<meta property=\"og:type\" content=\"article\" \/>\n<meta property=\"og:title\" content=\"Manetik - Bio Wink Vietnam\" \/>\n<meta property=\"og:description\" content=\"S\u1ea3n ph\u1ea9m Manetik ch\u0103m s\u00f3c da \u0111\u01b0\u1ee3c ch\u1ee9ng nh\u1eadn h\u1eefu c\u01a1 d\u00e0nh cho nam gi\u1edbi tr\u1ebb tu\u1ed5i. Manetik \u0111\u01b0\u1ee3c thi\u1ebft k\u1ebf cho nam gi\u1edbi t\u1eeb 14 \u0111\u1ebfn 20.\" \/>\n<meta property=\"og:url\" content=\"https:\/\/www.biowink.com.vn\/index.php\/manetik\/\" \/>\n<meta property=\"og:site_name\" content=\"Bio Wink Vietnam\" \/>\n<meta property=\"article:publisher\" content=\"https:\/\/www.facebook.com\/biowinkvn\/\" \/>\n<meta property=\"article:modified_time\" content=\"2020-12-02T05:47:58+00:00\" \/>\n<meta property=\"og:image\" content=\"http:\/\/www.biowink.com.vn\/wp-content\/uploads\/2020\/12\/4-1024x384.jpg\" \/>\n<meta name=\"twitter:card\" content=\"summary_large_image\" \/>\n<meta name=\"twitter:label1\" content=\"Estimated reading time\">\n\t<meta name=\"twitter:data1\" content=\"0 minutes\">\n<script type=\"application\/ld+json\" class=\"yoast-schema-graph\">{\"@context\":\"https:\/\/schema.org\",\"@graph\":[{\"@type\":\"Organization\",\"@id\":\"https:\/\/www.biowink.com.vn\/#organization\",\"name\":\"Bio Wink Vi\\u1ec7t Nam\",\"url\":\"https:\/\/www.biowink.com.vn\/\",\"sameAs\":[\"https:\/\/www.facebook.com\/biowinkvn\/\",\"https:\/\/www.instagram.com\/biowinkinvietnam\"],\"logo\":{\"@type\":\"ImageObject\",\"@id\":\"https:\/\/www.biowink.com.vn\/#logo\",\"inLanguage\":\"en-GB\",\"url\":\"https:\/\/www.biowink.com.vn\/wp-content\/uploads\/2019\/10\/logo-biowink-VN-KR.jpg\",\"width\":1600,\"height\":1600,\"caption\":\"Bio Wink Vi\\u1ec7t Nam\"},\"image\":{\"@id\":\"https:\/\/www.biowink.com.vn\/#logo\"}},{\"@type\":\"WebSite\",\"@id\":\"https:\/\/www.biowink.com.vn\/#website\",\"url\":\"https:\/\/www.biowink.com.vn\/\",\"name\":\"Bio Wink Vietnam\",\"description\":\"\",\"publisher\":{\"@id\":\"https:\/\/www.biowink.com.vn\/#organization\"},\"potentialAction\":[{\"@type\":\"SearchAction\",\"target\":\"https:\/\/www.biowink.com.vn\/?s={search_term_string}\",\"query-input\":\"required name=search_term_string\"}],\"inLanguage\":\"en-GB\"},{\"@type\":\"ImageObject\",\"@id\":\"https:\/\/www.biowink.com.vn\/index.php\/manetik\/#primaryimage\",\"inLanguage\":\"en-GB\",\"url\":\"http:\/\/www.biowink.com.vn\/wp-content\/uploads\/2020\/12\/4-1024x384.jpg\"},{\"@type\":\"WebPage\",\"@id\":\"https:\/\/www.biowink.com.vn\/index.php\/manetik\/#webpage\",\"url\":\"https:\/\/www.biowink.com.vn\/index.php\/manetik\/\",\"name\":\"Manetik - Bio Wink Vietnam\",\"isPartOf\":{\"@id\":\"https:\/\/www.biowink.com.vn\/#website\"},\"primaryImageOfPage\":{\"@id\":\"https:\/\/www.biowink.com.vn\/index.php\/manetik\/#primaryimage\"},\"datePublished\":\"2020-10-02T10:14:34+00:00\",\"dateModified\":\"2020-12-02T05:47:58+00:00\",\"description\":\"S\\u1ea3n ph\\u1ea9m Manetik ch\\u0103m s\\u00f3c da \\u0111\\u01b0\\u1ee3c ch\\u1ee9ng nh\\u1eadn h\\u1eefu c\\u01a1 d\\u00e0nh cho nam gi\\u1edbi tr\\u1ebb tu\\u1ed5i. Manetik \\u0111\\u01b0\\u1ee3c thi\\u1ebft k\\u1ebf cho nam gi\\u1edbi t\\u1eeb 14 \\u0111\\u1ebfn 20.\",\"inLanguage\":\"en-GB\",\"potentialAction\":[{\"@type\":\"ReadAction\",\"target\":[\"https:\/\/www.biowink.com.vn\/index.php\/manetik\/\"]}]}]}<\/script>\n<!-- \/ Yoast SEO plugin. -->","_links":{"self":[{"href":"https:\/\/www.biowink.com.vn\/index.php\/wp-json\/wp\/v2\/pages\/13370"}],"collection":[{"href":"https:\/\/www.biowink.com.vn\/index.php\/wp-json\/wp\/v2\/pages"}],"about":[{"href":"https:\/\/www.biowink.com.vn\/index.php\/wp-json\/wp\/v2\/types\/page"}],"author":[{"embeddable":true,"href":"https:\/\/www.biowink.com.vn\/index.php\/wp-json\/wp\/v2\/users\/1"}],"replies":[{"embeddable":true,"href":"https:\/\/www.biowink.com.vn\/index.php\/wp-json\/wp\/v2\/comments?post=13370"}],"version-history":[{"count":4,"href":"https:\/\/www.biowink.com.vn\/index.php\/wp-json\/wp\/v2\/pages\/13370\/revisions"}],"predecessor-version":[{"id":16121,"href":"https:\/\/www.biowink.com.vn\/index.php\/wp-json\/wp\/v2\/pages\/13370\/revisions\/16121"}],"wp:attachment":[{"href":"https:\/\/www.biowink.com.vn\/index.php\/wp-json\/wp\/v2\/media?parent=13370"}],"curies":[{"name":"wp","href":"https:\/\/api.w.org\/{rel}","templated":true}]}}