{"id":16456,"date":"2020-12-09T08:53:59","date_gmt":"2020-12-09T07:53:59","guid":{"rendered":"http:\/\/www.biowink.com.vn\/?page_id=16456"},"modified":"2020-12-09T09:00:05","modified_gmt":"2020-12-09T08:00:05","slug":"ong-hut-organic-straw","status":"publish","type":"page","link":"https:\/\/www.biowink.com.vn\/index.php\/ong-hut-organic-straw\/","title":{"rendered":"\u1ed0ng h\u00fat ORGANIC STRAW"},"content":{"rendered":"\n<figure class=\"wp-block-image size-large\"><img loading=\"lazy\" width=\"640\" height=\"334\" src=\"http:\/\/www.biowink.com.vn\/wp-content\/uploads\/2020\/03\/C3TZR1g81UNaPs7vzNXHueW5ZM76DSHWEY7onmfLxcK2iNuUjY7GMe6RYhEX8oeE5fWVshJ4GhDCFJbzkWCWNvUuRKR2BmvUH6FcWWD3PPQ3uh4MAkPoE9L.png\" alt=\"\" class=\"wp-image-5095\" srcset=\"https:\/\/www.biowink.com.vn\/wp-content\/uploads\/2020\/03\/C3TZR1g81UNaPs7vzNXHueW5ZM76DSHWEY7onmfLxcK2iNuUjY7GMe6RYhEX8oeE5fWVshJ4GhDCFJbzkWCWNvUuRKR2BmvUH6FcWWD3PPQ3uh4MAkPoE9L.png 640w, https:\/\/www.biowink.com.vn\/wp-content\/uploads\/2020\/03\/C3TZR1g81UNaPs7vzNXHueW5ZM76DSHWEY7onmfLxcK2iNuUjY7GMe6RYhEX8oeE5fWVshJ4GhDCFJbzkWCWNvUuRKR2BmvUH6FcWWD3PPQ3uh4MAkPoE9L-300x157.png 300w, https:\/\/www.biowink.com.vn\/wp-content\/uploads\/2020\/03\/C3TZR1g81UNaPs7vzNXHueW5ZM76DSHWEY7onmfLxcK2iNuUjY7GMe6RYhEX8oeE5fWVshJ4GhDCFJbzkWCWNvUuRKR2BmvUH6FcWWD3PPQ3uh4MAkPoE9L-115x60.png 115w, https:\/\/www.biowink.com.vn\/wp-content\/uploads\/2020\/03\/C3TZR1g81UNaPs7vzNXHueW5ZM76DSHWEY7onmfLxcK2iNuUjY7GMe6RYhEX8oeE5fWVshJ4GhDCFJbzkWCWNvUuRKR2BmvUH6FcWWD3PPQ3uh4MAkPoE9L-600x313.png 600w\" sizes=\"(max-width: 640px) 100vw, 640px\" \/><\/figure>\n\n\n\n<h4><br>\u1ed0ng h\u00fat ORGANIC STRAW th\u1ef1c v\u1eadt 100% h\u1eefu c\u01a1<\/h4>\n\n\n\n<ul><li>C\u1eaft ra t\u1eeb th\u00e2n c\u00e2y c\u1ecf b\u00e0ng, m\u1ed9t lo\u1ea1i c\u00e2y n\u1eeda ng\u1eadp n\u01b0\u1edbc<\/li><li>Kh\u00f4ng h\u00f2a tan trong ch\u1ea5t l\u1ecfng n\u00f3ng ho\u1eb7c l\u1ea1nh, ngay c\u1ea3 sau khi ng\u00e2m l\u00e2u<\/li><li>Kh\u00f4ng l\u00e0m thay \u0111\u1ed5i h\u01b0\u01a1ng v\u1ecb \u0111\u1ed3 u\u1ed1ng c\u1ee7a b\u1ea1n<\/li><li>M\u1ed9t c\u1ea3m gi\u00e1c th\u1eadt d\u1ec5 ch\u1ecbu khi ng\u1eadm trong mi\u1ec7ng<\/li><\/ul>\n\n\n\n<h4>T\u1ef1 nhi\u00ean, kh\u00f4ng ch\u1ea5t b\u1ea3o qu\u1ea3n<\/h4>\n\n\n\n<ul><li>C\u00e2y tr\u1ed3ng t\u1ef1 nhi\u00ean kh\u00f4ng ph\u00e2n b\u00f3n ho\u1eb7c thu\u1ed1c tr\u1eeb s\u00e2u<\/li><li>100% th\u1ef1c v\u1eadt, kh\u00f4ng th\u00eam s\u1ea3n ph\u1ea9m<br>D\u00f9ng m\u1ed9t l\u1ea7n, c\u00f3 th\u1ec3 ph\u00e2n h\u1ee7y v\u00e0 ph\u00e2n h\u1ee7y sinh h\u1ecdc<\/li><li>Ph\u00e2n h\u1ee7y sinh h\u1ecdc trong kho\u1ea3ng hai tu\u1ea7n<\/li><li>L\u00fd t\u01b0\u1edfng d\u00f9ng l\u00e0m ph\u00e2n b\u00f3n h\u1ed7n h\u1ee3p<\/li><\/ul>\n\n\n\n<h4>M\u1ed9t s\u1ea3n ph\u1ea9m th\u01b0\u01a1ng m\u1ea1i c\u00f4ng b\u1eb1ng<\/h4>\n\n\n\n<figure class=\"wp-block-gallery columns-3 is-cropped\"><ul class=\"blocks-gallery-grid\"><li class=\"blocks-gallery-item\"><figure><img loading=\"lazy\" width=\"1024\" height=\"683\" src=\"http:\/\/www.biowink.com.vn\/wp-content\/uploads\/2020\/03\/all-boxes-9-1024x683.jpg\" alt=\"\" data-id=\"5093\" data-full-url=\"http:\/\/www.biowink.com.vn\/wp-content\/uploads\/2020\/03\/all-boxes-9.jpg\" data-link=\"http:\/\/www.biowink.com.vn\/?attachment_id=5093\" class=\"wp-image-5093\" srcset=\"https:\/\/www.biowink.com.vn\/wp-content\/uploads\/2020\/03\/all-boxes-9-1024x683.jpg 1024w, https:\/\/www.biowink.com.vn\/wp-content\/uploads\/2020\/03\/all-boxes-9-300x200.jpg 300w, https:\/\/www.biowink.com.vn\/wp-content\/uploads\/2020\/03\/all-boxes-9-768x512.jpg 768w, https:\/\/www.biowink.com.vn\/wp-content\/uploads\/2020\/03\/all-boxes-9-450x300.jpg 450w, https:\/\/www.biowink.com.vn\/wp-content\/uploads\/2020\/03\/all-boxes-9-90x60.jpg 90w, https:\/\/www.biowink.com.vn\/wp-content\/uploads\/2020\/03\/all-boxes-9-600x400.jpg 600w\" sizes=\"(max-width: 1024px) 100vw, 1024px\" \/><\/figure><\/li><li class=\"blocks-gallery-item\"><figure><img loading=\"lazy\" width=\"683\" height=\"1024\" src=\"http:\/\/www.biowink.com.vn\/wp-content\/uploads\/2020\/03\/OS25S-1-683x1024.jpg\" alt=\"\" data-id=\"5083\" data-full-url=\"http:\/\/www.biowink.com.vn\/wp-content\/uploads\/2020\/03\/OS25S-1.jpg\" data-link=\"http:\/\/www.biowink.com.vn\/?attachment_id=5083\" class=\"wp-image-5083\" srcset=\"https:\/\/www.biowink.com.vn\/wp-content\/uploads\/2020\/03\/OS25S-1-683x1024.jpg 683w, https:\/\/www.biowink.com.vn\/wp-content\/uploads\/2020\/03\/OS25S-1-200x300.jpg 200w, https:\/\/www.biowink.com.vn\/wp-content\/uploads\/2020\/03\/OS25S-1-768x1152.jpg 768w, https:\/\/www.biowink.com.vn\/wp-content\/uploads\/2020\/03\/OS25S-1-40x60.jpg 40w, https:\/\/www.biowink.com.vn\/wp-content\/uploads\/2020\/03\/OS25S-1-600x900.jpg 600w\" sizes=\"(max-width: 683px) 100vw, 683px\" \/><\/figure><\/li><li class=\"blocks-gallery-item\"><figure><img loading=\"lazy\" width=\"518\" height=\"346\" src=\"http:\/\/www.biowink.com.vn\/wp-content\/uploads\/2020\/03\/500-x16s-1.png\" alt=\"\" data-id=\"5076\" data-full-url=\"http:\/\/www.biowink.com.vn\/wp-content\/uploads\/2020\/03\/500-x16s-1.png\" data-link=\"http:\/\/www.biowink.com.vn\/?attachment_id=5076\" class=\"wp-image-5076\" srcset=\"https:\/\/www.biowink.com.vn\/wp-content\/uploads\/2020\/03\/500-x16s-1.png 518w, https:\/\/www.biowink.com.vn\/wp-content\/uploads\/2020\/03\/500-x16s-1-300x200.png 300w, https:\/\/www.biowink.com.vn\/wp-content\/uploads\/2020\/03\/500-x16s-1-450x300.png 450w, https:\/\/www.biowink.com.vn\/wp-content\/uploads\/2020\/03\/500-x16s-1-90x60.png 90w\" sizes=\"(max-width: 518px) 100vw, 518px\" \/><\/figure><\/li><li class=\"blocks-gallery-item\"><figure><img loading=\"lazy\" width=\"154\" height=\"143\" src=\"http:\/\/www.biowink.com.vn\/wp-content\/uploads\/2020\/03\/logo.png\" alt=\"\" data-id=\"5069\" data-full-url=\"http:\/\/www.biowink.com.vn\/wp-content\/uploads\/2020\/03\/logo.png\" data-link=\"http:\/\/www.biowink.com.vn\/?attachment_id=5069\" class=\"wp-image-5069\" srcset=\"https:\/\/www.biowink.com.vn\/wp-content\/uploads\/2020\/03\/logo.png 154w, https:\/\/www.biowink.com.vn\/wp-content\/uploads\/2020\/03\/logo-65x60.png 65w\" sizes=\"(max-width: 154px) 100vw, 154px\" \/><\/figure><\/li><li class=\"blocks-gallery-item\"><figure><img loading=\"lazy\" width=\"346\" height=\"518\" src=\"http:\/\/www.biowink.com.vn\/wp-content\/uploads\/2020\/03\/25x16s.png\" alt=\"\" data-id=\"5074\" data-full-url=\"http:\/\/www.biowink.com.vn\/wp-content\/uploads\/2020\/03\/25x16s.png\" data-link=\"http:\/\/www.biowink.com.vn\/?attachment_id=5074\" class=\"wp-image-5074\" srcset=\"https:\/\/www.biowink.com.vn\/wp-content\/uploads\/2020\/03\/25x16s.png 346w, https:\/\/www.biowink.com.vn\/wp-content\/uploads\/2020\/03\/25x16s-200x300.png 200w, https:\/\/www.biowink.com.vn\/wp-content\/uploads\/2020\/03\/25x16s-40x60.png 40w\" sizes=\"(max-width: 346px) 100vw, 346px\" \/><\/figure><\/li><li class=\"blocks-gallery-item\"><figure><img loading=\"lazy\" width=\"808\" height=\"818\" src=\"http:\/\/www.biowink.com.vn\/wp-content\/uploads\/2020\/03\/natural.png\" alt=\"\" data-id=\"5068\" data-full-url=\"http:\/\/www.biowink.com.vn\/wp-content\/uploads\/2020\/03\/natural.png\" data-link=\"http:\/\/www.biowink.com.vn\/?attachment_id=5068\" class=\"wp-image-5068\" srcset=\"https:\/\/www.biowink.com.vn\/wp-content\/uploads\/2020\/03\/natural.png 808w, https:\/\/www.biowink.com.vn\/wp-content\/uploads\/2020\/03\/natural-296x300.png 296w, https:\/\/www.biowink.com.vn\/wp-content\/uploads\/2020\/03\/natural-768x778.png 768w, https:\/\/www.biowink.com.vn\/wp-content\/uploads\/2020\/03\/natural-59x60.png 59w, https:\/\/www.biowink.com.vn\/wp-content\/uploads\/2020\/03\/natural-600x607.png 600w\" sizes=\"(max-width: 808px) 100vw, 808px\" \/><\/figure><\/li><\/ul><figcaption class=\"blocks-gallery-caption\">\u1ed0ng h\u00fat ORGANIC STRAW<\/figcaption><\/figure>\n\n\n\n<ul><li>N\u00f4ng d\u00e2n \u0111\u1ecba ph\u01b0\u01a1ng c\u00f3 th\u1ec3 \u0111\u1ed9c l\u1eadp tr\u1ed3ng c\u00e2y c\u1ecf b\u00e0ng v\u1edbi quy m\u00f4 nh\u1ecf l\u1ebb<\/li><li>Ngu\u1ed3n thu nh\u1eadp b\u1ed5 sung cho ng\u01b0\u1eddi d\u00e2n \u0111\u1ecba ph\u01b0\u01a1ng<\/li><li>L\u1ee3i nhu\u1eadn t\u1eeb vi\u1ec7c b\u00e1n c\u1ecf b\u00e0ng \u0111\u01b0\u1ee3c ph\u00e2n b\u1ed5 c\u00f4ng b\u1eb1ng (t\u1ef7 l\u1ec7 chia v\u00e0 ti\u1ec1n c\u00f4ng h\u1ee3p l\u00fd)<\/li><li>\u0110i\u1ec1u ki\u1ec7n l\u00e0m vi\u1ec7c c\u1ee7a x\u01b0\u1edfng c\u1eaft \u0111\u01b0\u1ee3c ki\u1ec3m so\u00e1t<br>C\u00f3 ba k\u00edch th\u01b0\u1edbc 12, 16 v\u00e0 20 cm trong h\u1ed9p 25,100 ho\u1eb7c 500 \u1ed1ng h\u00fat.<br>\u0110\u01b0\u1eddng k\u00ednh t\u1eeb 0,4 \u0111\u1ebfn 0,6 cm cho c\u1ea3m gi\u00e1c s\u1eed d\u1ee5ng d\u1ec5 d\u00e0ng, tho\u1ea3i m\u00e1i.<br>C\u1ecf b\u00e0ng h\u1eefu c\u01a1 t\u1ed1t nh\u1ea5t \u0111\u01b0\u1ee3c b\u1ea3o qu\u1ea3n kh\u00f4 r\u00e1o v\u00e0 d\u1ef1 tr\u1eef \u1edf n\u01a1i kh\u00f4ng c\u00f3 \u00e1nh s\u00e1ng m\u1eb7t tr\u1eddi.<br>H\u00e3y li\u00ean h\u1ec7 v\u1edbi ch\u00fang t\u00f4i n\u1ebfu b\u1ea1n c\u00f3 b\u1ea5t k\u1ef3 y\u00eau c\u1ea7u n\u00e0o v\u1ec1 \u1ed1ng h\u00fat h\u1eefu c\u01a1.<\/li><\/ul>\n\n\n\n<p>Back <a href=\"http:\/\/www.biowink.com.vn\">home page<\/a><\/p>\n","protected":false},"excerpt":{"rendered":"<p>\u1ed0ng h\u00fat ORGANIC STRAW th\u1ef1c v\u1eadt 100% h\u1eefu c\u01a1 C\u1eaft ra t\u1eeb th\u00e2n c\u00e2y c\u1ecf b\u00e0ng, m\u1ed9t lo\u1ea1i c\u00e2y n\u1eeda ng\u1eadp n\u01b0\u1edbc Kh\u00f4ng h\u00f2a tan trong ch\u1ea5t l\u1ecfng n\u00f3ng ho\u1eb7c l\u1ea1nh, ngay c\u1ea3 sau khi ng\u00e2m l\u00e2u Kh\u00f4ng l\u00e0m thay \u0111\u1ed5i h\u01b0\u01a1ng v\u1ecb \u0111\u1ed3 u\u1ed1ng c\u1ee7a b\u1ea1n M\u1ed9t c\u1ea3m gi\u00e1c th\u1eadt d\u1ec5 ch\u1ecbu khi ng\u1eadm &hellip; <\/p>\n","protected":false},"author":1,"featured_media":0,"parent":0,"menu_order":0,"comment_status":"closed","ping_status":"closed","template":"","meta":[],"yoast_head":"<!-- This site is optimized with the Yoast SEO plugin v15.5 - https:\/\/yoast.com\/wordpress\/plugins\/seo\/ -->\n<title>\u1ed0ng h\u00fat ORGANIC STRAW - Bio Wink Vietnam<\/title>\n<meta name=\"description\" content=\"C\u1eaft ra t\u1eeb th\u00e2n c\u00e2y c\u1ecf b\u00e0ng, Kh\u00f4ng h\u00f2a tan trong ch\u1ea5t l\u1ecfng, Kh\u00f4ng l\u00e0m thay \u0111\u1ed5i h\u01b0\u01a1ng v\u1ecb \u0111\u1ed3 u\u1ed1ng c\u1ee7a b\u1ea1nM\u1ed9t c\u1ea3m gi\u00e1c th\u1eadt d\u1ec5 ch\u1ecbu khi ng\u1eadm trong mi\u1ec7ng\" \/>\n<meta name=\"robots\" content=\"index, follow, max-snippet:-1, max-image-preview:large, max-video-preview:-1\" \/>\n<link rel=\"canonical\" href=\"https:\/\/www.biowink.com.vn\/index.php\/ong-hut-organic-straw\/\" \/>\n<meta property=\"og:locale\" content=\"en_GB\" \/>\n<meta property=\"og:type\" content=\"article\" \/>\n<meta property=\"og:title\" content=\"\u1ed0ng h\u00fat ORGANIC STRAW - Bio Wink Vietnam\" \/>\n<meta property=\"og:description\" content=\"C\u1eaft ra t\u1eeb th\u00e2n c\u00e2y c\u1ecf b\u00e0ng, Kh\u00f4ng h\u00f2a tan trong ch\u1ea5t l\u1ecfng, Kh\u00f4ng l\u00e0m thay \u0111\u1ed5i h\u01b0\u01a1ng v\u1ecb \u0111\u1ed3 u\u1ed1ng c\u1ee7a b\u1ea1nM\u1ed9t c\u1ea3m gi\u00e1c th\u1eadt d\u1ec5 ch\u1ecbu khi ng\u1eadm trong mi\u1ec7ng\" \/>\n<meta property=\"og:url\" content=\"https:\/\/www.biowink.com.vn\/index.php\/ong-hut-organic-straw\/\" \/>\n<meta property=\"og:site_name\" content=\"Bio Wink Vietnam\" \/>\n<meta property=\"article:publisher\" content=\"https:\/\/www.facebook.com\/biowinkvn\/\" \/>\n<meta property=\"article:modified_time\" content=\"2020-12-09T08:00:05+00:00\" \/>\n<meta property=\"og:image\" content=\"http:\/\/www.biowink.com.vn\/wp-content\/uploads\/2020\/03\/C3TZR1g81UNaPs7vzNXHueW5ZM76DSHWEY7onmfLxcK2iNuUjY7GMe6RYhEX8oeE5fWVshJ4GhDCFJbzkWCWNvUuRKR2BmvUH6FcWWD3PPQ3uh4MAkPoE9L.png\" \/>\n<meta name=\"twitter:card\" content=\"summary_large_image\" \/>\n<meta name=\"twitter:label1\" content=\"Estimated reading time\">\n\t<meta name=\"twitter:data1\" content=\"2 minutes\">\n<script type=\"application\/ld+json\" class=\"yoast-schema-graph\">{\"@context\":\"https:\/\/schema.org\",\"@graph\":[{\"@type\":\"Organization\",\"@id\":\"https:\/\/www.biowink.com.vn\/#organization\",\"name\":\"Bio Wink Vi\\u1ec7t Nam\",\"url\":\"https:\/\/www.biowink.com.vn\/\",\"sameAs\":[\"https:\/\/www.facebook.com\/biowinkvn\/\",\"https:\/\/www.instagram.com\/biowinkinvietnam\"],\"logo\":{\"@type\":\"ImageObject\",\"@id\":\"https:\/\/www.biowink.com.vn\/#logo\",\"inLanguage\":\"en-GB\",\"url\":\"https:\/\/www.biowink.com.vn\/wp-content\/uploads\/2019\/10\/logo-biowink-VN-KR.jpg\",\"width\":1600,\"height\":1600,\"caption\":\"Bio Wink Vi\\u1ec7t Nam\"},\"image\":{\"@id\":\"https:\/\/www.biowink.com.vn\/#logo\"}},{\"@type\":\"WebSite\",\"@id\":\"https:\/\/www.biowink.com.vn\/#website\",\"url\":\"https:\/\/www.biowink.com.vn\/\",\"name\":\"Bio Wink Vietnam\",\"description\":\"\",\"publisher\":{\"@id\":\"https:\/\/www.biowink.com.vn\/#organization\"},\"potentialAction\":[{\"@type\":\"SearchAction\",\"target\":\"https:\/\/www.biowink.com.vn\/?s={search_term_string}\",\"query-input\":\"required name=search_term_string\"}],\"inLanguage\":\"en-GB\"},{\"@type\":\"ImageObject\",\"@id\":\"https:\/\/www.biowink.com.vn\/index.php\/ong-hut-organic-straw\/#primaryimage\",\"inLanguage\":\"en-GB\",\"url\":\"http:\/\/www.biowink.com.vn\/wp-content\/uploads\/2020\/03\/C3TZR1g81UNaPs7vzNXHueW5ZM76DSHWEY7onmfLxcK2iNuUjY7GMe6RYhEX8oeE5fWVshJ4GhDCFJbzkWCWNvUuRKR2BmvUH6FcWWD3PPQ3uh4MAkPoE9L.png\"},{\"@type\":\"WebPage\",\"@id\":\"https:\/\/www.biowink.com.vn\/index.php\/ong-hut-organic-straw\/#webpage\",\"url\":\"https:\/\/www.biowink.com.vn\/index.php\/ong-hut-organic-straw\/\",\"name\":\"\\u1ed0ng h\\u00fat ORGANIC STRAW - Bio Wink Vietnam\",\"isPartOf\":{\"@id\":\"https:\/\/www.biowink.com.vn\/#website\"},\"primaryImageOfPage\":{\"@id\":\"https:\/\/www.biowink.com.vn\/index.php\/ong-hut-organic-straw\/#primaryimage\"},\"datePublished\":\"2020-12-09T07:53:59+00:00\",\"dateModified\":\"2020-12-09T08:00:05+00:00\",\"description\":\"C\\u1eaft ra t\\u1eeb th\\u00e2n c\\u00e2y c\\u1ecf b\\u00e0ng, Kh\\u00f4ng h\\u00f2a tan trong ch\\u1ea5t l\\u1ecfng, Kh\\u00f4ng l\\u00e0m thay \\u0111\\u1ed5i h\\u01b0\\u01a1ng v\\u1ecb \\u0111\\u1ed3 u\\u1ed1ng c\\u1ee7a b\\u1ea1nM\\u1ed9t c\\u1ea3m gi\\u00e1c th\\u1eadt d\\u1ec5 ch\\u1ecbu khi ng\\u1eadm trong mi\\u1ec7ng\",\"inLanguage\":\"en-GB\",\"potentialAction\":[{\"@type\":\"ReadAction\",\"target\":[\"https:\/\/www.biowink.com.vn\/index.php\/ong-hut-organic-straw\/\"]}]}]}<\/script>\n<!-- \/ Yoast SEO plugin. -->","_links":{"self":[{"href":"https:\/\/www.biowink.com.vn\/index.php\/wp-json\/wp\/v2\/pages\/16456"}],"collection":[{"href":"https:\/\/www.biowink.com.vn\/index.php\/wp-json\/wp\/v2\/pages"}],"about":[{"href":"https:\/\/www.biowink.com.vn\/index.php\/wp-json\/wp\/v2\/types\/page"}],"author":[{"embeddable":true,"href":"https:\/\/www.biowink.com.vn\/index.php\/wp-json\/wp\/v2\/users\/1"}],"replies":[{"embeddable":true,"href":"https:\/\/www.biowink.com.vn\/index.php\/wp-json\/wp\/v2\/comments?post=16456"}],"version-history":[{"count":3,"href":"https:\/\/www.biowink.com.vn\/index.php\/wp-json\/wp\/v2\/pages\/16456\/revisions"}],"predecessor-version":[{"id":16463,"href":"https:\/\/www.biowink.com.vn\/index.php\/wp-json\/wp\/v2\/pages\/16456\/revisions\/16463"}],"wp:attachment":[{"href":"https:\/\/www.biowink.com.vn\/index.php\/wp-json\/wp\/v2\/media?parent=16456"}],"curies":[{"name":"wp","href":"https:\/\/api.w.org\/{rel}","templated":true}]}}