{"id":381,"date":"2019-10-12T16:27:27","date_gmt":"2019-10-12T14:27:27","guid":{"rendered":"http:\/\/www.biowink.com.vn\/?page_id=381"},"modified":"2020-02-27T10:00:00","modified_gmt":"2020-02-27T09:00:00","slug":"omum-cho-phu-nu-mang-thai","status":"publish","type":"page","link":"https:\/\/www.biowink.com.vn\/index.php\/omum-cho-phu-nu-mang-thai\/","title":{"rendered":"Omum, cho ph\u1ee5 n\u1eef mang thai"},"content":{"rendered":"\n<p><\/p>\n\n\n\n<p>Omum l\u00e0 m\u1ed9t m\u1ef9 pham cho ph\u1ee5 n\u1eef mang thai. Omum l\u00e0 m\u1ed9t th\u01b0\u01a1ng hi\u1ec7u Ph\u00e1p t\u1ea1o ra m\u1ef9 ph\u1ea9m h\u1eefu c\u01a1 ph\u00f9 h\u1ee3p v\u1edbi nhu c\u1ea7u c\u1ee7a c\u00e1c b\u00e0 m\u1eb9 mang thai.<br> C\u00e1c s\u1ea3n ph\u1ea9m l\u00e0:<br> \u0111\u01b0\u1ee3c s\u1ea3n xu\u1ea5t b\u1eb1ng c\u00e1c th\u00e0nh ph\u1ea7n hi\u1ec7u qu\u1ea3 ph\u00f9 h\u1ee3p v\u1edbi nhu c\u1ea7u c\u1ee7a b\u00e0 b\u1ea7u.<br> \u2022 gi\u1eef \u1ea9m m\u1ea1nh m\u1ebd v\u00e0 ng\u0103n ng\u1eeba s\u1ef1 h\u00ecnh th\u00e0nh c\u00e1c v\u1ebft r\u1ea1n da.<br> \uf0b7 l\u00e0m n\u0169ng.<br> \u2022 k\u1ebft h\u1ee3p v\u1edbi c\u00e1c th\u00e0nh ph\u1ea7n t\u1ef1 nhi\u00ean v\u00e0 s\u00e1ng t\u1ea1o v\u00e0 m\u1ed9t m\u00f9i h\u01b0\u01a1ng 100% t\u1ef1 nhi\u00ean th\u01a1m ngon.<br> \u2022 100% h\u1eefu c\u01a1, \u0111\u01b0\u1ee3c ki\u1ec3m nghi\u1ec7m da li\u1ec5u v\u00e0 kh\u00f4ng ch\u1ee9a tinh d\u1ea7u, ph\u1ee5 gia h\u00f3a h\u1ecdc, d\u1ea7u c\u1ecd v\u00e0 r\u01b0\u1ee3u. Ba trong s\u1ed1 b\u1ed1n s\u1ea3n ph\u1ea9m kh\u00f4ng ch\u1ee9a n\u01b0\u1edbc ho\u1eb7c ch\u1ea5t b\u1ea3o qu\u1ea3n.<br> \uf0b7 \u0110\u01b0\u1ee3c t\u1ea1o ra \u1edf Ph\u00e1p.<br> \u0110\u01b0\u1ee3c \u0111\u00f3ng g\u00f3i trong c\u00e1c th\u00f9ng ch\u1ee9a b\u1ec1n v\u1eefng.<br> H\u01b0\u1edbng d\u1eabn ho\u00e0n h\u1ea3o v\u1ec1 m\u1ef9 ph\u1ea9m t\u1ed1t nh\u1ea5t 2013-2014<\/p>\n\n\n<div class=\"wc-block-grid wp-block-product-category wc-block-product-category has-3-columns has-multiple-rows has-aligned-buttons\"><ul class=\"wc-block-grid__products\"><li class=\"wc-block-grid__product\">\n\t\t\t\t<a href=\"https:\/\/www.biowink.com.vn\/index.php\/produit\/lexpert-chuyen-gia\/\" class=\"wc-block-grid__product-link\">\n\t\t\t\t\t<div class=\"wc-block-grid__product-image\"><img width=\"300\" height=\"457\" src=\"https:\/\/www.biowink.com.vn\/wp-content\/uploads\/2019\/09\/expert_omum-300x457.png\" class=\"attachment-woocommerce_thumbnail size-woocommerce_thumbnail\" alt=\"\" loading=\"lazy\" srcset=\"https:\/\/www.biowink.com.vn\/wp-content\/uploads\/2019\/09\/expert_omum-300x457.png 300w, https:\/\/www.biowink.com.vn\/wp-content\/uploads\/2019\/09\/expert_omum-230x350.png 230w\" sizes=\"(max-width: 300px) 100vw, 300px\" \/><\/div>\n\t\t\t\t\t<div class=\"wc-block-grid__product-title\">L&#8217;expert (chuy\u00ean gia)<\/div>\n\t\t\t\t<\/a>\n\t\t\t\t\n\t\t\t\t<div class=\"wc-block-grid__product-price price\"><span class=\"woocommerce-Price-amount amount\"><span class=\"woocommerce-Price-currencySymbol\">&#8363;<\/span>927,000.00<\/span><\/div>\n\t\t\t\t\n\t\t\t\t<div class=\"wp-block-button wc-block-grid__product-add-to-cart\"><a href=\"?add-to-cart=353\" aria-label=\"Add &ldquo;L&#039;expert (chuy\u00ean gia)&rdquo; to your basket\" data-quantity=\"1\" data-product_id=\"353\" data-product_sku=\"B-3660925\" rel=\"nofollow\" class=\"wp-block-button__link add_to_cart_button ajax_add_to_cart\">Add to basket<\/a><\/div>\n\t\t\t<\/li><li class=\"wc-block-grid__product\">\n\t\t\t\t<a href=\"https:\/\/www.biowink.com.vn\/index.php\/produit\/surdouee\/\" class=\"wc-block-grid__product-link\">\n\t\t\t\t\t<div class=\"wc-block-grid__product-image\"><img width=\"300\" height=\"457\" src=\"https:\/\/www.biowink.com.vn\/wp-content\/uploads\/2019\/09\/surdouee_omum-300x457.png\" class=\"attachment-woocommerce_thumbnail size-woocommerce_thumbnail\" alt=\"surdou\u00e9e_omum\" loading=\"lazy\" srcset=\"https:\/\/www.biowink.com.vn\/wp-content\/uploads\/2019\/09\/surdouee_omum-300x457.png 300w, https:\/\/www.biowink.com.vn\/wp-content\/uploads\/2019\/09\/surdouee_omum-230x350.png 230w\" sizes=\"(max-width: 300px) 100vw, 300px\" \/><\/div>\n\t\t\t\t\t<div class=\"wc-block-grid__product-title\">Surdou\u00e9e<\/div>\n\t\t\t\t<\/a>\n\t\t\t\t\n\t\t\t\t<div class=\"wc-block-grid__product-price price\"><span class=\"woocommerce-Price-amount amount\"><span class=\"woocommerce-Price-currencySymbol\">&#8363;<\/span>1,184,000.00<\/span><\/div>\n\t\t\t\t\n\t\t\t\t<div class=\"wp-block-button wc-block-grid__product-add-to-cart\"><a href=\"?add-to-cart=347\" aria-label=\"Add &ldquo;Surdou\u00e9e&rdquo; to your basket\" data-quantity=\"1\" data-product_id=\"347\" data-product_sku=\"B-3660909\" rel=\"nofollow\" class=\"wp-block-button__link add_to_cart_button ajax_add_to_cart\">Add to basket<\/a><\/div>\n\t\t\t<\/li><li class=\"wc-block-grid__product\">\n\t\t\t\t<a href=\"https:\/\/www.biowink.com.vn\/index.php\/produit\/ma-protection-jolie-teint-ng\/\" class=\"wc-block-grid__product-link\">\n\t\t\t\t\t<div class=\"wc-block-grid__product-image\"><img width=\"300\" height=\"457\" src=\"https:\/\/www.biowink.com.vn\/wp-content\/uploads\/2019\/09\/ma-protection-joli-teint_omum-300x457.png\" class=\"attachment-woocommerce_thumbnail size-woocommerce_thumbnail\" alt=\"\" loading=\"lazy\" \/><\/div>\n\t\t\t\t\t<div class=\"wc-block-grid__product-title\">ma protection jolie teint &#8211; ng\u00e0y d\u01b0\u1ee1ng \u1ea9m nhu\u1ed1m m\u00e0u &#8211; n\u0103ng l\u01b0\u1ee3ng m\u1eb7t tr\u1eddi 40 ml<\/div>\n\t\t\t\t<\/a>\n\t\t\t\t\n\t\t\t\t<div class=\"wc-block-grid__product-price price\"><span class=\"woocommerce-Price-amount amount\"><span class=\"woocommerce-Price-currencySymbol\">&#8363;<\/span>762,000.00<\/span><\/div>\n\t\t\t\t\n\t\t\t\t<div class=\"wp-block-button wc-block-grid__product-add-to-cart\"><a href=\"?add-to-cart=2138\" aria-label=\"Add &ldquo;ma protection jolie teint - ng\u00e0y d\u01b0\u1ee1ng \u1ea9m nhu\u1ed1m m\u00e0u - n\u0103ng l\u01b0\u1ee3ng m\u1eb7t tr\u1eddi 40 ml&rdquo; to your basket\" data-quantity=\"1\" data-product_id=\"2138\" data-product_sku=\"B-3955747\" rel=\"nofollow\" class=\"wp-block-button__link add_to_cart_button ajax_add_to_cart\">Add to basket<\/a><\/div>\n\t\t\t<\/li><li class=\"wc-block-grid__product\">\n\t\t\t\t<a href=\"https:\/\/www.biowink.com.vn\/index.php\/produit\/mon-coup-de-pousse-kem-dung-da-chng-rng-t\/\" class=\"wc-block-grid__product-link\">\n\t\t\t\t\t<div class=\"wc-block-grid__product-image\"><img width=\"300\" height=\"457\" src=\"https:\/\/www.biowink.com.vn\/wp-content\/uploads\/2019\/10\/lotion-anti-chute-cheveux-300x457.png\" class=\"attachment-woocommerce_thumbnail size-woocommerce_thumbnail\" alt=\"\" loading=\"lazy\" \/><\/div>\n\t\t\t\t\t<div class=\"wc-block-grid__product-title\">mon coup de pousse &#8211; kem d\u01b0\u1ee1ng da ch\u1ed1ng r\u1ee5ng t\u00f3c 100 ml<\/div>\n\t\t\t\t<\/a>\n\t\t\t\t\n\t\t\t\t<div class=\"wc-block-grid__product-price price\"><span class=\"woocommerce-Price-amount amount\"><span class=\"woocommerce-Price-currencySymbol\">&#8363;<\/span>562,000.00<\/span><\/div>\n\t\t\t\t\n\t\t\t\t<div class=\"wp-block-button wc-block-grid__product-add-to-cart\"><a href=\"?add-to-cart=2137\" aria-label=\"Add &ldquo;mon coup de pousse - kem d\u01b0\u1ee1ng da ch\u1ed1ng r\u1ee5ng t\u00f3c 100 ml&rdquo; to your basket\" data-quantity=\"1\" data-product_id=\"2137\" data-product_sku=\"B-3901329\" rel=\"nofollow\" class=\"wp-block-button__link add_to_cart_button ajax_add_to_cart\">Add to basket<\/a><\/div>\n\t\t\t<\/li><li class=\"wc-block-grid__product\">\n\t\t\t\t<a href=\"https:\/\/www.biowink.com.vn\/index.php\/produit\/ma-bonne-fee-2\/\" class=\"wc-block-grid__product-link\">\n\t\t\t\t\t<div class=\"wc-block-grid__product-image\"><img width=\"300\" height=\"457\" src=\"https:\/\/www.biowink.com.vn\/wp-content\/uploads\/woocommerce-placeholder-300x457.png\" class=\"woocommerce-placeholder wp-post-image\" alt=\"Placeholder\" loading=\"lazy\" srcset=\"https:\/\/www.biowink.com.vn\/wp-content\/uploads\/woocommerce-placeholder-300x457.png 300w, https:\/\/www.biowink.com.vn\/wp-content\/uploads\/woocommerce-placeholder-230x350.png 230w\" sizes=\"(max-width: 300px) 100vw, 300px\" \/><\/div>\n\t\t\t\t\t<div class=\"wc-block-grid__product-title\">ma bonne f\u00e9e &#8211; m\u1eb7t b\u1ecdt konjac t\u1ea9y t\u1ebf b\u00e0o ch\u1ebft v\u00e0 thanh l\u1ecdc x1<\/div>\n\t\t\t\t<\/a>\n\t\t\t\t\n\t\t\t\t<div class=\"wc-block-grid__product-price price\"><span class=\"woocommerce-Price-amount amount\"><span class=\"woocommerce-Price-currencySymbol\">&#8363;<\/span>280,000.00<\/span><\/div>\n\t\t\t\t\n\t\t\t\t<div class=\"wp-block-button wc-block-grid__product-add-to-cart\"><a href=\"?add-to-cart=2136\" aria-label=\"Add &ldquo;ma bonne f\u00e9e - m\u1eb7t b\u1ecdt konjac t\u1ea9y t\u1ebf b\u00e0o ch\u1ebft v\u00e0 thanh l\u1ecdc x1&rdquo; to your basket\" data-quantity=\"1\" data-product_id=\"2136\" data-product_sku=\"B-3680246\" rel=\"nofollow\" class=\"wp-block-button__link add_to_cart_button ajax_add_to_cart\">Add to basket<\/a><\/div>\n\t\t\t<\/li><li class=\"wc-block-grid__product\">\n\t\t\t\t<a href=\"https:\/\/www.biowink.com.vn\/index.php\/produit\/ma-bonne-f\/\" class=\"wc-block-grid__product-link\">\n\t\t\t\t\t<div class=\"wc-block-grid__product-image\"><img width=\"300\" height=\"457\" src=\"https:\/\/www.biowink.com.vn\/wp-content\/uploads\/woocommerce-placeholder-300x457.png\" class=\"woocommerce-placeholder wp-post-image\" alt=\"Placeholder\" loading=\"lazy\" srcset=\"https:\/\/www.biowink.com.vn\/wp-content\/uploads\/woocommerce-placeholder-300x457.png 300w, https:\/\/www.biowink.com.vn\/wp-content\/uploads\/woocommerce-placeholder-230x350.png 230w\" sizes=\"(max-width: 300px) 100vw, 300px\" \/><\/div>\n\t\t\t\t\t<div class=\"wc-block-grid__product-title\">ma bonne f\u00e9e &#8211; b\u1ecdt bi\u1ec3n konjac c\u01a1 th\u1ec3, t\u1ea9y t\u1ebf b\u00e0o ch\u1ebft v\u00e0 t\u00e1i t\u1ea1o<\/div>\n\t\t\t\t<\/a>\n\t\t\t\t\n\t\t\t\t<div class=\"wc-block-grid__product-price price\"><span class=\"woocommerce-Price-amount amount\"><span class=\"woocommerce-Price-currencySymbol\">&#8363;<\/span>423,000.00<\/span><\/div>\n\t\t\t\t\n\t\t\t\t<div class=\"wp-block-button wc-block-grid__product-add-to-cart\"><a href=\"?add-to-cart=2135\" aria-label=\"Add &ldquo;ma bonne f\u00e9e - b\u1ecdt bi\u1ec3n konjac c\u01a1 th\u1ec3, t\u1ea9y t\u1ebf b\u00e0o ch\u1ebft v\u00e0 t\u00e1i t\u1ea1o&rdquo; to your basket\" data-quantity=\"1\" data-product_id=\"2135\" data-product_sku=\"B-3782182\" rel=\"nofollow\" class=\"wp-block-button__link add_to_cart_button ajax_add_to_cart\">Add to basket<\/a><\/div>\n\t\t\t<\/li><li class=\"wc-block-grid__product\">\n\t\t\t\t<a href=\"https:\/\/www.biowink.com.vn\/index.php\/produit\/le-d-2\/\" class=\"wc-block-grid__product-link\">\n\t\t\t\t\t<div class=\"wc-block-grid__product-image\"><img width=\"300\" height=\"457\" src=\"https:\/\/www.biowink.com.vn\/wp-content\/uploads\/2019\/10\/deo-bio-grossesse-300x457.png\" class=\"attachment-woocommerce_thumbnail size-woocommerce_thumbnail\" alt=\"\" loading=\"lazy\" \/><\/div>\n\t\t\t\t\t<div class=\"wc-block-grid__product-title\">le d\u00e9licat &#8211; ch\u1ea5t kh\u1eed m\u00f9i cho da h\u1ee3p l\u00fd 24h 50 ml<\/div>\n\t\t\t\t<\/a>\n\t\t\t\t\n\t\t\t\t<div class=\"wc-block-grid__product-price price\"><span class=\"woocommerce-Price-amount amount\"><span class=\"woocommerce-Price-currencySymbol\">&#8363;<\/span>276,000.00<\/span><\/div>\n\t\t\t\t\n\t\t\t\t<div class=\"wp-block-button wc-block-grid__product-add-to-cart\"><a href=\"?add-to-cart=2134\" aria-label=\"Add &ldquo;le d\u00e9licat - ch\u1ea5t kh\u1eed m\u00f9i cho da h\u1ee3p l\u00fd 24h 50 ml&rdquo; to your basket\" data-quantity=\"1\" data-product_id=\"2134\" data-product_sku=\"B-3781622\" rel=\"nofollow\" class=\"wp-block-button__link add_to_cart_button ajax_add_to_cart\">Add to basket<\/a><\/div>\n\t\t\t<\/li><li class=\"wc-block-grid__product\">\n\t\t\t\t<a href=\"https:\/\/www.biowink.com.vn\/index.php\/produit\/le-coach-fermet-2\/\" class=\"wc-block-grid__product-link\">\n\t\t\t\t\t<div class=\"wc-block-grid__product-image\"><img width=\"300\" height=\"457\" src=\"https:\/\/www.biowink.com.vn\/wp-content\/uploads\/2019\/10\/le-coach-fermete-300x457.png\" class=\"attachment-woocommerce_thumbnail size-woocommerce_thumbnail\" alt=\"\" loading=\"lazy\" \/><\/div>\n\t\t\t\t\t<div class=\"wc-block-grid__product-title\">le coach fermet\u00e9 &#8211; ch\u0103m s\u00f3c c\u01a1 th\u1ec3 v\u00e0 s\u0103n ch\u1eafc sau khi mang thai 150 ml<\/div>\n\t\t\t\t<\/a>\n\t\t\t\t\n\t\t\t\t<div class=\"wc-block-grid__product-price price\"><span class=\"woocommerce-Price-amount amount\"><span class=\"woocommerce-Price-currencySymbol\">&#8363;<\/span>1,098,000.00<\/span><\/div>\n\t\t\t\t\n\t\t\t\t<div class=\"wp-block-button wc-block-grid__product-add-to-cart\"><a href=\"?add-to-cart=2133\" aria-label=\"Add &ldquo;le coach fermet\u00e9 - ch\u0103m s\u00f3c c\u01a1 th\u1ec3 v\u00e0 s\u0103n ch\u1eafc sau khi mang thai 150 ml&rdquo; to your basket\" data-quantity=\"1\" data-product_id=\"2133\" data-product_sku=\"B-3660917\" rel=\"nofollow\" class=\"wp-block-button__link add_to_cart_button ajax_add_to_cart\">Add to basket<\/a><\/div>\n\t\t\t<\/li><li class=\"wc-block-grid__product\">\n\t\t\t\t<a href=\"https:\/\/www.biowink.com.vn\/index.php\/produit\/ma-jolie-peau-kem-dung-m-mt-40-ml\/\" class=\"wc-block-grid__product-link\">\n\t\t\t\t\t<div class=\"wc-block-grid__product-image\"><img width=\"300\" height=\"457\" src=\"https:\/\/www.biowink.com.vn\/wp-content\/uploads\/2019\/09\/ma-jolie-peau_omum-300x457.png\" class=\"attachment-woocommerce_thumbnail size-woocommerce_thumbnail\" alt=\"\" loading=\"lazy\" srcset=\"https:\/\/www.biowink.com.vn\/wp-content\/uploads\/2019\/09\/ma-jolie-peau_omum-300x457.png 300w, https:\/\/www.biowink.com.vn\/wp-content\/uploads\/2019\/09\/ma-jolie-peau_omum-230x350.png 230w\" sizes=\"(max-width: 300px) 100vw, 300px\" \/><\/div>\n\t\t\t\t\t<div class=\"wc-block-grid__product-title\">ma jolie peau &#8211; kem d\u01b0\u1ee1ng \u1ea9m m\u1eb7t 40 ml<\/div>\n\t\t\t\t<\/a>\n\t\t\t\t\n\t\t\t\t<div class=\"wc-block-grid__product-price price\"><span class=\"woocommerce-Price-amount amount\"><span class=\"woocommerce-Price-currencySymbol\">&#8363;<\/span>816,000.00<\/span><\/div>\n\t\t\t\t\n\t\t\t\t<div class=\"wp-block-button wc-block-grid__product-add-to-cart\"><a href=\"?add-to-cart=2131\" aria-label=\"Add &ldquo;ma jolie peau - kem d\u01b0\u1ee1ng \u1ea9m m\u1eb7t 40 ml&rdquo; to your basket\" data-quantity=\"1\" data-product_id=\"2131\" data-product_sku=\"B-3660933\" rel=\"nofollow\" class=\"wp-block-button__link add_to_cart_button ajax_add_to_cart\">Add to basket<\/a><\/div>\n\t\t\t<\/li><li class=\"wc-block-grid__product\">\n\t\t\t\t<a href=\"https:\/\/www.biowink.com.vn\/index.php\/produit\/le-cajoleur-bo-v-v\/\" class=\"wc-block-grid__product-link\">\n\t\t\t\t\t<div class=\"wc-block-grid__product-image\"><img width=\"300\" height=\"457\" src=\"https:\/\/www.biowink.com.vn\/wp-content\/uploads\/1970\/01\/omum-le-cajoleur-300x457.jpg\" class=\"attachment-woocommerce_thumbnail size-woocommerce_thumbnail\" alt=\"\" loading=\"lazy\" \/><\/div>\n\t\t\t\t\t<div class=\"wc-block-grid__product-title\">le cajoleur &#8211; b\u1ea3o v\u1ec7 v\u00e0 nu\u00f4i d\u01b0\u1ee1ng 100 g<\/div>\n\t\t\t\t<\/a>\n\t\t\t\t\n\t\t\t\t<div class=\"wc-block-grid__product-price price\"><span class=\"woocommerce-Price-amount amount\"><span class=\"woocommerce-Price-currencySymbol\">&#8363;<\/span>305,000.00<\/span><\/div>\n\t\t\t\t\n\t\t\t\t<div class=\"wp-block-button wc-block-grid__product-add-to-cart\"><a href=\"?add-to-cart=2130\" aria-label=\"Add &ldquo;le cajoleur - b\u1ea3o v\u1ec7 v\u00e0 nu\u00f4i d\u01b0\u1ee1ng 100 g&rdquo; to your basket\" data-quantity=\"1\" data-product_id=\"2130\" data-product_sku=\"B-3660883\" rel=\"nofollow\" class=\"wp-block-button__link add_to_cart_button ajax_add_to_cart\">Add to basket<\/a><\/div>\n\t\t\t<\/li><li class=\"wc-block-grid__product\">\n\t\t\t\t<a href=\"https:\/\/www.biowink.com.vn\/index.php\/produit\/lintime-cham-s\/\" class=\"wc-block-grid__product-link\">\n\t\t\t\t\t<div class=\"wc-block-grid__product-image\"><img width=\"300\" height=\"457\" src=\"https:\/\/www.biowink.com.vn\/wp-content\/uploads\/2019\/10\/lintime-300x457.png\" class=\"attachment-woocommerce_thumbnail size-woocommerce_thumbnail\" alt=\"\" loading=\"lazy\" \/><\/div>\n\t\t\t\t\t<div class=\"wc-block-grid__product-title\">L&#8217;intime &#8211; ch\u0103m s\u00f3c v\u1ec7 sinh th\u00e2n m\u1eadt gi\u1eef \u1ea9m &#038; l\u00e0m d\u1ecbu 150 ml<\/div>\n\t\t\t\t<\/a>\n\t\t\t\t\n\t\t\t\t<div class=\"wc-block-grid__product-price price\"><span class=\"woocommerce-Price-amount amount\"><span class=\"woocommerce-Price-currencySymbol\">&#8363;<\/span>469,000.00<\/span><\/div>\n\t\t\t\t\n\t\t\t\t<div class=\"wp-block-button wc-block-grid__product-add-to-cart\"><a href=\"?add-to-cart=2129\" aria-label=\"Add &ldquo;L&#039;intime - ch\u0103m s\u00f3c v\u1ec7 sinh th\u00e2n m\u1eadt gi\u1eef \u1ea9m &amp; l\u00e0m d\u1ecbu 150 ml&rdquo; to your basket\" data-quantity=\"1\" data-product_id=\"2129\" data-product_sku=\"B-3660891\" rel=\"nofollow\" class=\"wp-block-button__link add_to_cart_button ajax_add_to_cart\">Add to basket<\/a><\/div>\n\t\t\t<\/li><\/ul><\/div>","protected":false},"excerpt":{"rendered":"<p>Omum l\u00e0 m\u1ed9t m\u1ef9 pham cho ph\u1ee5 n\u1eef mang thai. Omum l\u00e0 m\u1ed9t th\u01b0\u01a1ng hi\u1ec7u Ph\u00e1p t\u1ea1o ra m\u1ef9 ph\u1ea9m h\u1eefu c\u01a1 ph\u00f9 h\u1ee3p v\u1edbi nhu c\u1ea7u c\u1ee7a c\u00e1c b\u00e0 m\u1eb9 mang thai. C\u00e1c s\u1ea3n ph\u1ea9m l\u00e0: \u0111\u01b0\u1ee3c s\u1ea3n xu\u1ea5t b\u1eb1ng c\u00e1c th\u00e0nh ph\u1ea7n hi\u1ec7u qu\u1ea3 ph\u00f9 h\u1ee3p v\u1edbi nhu c\u1ea7u c\u1ee7a b\u00e0 b\u1ea7u. \u2022 &hellip; <\/p>\n","protected":false},"author":1,"featured_media":0,"parent":0,"menu_order":0,"comment_status":"closed","ping_status":"closed","template":"","meta":[],"yoast_head":"<!-- This site is optimized with the Yoast SEO plugin v15.5 - https:\/\/yoast.com\/wordpress\/plugins\/seo\/ -->\n<title>Omum, cho ph\u1ee5 n\u1eef mang thai - Bio Wink Vietnam<\/title>\n<meta name=\"description\" content=\"Omum l\u00e0 m\u1ed9t m\u1ef9 pham cho ph\u1ee5 n\u1eef mang thai. Omum l\u00e0 m\u1ed9t th\u01b0\u01a1ng hi\u1ec7u Ph\u00e1p t\u1ea1o ra m\u1ef9 ph\u1ea9m h\u1eefu c\u01a1 ph\u00f9 h\u1ee3p v\u1edbi nhu c\u1ea7u c\u1ee7a c\u00e1c b\u00e0 m\u1eb9 mang thai.\" \/>\n<meta name=\"robots\" content=\"index, follow, max-snippet:-1, max-image-preview:large, max-video-preview:-1\" \/>\n<link rel=\"canonical\" href=\"https:\/\/www.biowink.com.vn\/index.php\/omum-cho-phu-nu-mang-thai\/\" \/>\n<meta property=\"og:locale\" content=\"en_GB\" \/>\n<meta property=\"og:type\" content=\"article\" \/>\n<meta property=\"og:title\" content=\"Omum, cho ph\u1ee5 n\u1eef mang thai - Bio Wink Vietnam\" \/>\n<meta property=\"og:description\" content=\"Omum l\u00e0 m\u1ed9t m\u1ef9 pham cho ph\u1ee5 n\u1eef mang thai. Omum l\u00e0 m\u1ed9t th\u01b0\u01a1ng hi\u1ec7u Ph\u00e1p t\u1ea1o ra m\u1ef9 ph\u1ea9m h\u1eefu c\u01a1 ph\u00f9 h\u1ee3p v\u1edbi nhu c\u1ea7u c\u1ee7a c\u00e1c b\u00e0 m\u1eb9 mang thai.\" \/>\n<meta property=\"og:url\" content=\"https:\/\/www.biowink.com.vn\/index.php\/omum-cho-phu-nu-mang-thai\/\" \/>\n<meta property=\"og:site_name\" content=\"Bio Wink Vietnam\" \/>\n<meta property=\"article:publisher\" content=\"https:\/\/www.facebook.com\/biowinkvn\/\" \/>\n<meta property=\"article:modified_time\" content=\"2020-02-27T09:00:00+00:00\" \/>\n<meta name=\"twitter:card\" content=\"summary_large_image\" \/>\n<meta name=\"twitter:label1\" content=\"Estimated reading time\">\n\t<meta name=\"twitter:data1\" content=\"1 minute\">\n<script type=\"application\/ld+json\" class=\"yoast-schema-graph\">{\"@context\":\"https:\/\/schema.org\",\"@graph\":[{\"@type\":\"Organization\",\"@id\":\"https:\/\/www.biowink.com.vn\/#organization\",\"name\":\"Bio Wink Vi\\u1ec7t Nam\",\"url\":\"https:\/\/www.biowink.com.vn\/\",\"sameAs\":[\"https:\/\/www.facebook.com\/biowinkvn\/\",\"https:\/\/www.instagram.com\/biowinkinvietnam\"],\"logo\":{\"@type\":\"ImageObject\",\"@id\":\"https:\/\/www.biowink.com.vn\/#logo\",\"inLanguage\":\"en-GB\",\"url\":\"https:\/\/www.biowink.com.vn\/wp-content\/uploads\/2019\/10\/logo-biowink-VN-KR.jpg\",\"width\":1600,\"height\":1600,\"caption\":\"Bio Wink Vi\\u1ec7t Nam\"},\"image\":{\"@id\":\"https:\/\/www.biowink.com.vn\/#logo\"}},{\"@type\":\"WebSite\",\"@id\":\"https:\/\/www.biowink.com.vn\/#website\",\"url\":\"https:\/\/www.biowink.com.vn\/\",\"name\":\"Bio Wink Vietnam\",\"description\":\"\",\"publisher\":{\"@id\":\"https:\/\/www.biowink.com.vn\/#organization\"},\"potentialAction\":[{\"@type\":\"SearchAction\",\"target\":\"https:\/\/www.biowink.com.vn\/?s={search_term_string}\",\"query-input\":\"required name=search_term_string\"}],\"inLanguage\":\"en-GB\"},{\"@type\":\"WebPage\",\"@id\":\"https:\/\/www.biowink.com.vn\/index.php\/omum-cho-phu-nu-mang-thai\/#webpage\",\"url\":\"https:\/\/www.biowink.com.vn\/index.php\/omum-cho-phu-nu-mang-thai\/\",\"name\":\"Omum, cho ph\\u1ee5 n\\u1eef mang thai - Bio Wink Vietnam\",\"isPartOf\":{\"@id\":\"https:\/\/www.biowink.com.vn\/#website\"},\"datePublished\":\"2019-10-12T14:27:27+00:00\",\"dateModified\":\"2020-02-27T09:00:00+00:00\",\"description\":\"Omum l\\u00e0 m\\u1ed9t m\\u1ef9 pham cho ph\\u1ee5 n\\u1eef mang thai. Omum l\\u00e0 m\\u1ed9t th\\u01b0\\u01a1ng hi\\u1ec7u Ph\\u00e1p t\\u1ea1o ra m\\u1ef9 ph\\u1ea9m h\\u1eefu c\\u01a1 ph\\u00f9 h\\u1ee3p v\\u1edbi nhu c\\u1ea7u c\\u1ee7a c\\u00e1c b\\u00e0 m\\u1eb9 mang thai.\",\"inLanguage\":\"en-GB\",\"potentialAction\":[{\"@type\":\"ReadAction\",\"target\":[\"https:\/\/www.biowink.com.vn\/index.php\/omum-cho-phu-nu-mang-thai\/\"]}]}]}<\/script>\n<!-- \/ Yoast SEO plugin. -->","_links":{"self":[{"href":"https:\/\/www.biowink.com.vn\/index.php\/wp-json\/wp\/v2\/pages\/381"}],"collection":[{"href":"https:\/\/www.biowink.com.vn\/index.php\/wp-json\/wp\/v2\/pages"}],"about":[{"href":"https:\/\/www.biowink.com.vn\/index.php\/wp-json\/wp\/v2\/types\/page"}],"author":[{"embeddable":true,"href":"https:\/\/www.biowink.com.vn\/index.php\/wp-json\/wp\/v2\/users\/1"}],"replies":[{"embeddable":true,"href":"https:\/\/www.biowink.com.vn\/index.php\/wp-json\/wp\/v2\/comments?post=381"}],"version-history":[{"count":6,"href":"https:\/\/www.biowink.com.vn\/index.php\/wp-json\/wp\/v2\/pages\/381\/revisions"}],"predecessor-version":[{"id":4809,"href":"https:\/\/www.biowink.com.vn\/index.php\/wp-json\/wp\/v2\/pages\/381\/revisions\/4809"}],"wp:attachment":[{"href":"https:\/\/www.biowink.com.vn\/index.php\/wp-json\/wp\/v2\/media?parent=381"}],"curies":[{"name":"wp","href":"https:\/\/api.w.org\/{rel}","templated":true}]}}