{"id":385,"date":"2019-10-12T13:16:43","date_gmt":"2019-10-12T11:16:43","guid":{"rendered":"http:\/\/www.biowink.com.vn\/?page_id=385"},"modified":"2020-01-14T05:30:22","modified_gmt":"2020-01-14T04:30:22","slug":"helixium","status":"publish","type":"page","link":"https:\/\/www.biowink.com.vn\/index.php\/helixium\/","title":{"rendered":"Helixium"},"content":{"rendered":"\n<h2> C\u00f4ng th\u1ee9c \u0111\u1ed9c quy\u1ec1n sinh h\u1ecdc <\/h2>\n\n\n\n<p>M\u1ed9t ch\u1ea5t nh\u1ea7y \u1ed1c s\u00ean tr\u00ean th\u1ebf gi\u1edbi v\u00e0 ch\u1ea5t l\u01b0\u1ee3ng v\u01b0\u1ee3t tr\u1ed9i, k\u1ebft h\u1ee3p v\u1edbi su su (Sechium Edule). L\u00e0m th\u1ebf n\u00e0o \u0111\u1ec3 ch\u00fang ta c\u00f3 \u0111\u01b0\u1ee3c ch\u1ea5t l\u01b0\u1ee3ng n\u00e0y? \u1ed0c s\u00ean t\u1eeb trang tr\u1ea1i Bourgogne (Ph\u00e1p), \u0111\u01b0\u1ee3c nu\u00f4i b\u1eb1ng th\u1ee9c \u0103n sinh h\u1ecdc; B\u1ed9 nh\u1edb th\u1ee7 c\u00f4ng, \u0111\u1ed1i v\u1edbi \u0111\u1ed9ng v\u1eadt: kh\u00f4ng h\u00f3a ch\u1ea5t, kh\u00f4ng k\u00edch th\u00edch mu\u1ed1i, kh\u00f4ng c\u00f3 c\u1ed5ng \u0111\u1ec3 bu\u1ed9c ch\u00fang \u0111i b\u1ed9. Ch\u00fang t\u00f4i t\u00f4n tr\u1ecdng c\u00e1c m\u00f9a v\u00e0 th\u1eddi k\u1ef3 m\u00f9a \u0111\u00f4ng (th\u00e1ng 11 \u0111\u1ebfn th\u00e1ng 3). Gi\u00e0u allantoin, axit hyaluronic v\u00e0 axit glycolic.<\/p>\n\n\n\n<h2>Nguy\u00ean t\u1eafc ho\u1ea1t \u0111\u1ed9ng<\/h2>\n\n\n\n<p>Ch\u1ea5t nh\u1ea7y \u1ed1c s\u00ean r\u1ea5t phong ph\u00fa:<br> Allantoin: t\u00e1i t\u1ea1o t\u1ebf b\u00e0o.<br> Protein v\u00e0 Vitamin: dinh d\u01b0\u1ee1ng cho da.<br> Protein c\u00f3 kh\u1ea3 n\u0103ng ph\u00e1 v\u1ee1 c\u00e1c th\u00e0nh t\u1ebf b\u00e0o vi khu\u1ea9n.<br> Glycolic Acid: t\u00e1i t\u1ea1o c\u00e1c m\u00f4 b\u1ecb t\u1ed5n th\u01b0\u01a1ng.<br> Hyaluronic acid: b\u1ea3o t\u1ed3n l\u01b0\u1ee3ng n\u01b0\u1edbc l\u1edbn \u0111\u1ec3 gi\u1eef n\u01b0\u1edbc.<br> Sechium Edule, c\u00f2n \u0111\u01b0\u1ee3c g\u1ecdi l\u00e0 Chayote: C\u00e2y Mexico \u0111\u01b0\u1ee3c tr\u1ed3ng \u1edf th\u1eddi ti\u1ec1n Columbus, Chayote \u0111\u01b0\u1ee3c \u0111\u1eb7c bi\u1ec7t quan t\u00e2m v\u00ec s\u1ef1 \u0111a d\u1ea1ng v\u00e0 phong ph\u00fa c\u1ee7a c\u00e1c axit amin trong tr\u00e1i c\u00e2y v\u00e0 ng\u0169 c\u1ed1c: axit aspartic, axit glutamic, alanine, arginine, cystein, tyrosine, serine, gi\u00fap t\u00e1i sinh<\/p>\n\n\n\n<p><\/p>\n\n\n<div class=\"wc-block-grid wp-block-handpicked-products wc-block-handpicked-products has-3-columns has-aligned-buttons\"><ul class=\"wc-block-grid__products\"><li class=\"wc-block-grid__product\">\n\t\t\t\t<a href=\"https:\/\/www.biowink.com.vn\/index.php\/produit\/serum-intensif-cham-soc-dac-biet-cho-mat\/\" class=\"wc-block-grid__product-link\">\n\t\t\t\t\t<div class=\"wc-block-grid__product-image\"><img width=\"300\" height=\"457\" src=\"https:\/\/www.biowink.com.vn\/wp-content\/uploads\/2019\/10\/serum_helixium_skinature-1-300x457.png\" class=\"attachment-woocommerce_thumbnail size-woocommerce_thumbnail\" alt=\"\" loading=\"lazy\" \/><\/div>\n\t\t\t\t\t<div class=\"wc-block-grid__product-title\">Serum intensif, ch\u0103m s\u00f3c \u0111\u1eb7c bi\u1ec7t cho m\u1eb7t<\/div>\n\t\t\t\t<\/a>\n\t\t\t\t\n\t\t\t\t<div class=\"wc-block-grid__product-price price\"><span class=\"woocommerce-Price-amount amount\"><span class=\"woocommerce-Price-currencySymbol\">&#8363;<\/span>1,050,000.00<\/span><\/div>\n\t\t\t\t\n\t\t\t\t<div class=\"wp-block-button wc-block-grid__product-add-to-cart\"><a href=\"?add-to-cart=372\" aria-label=\"Add &ldquo;Serum intensif, ch\u0103m s\u00f3c \u0111\u1eb7c bi\u1ec7t cho m\u1eb7t&rdquo; to your basket\" data-quantity=\"1\" data-product_id=\"372\" data-product_sku=\"B-3380326\" rel=\"nofollow\" class=\"wp-block-button__link add_to_cart_button ajax_add_to_cart\">Add to basket<\/a><\/div>\n\t\t\t<\/li><li class=\"wc-block-grid__product\">\n\t\t\t\t<a href=\"https:\/\/www.biowink.com.vn\/index.php\/produit\/creme-exfoliante-kem-tay-da-chet-mat\/\" class=\"wc-block-grid__product-link\">\n\t\t\t\t\t<div class=\"wc-block-grid__product-image\"><img width=\"300\" height=\"457\" src=\"https:\/\/www.biowink.com.vn\/wp-content\/uploads\/2019\/10\/HELIXIUM-EXFOLIANTE-300x457.jpg\" class=\"attachment-woocommerce_thumbnail size-woocommerce_thumbnail\" alt=\"\" loading=\"lazy\" \/><\/div>\n\t\t\t\t\t<div class=\"wc-block-grid__product-title\">Exfoliante, kem t\u1ea9y da ch\u1ebft m\u1eb7t<\/div>\n\t\t\t\t<\/a>\n\t\t\t\t\n\t\t\t\t<div class=\"wc-block-grid__product-price price\"><span class=\"woocommerce-Price-amount amount\"><span class=\"woocommerce-Price-currencySymbol\">&#8363;<\/span>147,000.00<\/span><\/div>\n\t\t\t\t\n\t\t\t\t<div class=\"wp-block-button wc-block-grid__product-add-to-cart\"><a href=\"?add-to-cart=371\" aria-label=\"Add &ldquo;Exfoliante, kem t\u1ea9y da ch\u1ebft m\u1eb7t&rdquo; to your basket\" data-quantity=\"1\" data-product_id=\"371\" data-product_sku=\"B-3901311\" rel=\"nofollow\" class=\"wp-block-button__link add_to_cart_button ajax_add_to_cart\">Add to basket<\/a><\/div>\n\t\t\t<\/li><li class=\"wc-block-grid__product\">\n\t\t\t\t<a href=\"https:\/\/www.biowink.com.vn\/index.php\/produit\/multi-effects-kem-mat-da-tac-dung\/\" class=\"wc-block-grid__product-link\">\n\t\t\t\t\t<div class=\"wc-block-grid__product-image\"><img width=\"300\" height=\"457\" src=\"https:\/\/www.biowink.com.vn\/wp-content\/uploads\/2019\/10\/crema_multi-300x457.png\" class=\"attachment-woocommerce_thumbnail size-woocommerce_thumbnail\" alt=\"kem mat da tac dung\" loading=\"lazy\" \/><\/div>\n\t\t\t\t\t<div class=\"wc-block-grid__product-title\">Multi effets, kem m\u1eb7t \u0111a t\u00e1c d\u1ee5ng<\/div>\n\t\t\t\t<\/a>\n\t\t\t\t\n\t\t\t\t<div class=\"wc-block-grid__product-price price\"><span class=\"woocommerce-Price-amount amount\"><span class=\"woocommerce-Price-currencySymbol\">&#8363;<\/span>897,000.00<\/span><\/div>\n\t\t\t\t\n\t\t\t\t<div class=\"wp-block-button wc-block-grid__product-add-to-cart\"><a href=\"?add-to-cart=367\" aria-label=\"Add &ldquo;Multi effets, kem m\u1eb7t \u0111a t\u00e1c d\u1ee5ng&rdquo; to your basket\" data-quantity=\"1\" data-product_id=\"367\" data-product_sku=\"B-3380318\" rel=\"nofollow\" class=\"wp-block-button__link add_to_cart_button ajax_add_to_cart\">Add to basket<\/a><\/div>\n\t\t\t<\/li><li class=\"wc-block-grid__product\">\n\t\t\t\t<a href=\"https:\/\/www.biowink.com.vn\/index.php\/produit\/confort-kem-mat\/\" class=\"wc-block-grid__product-link\">\n\t\t\t\t\t<div class=\"wc-block-grid__product-image\"><img width=\"300\" height=\"457\" src=\"https:\/\/www.biowink.com.vn\/wp-content\/uploads\/2019\/10\/creme_confort-3-300x457.png\" class=\"attachment-woocommerce_thumbnail size-woocommerce_thumbnail\" alt=\"\" loading=\"lazy\" \/><\/div>\n\t\t\t\t\t<div class=\"wc-block-grid__product-title\">Confort,  kem m\u1eb7t<\/div>\n\t\t\t\t<\/a>\n\t\t\t\t\n\t\t\t\t<div class=\"wc-block-grid__product-price price\"><span class=\"woocommerce-Price-amount amount\"><span class=\"woocommerce-Price-currencySymbol\">&#8363;<\/span>893,000.00<\/span><\/div>\n\t\t\t\t\n\t\t\t\t<div class=\"wp-block-button wc-block-grid__product-add-to-cart\"><a href=\"?add-to-cart=366\" aria-label=\"Add &ldquo;Confort,  kem m\u1eb7t&rdquo; to your basket\" data-quantity=\"1\" data-product_id=\"366\" data-product_sku=\"B-3380292\" rel=\"nofollow\" class=\"wp-block-button__link add_to_cart_button ajax_add_to_cart\">Add to basket<\/a><\/div>\n\t\t\t<\/li><li class=\"wc-block-grid__product\">\n\t\t\t\t<a href=\"https:\/\/www.biowink.com.vn\/index.php\/produit\/xt-nng-tm-spf-50-100ml\/\" class=\"wc-block-grid__product-link\">\n\t\t\t\t\t<div class=\"wc-block-grid__product-image\"><img width=\"300\" height=\"457\" src=\"https:\/\/www.biowink.com.vn\/wp-content\/uploads\/1970\/01\/solar-spray-helixium-300x457.jpg\" class=\"attachment-woocommerce_thumbnail size-woocommerce_thumbnail\" alt=\"\" loading=\"lazy\" \/><\/div>\n\t\t\t\t\t<div class=\"wc-block-grid__product-title\">x\u1ecbt n\u1eafng t\u1eafm spf 50 100ml<\/div>\n\t\t\t\t<\/a>\n\t\t\t\t\n\t\t\t\t<div class=\"wc-block-grid__product-price price\"><span class=\"woocommerce-Price-amount amount\"><span class=\"woocommerce-Price-currencySymbol\">&#8363;<\/span>955,000.00<\/span><\/div>\n\t\t\t\t\n\t\t\t\t<div class=\"wp-block-button wc-block-grid__product-add-to-cart\"><a href=\"?add-to-cart=2148\" aria-label=\"Add &ldquo;x\u1ecbt n\u1eafng t\u1eafm spf 50 100ml&rdquo; to your basket\" data-quantity=\"1\" data-product_id=\"2148\" data-product_sku=\"B-3933025\" rel=\"nofollow\" class=\"wp-block-button__link add_to_cart_button ajax_add_to_cart\">Add to basket<\/a><\/div>\n\t\t\t<\/li><li class=\"wc-block-grid__product\">\n\t\t\t\t<a href=\"https:\/\/www.biowink.com.vn\/index.php\/produit\/hu-co-sau-khi-tm-nng-100ml\/\" class=\"wc-block-grid__product-link\">\n\t\t\t\t\t<div class=\"wc-block-grid__product-image\"><img width=\"300\" height=\"457\" src=\"https:\/\/www.biowink.com.vn\/wp-content\/uploads\/1970\/01\/after-sun-gel-helixium-300x457.jpg\" class=\"attachment-woocommerce_thumbnail size-woocommerce_thumbnail\" alt=\"\" loading=\"lazy\" \/><\/div>\n\t\t\t\t\t<div class=\"wc-block-grid__product-title\">h\u1eefu c\u01a1 sau khi t\u1eafm n\u1eafng 100ml<\/div>\n\t\t\t\t<\/a>\n\t\t\t\t\n\t\t\t\t<div class=\"wc-block-grid__product-price price\"><span class=\"woocommerce-Price-amount amount\"><span class=\"woocommerce-Price-currencySymbol\">&#8363;<\/span>955,000.00<\/span><\/div>\n\t\t\t\t\n\t\t\t\t<div class=\"wp-block-button wc-block-grid__product-add-to-cart\"><a href=\"?add-to-cart=2147\" aria-label=\"Add &ldquo;h\u1eefu c\u01a1 sau khi t\u1eafm n\u1eafng 100ml&rdquo; to your basket\" data-quantity=\"1\" data-product_id=\"2147\" data-product_sku=\"B-3933033\" rel=\"nofollow\" class=\"wp-block-button__link add_to_cart_button ajax_add_to_cart\">Add to basket<\/a><\/div>\n\t\t\t<\/li><li class=\"wc-block-grid__product\">\n\t\t\t\t<a href=\"https:\/\/www.biowink.com.vn\/index.php\/produit\/kem-mt-mt-spf50-50ml\/\" class=\"wc-block-grid__product-link\">\n\t\t\t\t\t<div class=\"wc-block-grid__product-image\"><img width=\"300\" height=\"457\" src=\"https:\/\/www.biowink.com.vn\/wp-content\/uploads\/1970\/01\/suncream-helixium-300x457.jpg\" class=\"attachment-woocommerce_thumbnail size-woocommerce_thumbnail\" alt=\"\" loading=\"lazy\" \/><\/div>\n\t\t\t\t\t<div class=\"wc-block-grid__product-title\">kem m\u1eb7t spf50 50ml<\/div>\n\t\t\t\t<\/a>\n\t\t\t\t\n\t\t\t\t<div class=\"wc-block-grid__product-price price\"><span class=\"woocommerce-Price-amount amount\"><span class=\"woocommerce-Price-currencySymbol\">&#8363;<\/span>851,000.00<\/span><\/div>\n\t\t\t\t\n\t\t\t\t<div class=\"wp-block-button wc-block-grid__product-add-to-cart\"><a href=\"?add-to-cart=2146\" aria-label=\"Add &ldquo;kem m\u1eb7t spf50 50ml&rdquo; to your basket\" data-quantity=\"1\" data-product_id=\"2146\" data-product_sku=\"B-3938818\" rel=\"nofollow\" class=\"wp-block-button__link add_to_cart_button ajax_add_to_cart\">Add to basket<\/a><\/div>\n\t\t\t<\/li><li class=\"wc-block-grid__product\">\n\t\t\t\t<a href=\"https:\/\/www.biowink.com.vn\/index.php\/produit\/nuc-micellar-200ml\/\" class=\"wc-block-grid__product-link\">\n\t\t\t\t\t<div class=\"wc-block-grid__product-image\"><img width=\"300\" height=\"457\" src=\"https:\/\/www.biowink.com.vn\/wp-content\/uploads\/1970\/01\/agua_micelar_helixium_by_skinature-300x457.png\" class=\"attachment-woocommerce_thumbnail size-woocommerce_thumbnail\" alt=\"nuoc micelar helixium\" loading=\"lazy\" \/><\/div>\n\t\t\t\t\t<div class=\"wc-block-grid__product-title\">Nuoc micellar 200ml<\/div>\n\t\t\t\t<\/a>\n\t\t\t\t\n\t\t\t\t<div class=\"wc-block-grid__product-price price\"><span class=\"woocommerce-Price-amount amount\"><span class=\"woocommerce-Price-currencySymbol\">&#8363;<\/span>551,000.00<\/span><\/div>\n\t\t\t\t\n\t\t\t\t<div class=\"wp-block-button wc-block-grid__product-add-to-cart\"><a href=\"?add-to-cart=2145\" aria-label=\"Add &ldquo;Nuoc micellar 200ml&rdquo; to your basket\" data-quantity=\"1\" data-product_id=\"2145\" data-product_sku=\"B-3380300\" rel=\"nofollow\" class=\"wp-block-button__link add_to_cart_button ajax_add_to_cart\">Add to basket<\/a><\/div>\n\t\t\t<\/li><li class=\"wc-block-grid__product\">\n\t\t\t\t<a href=\"https:\/\/www.biowink.com.vn\/index.php\/produit\/cham-soc-sua-chua-tay\/\" class=\"wc-block-grid__product-link\">\n\t\t\t\t\t<div class=\"wc-block-grid__product-image\"><img width=\"300\" height=\"457\" src=\"https:\/\/www.biowink.com.vn\/wp-content\/uploads\/2019\/10\/crema_manos_helixium_skinature-300x457.png\" class=\"attachment-woocommerce_thumbnail size-woocommerce_thumbnail\" alt=\"\" loading=\"lazy\" \/><\/div>\n\t\t\t\t\t<div class=\"wc-block-grid__product-title\">ch\u0103m s\u00f3c s\u1eeda ch\u1eefa tay 75 ml<\/div>\n\t\t\t\t<\/a>\n\t\t\t\t\n\t\t\t\t<div class=\"wc-block-grid__product-price price\"><span class=\"woocommerce-Price-amount amount\"><span class=\"woocommerce-Price-currencySymbol\">&#8363;<\/span>443,000.00<\/span><\/div>\n\t\t\t\t\n\t\t\t\t<div class=\"wp-block-button wc-block-grid__product-add-to-cart\"><a href=\"?add-to-cart=2144\" aria-label=\"Add &ldquo;ch\u0103m s\u00f3c s\u1eeda ch\u1eefa tay 75 ml&rdquo; to your basket\" data-quantity=\"1\" data-product_id=\"2144\" data-product_sku=\"B-3896610\" rel=\"nofollow\" class=\"wp-block-button__link add_to_cart_button ajax_add_to_cart\">Add to basket<\/a><\/div>\n\t\t\t<\/li><\/ul><\/div>","protected":false},"excerpt":{"rendered":"<p>C\u00f4ng th\u1ee9c \u0111\u1ed9c quy\u1ec1n sinh h\u1ecdc M\u1ed9t ch\u1ea5t nh\u1ea7y \u1ed1c s\u00ean tr\u00ean th\u1ebf gi\u1edbi v\u00e0 ch\u1ea5t l\u01b0\u1ee3ng v\u01b0\u1ee3t tr\u1ed9i, k\u1ebft h\u1ee3p v\u1edbi su su (Sechium Edule). L\u00e0m th\u1ebf n\u00e0o \u0111\u1ec3 ch\u00fang ta c\u00f3 \u0111\u01b0\u1ee3c ch\u1ea5t l\u01b0\u1ee3ng n\u00e0y? \u1ed0c s\u00ean t\u1eeb trang tr\u1ea1i Bourgogne (Ph\u00e1p), \u0111\u01b0\u1ee3c nu\u00f4i b\u1eb1ng th\u1ee9c \u0103n sinh h\u1ecdc; B\u1ed9 nh\u1edb th\u1ee7 c\u00f4ng, &hellip; <\/p>\n","protected":false},"author":1,"featured_media":0,"parent":0,"menu_order":0,"comment_status":"closed","ping_status":"closed","template":"","meta":[],"yoast_head":"<!-- This site is optimized with the Yoast SEO plugin v15.5 - https:\/\/yoast.com\/wordpress\/plugins\/seo\/ -->\n<title>The Helixium Organic cosmetics - Bio Wink Vietnam<\/title>\n<meta name=\"description\" content=\"Helixium offer some organic cosmetics with prodigious and effective ingredients: snail mucus and chayote\" \/>\n<meta name=\"robots\" content=\"index, follow, max-snippet:-1, max-image-preview:large, max-video-preview:-1\" \/>\n<link rel=\"canonical\" href=\"https:\/\/www.biowink.com.vn\/index.php\/helixium\/\" \/>\n<meta property=\"og:locale\" content=\"en_GB\" \/>\n<meta property=\"og:type\" content=\"article\" \/>\n<meta property=\"og:title\" content=\"The Helixium Organic cosmetics - Bio Wink Vietnam\" \/>\n<meta property=\"og:description\" content=\"Helixium offer some organic cosmetics with prodigious and effective ingredients: snail mucus and chayote\" \/>\n<meta property=\"og:url\" content=\"https:\/\/www.biowink.com.vn\/index.php\/helixium\/\" \/>\n<meta property=\"og:site_name\" content=\"Bio Wink Vietnam\" \/>\n<meta property=\"article:publisher\" content=\"https:\/\/www.facebook.com\/biowinkvn\/\" \/>\n<meta property=\"article:modified_time\" content=\"2020-01-14T04:30:22+00:00\" \/>\n<meta name=\"twitter:card\" content=\"summary_large_image\" \/>\n<meta name=\"twitter:label1\" content=\"Estimated reading time\">\n\t<meta name=\"twitter:data1\" content=\"1 minute\">\n<script type=\"application\/ld+json\" class=\"yoast-schema-graph\">{\"@context\":\"https:\/\/schema.org\",\"@graph\":[{\"@type\":\"Organization\",\"@id\":\"https:\/\/www.biowink.com.vn\/#organization\",\"name\":\"Bio Wink Vi\\u1ec7t Nam\",\"url\":\"https:\/\/www.biowink.com.vn\/\",\"sameAs\":[\"https:\/\/www.facebook.com\/biowinkvn\/\",\"https:\/\/www.instagram.com\/biowinkinvietnam\"],\"logo\":{\"@type\":\"ImageObject\",\"@id\":\"https:\/\/www.biowink.com.vn\/#logo\",\"inLanguage\":\"en-GB\",\"url\":\"https:\/\/www.biowink.com.vn\/wp-content\/uploads\/2019\/10\/logo-biowink-VN-KR.jpg\",\"width\":1600,\"height\":1600,\"caption\":\"Bio Wink Vi\\u1ec7t Nam\"},\"image\":{\"@id\":\"https:\/\/www.biowink.com.vn\/#logo\"}},{\"@type\":\"WebSite\",\"@id\":\"https:\/\/www.biowink.com.vn\/#website\",\"url\":\"https:\/\/www.biowink.com.vn\/\",\"name\":\"Bio Wink Vietnam\",\"description\":\"\",\"publisher\":{\"@id\":\"https:\/\/www.biowink.com.vn\/#organization\"},\"potentialAction\":[{\"@type\":\"SearchAction\",\"target\":\"https:\/\/www.biowink.com.vn\/?s={search_term_string}\",\"query-input\":\"required name=search_term_string\"}],\"inLanguage\":\"en-GB\"},{\"@type\":\"WebPage\",\"@id\":\"https:\/\/www.biowink.com.vn\/index.php\/helixium\/#webpage\",\"url\":\"https:\/\/www.biowink.com.vn\/index.php\/helixium\/\",\"name\":\"The Helixium Organic cosmetics - Bio Wink Vietnam\",\"isPartOf\":{\"@id\":\"https:\/\/www.biowink.com.vn\/#website\"},\"datePublished\":\"2019-10-12T11:16:43+00:00\",\"dateModified\":\"2020-01-14T04:30:22+00:00\",\"description\":\"Helixium offer some organic cosmetics with prodigious and effective ingredients: snail mucus and chayote\",\"inLanguage\":\"en-GB\",\"potentialAction\":[{\"@type\":\"ReadAction\",\"target\":[\"https:\/\/www.biowink.com.vn\/index.php\/helixium\/\"]}]}]}<\/script>\n<!-- \/ Yoast SEO plugin. -->","_links":{"self":[{"href":"https:\/\/www.biowink.com.vn\/index.php\/wp-json\/wp\/v2\/pages\/385"}],"collection":[{"href":"https:\/\/www.biowink.com.vn\/index.php\/wp-json\/wp\/v2\/pages"}],"about":[{"href":"https:\/\/www.biowink.com.vn\/index.php\/wp-json\/wp\/v2\/types\/page"}],"author":[{"embeddable":true,"href":"https:\/\/www.biowink.com.vn\/index.php\/wp-json\/wp\/v2\/users\/1"}],"replies":[{"embeddable":true,"href":"https:\/\/www.biowink.com.vn\/index.php\/wp-json\/wp\/v2\/comments?post=385"}],"version-history":[{"count":9,"href":"https:\/\/www.biowink.com.vn\/index.php\/wp-json\/wp\/v2\/pages\/385\/revisions"}],"predecessor-version":[{"id":4733,"href":"https:\/\/www.biowink.com.vn\/index.php\/wp-json\/wp\/v2\/pages\/385\/revisions\/4733"}],"wp:attachment":[{"href":"https:\/\/www.biowink.com.vn\/index.php\/wp-json\/wp\/v2\/media?parent=385"}],"curies":[{"name":"wp","href":"https:\/\/api.w.org\/{rel}","templated":true}]}}