{"id":498,"date":"2019-10-12T18:42:16","date_gmt":"2019-10-12T16:42:16","guid":{"rendered":"http:\/\/www.biowink.com.vn\/?page_id=498"},"modified":"2020-10-07T06:33:03","modified_gmt":"2020-10-07T04:33:03","slug":"home-2","status":"publish","type":"page","link":"https:\/\/www.biowink.com.vn\/","title":{"rendered":"Home vn"},"content":{"rendered":"\n<div class=\"alignnormal\"><div id=\"metaslider-id-781\" style=\"width: 100%;\" class=\"ml-slider-3-19-1 metaslider metaslider-flex metaslider-781 ml-slider\">\n    <div id=\"metaslider_container_781\">\n        <div id=\"metaslider_781\">\n            <ul aria-live=\"polite\" class=\"slides\">\n                <li style=\"display: block; width: 100%;\" class=\"slide-798 ms-image\"><img src=\"https:\/\/www.biowink.com.vn\/wp-content\/uploads\/2019\/10\/Lady-Green-range_Schaduwbewerkt-900x600.png\" height=\"600\" width=\"900\" alt=\"\" class=\"slider-781 slide-798\" title=\"Lady-Green-range_Schaduwbewerkt\" \/><\/li>\n                <li style=\"display: none; width: 100%;\" class=\"slide-13544 ms-image\"><img src=\"https:\/\/www.biowink.com.vn\/wp-content\/uploads\/2020\/10\/gamme-manetik-900x600.jpg\" height=\"600\" width=\"900\" alt=\"\" class=\"slider-781 slide-13544\" title=\"gamme-manetik\" \/><\/li>\n                <li style=\"display: none; width: 100%;\" class=\"slide-13552 ms-image\"><img src=\"https:\/\/www.biowink.com.vn\/wp-content\/uploads\/2020\/10\/SOINS-BIO-GUERANDE-MARIE-NATURE-BIO-NANTES-900x600.jpg\" height=\"600\" width=\"900\" alt=\"\" class=\"slider-781 slide-13552\" title=\"SOINS BIO GUERANDE MARIE NATURE BIO NANTES\" \/><\/li>\n                <li style=\"display: none; width: 100%;\" class=\"slide-13554 ms-image\"><img src=\"https:\/\/www.biowink.com.vn\/wp-content\/uploads\/2020\/10\/gamme-helixium-900x600.jpg\" height=\"600\" width=\"900\" alt=\"\" class=\"slider-781 slide-13554\" title=\"gamme helixium\" \/><\/li>\n                <li style=\"display: none; width: 100%;\" class=\"slide-13621 ms-image\"><img src=\"https:\/\/www.biowink.com.vn\/wp-content\/uploads\/2020\/10\/boy-1261760-scaled-900x600.jpg\" height=\"600\" width=\"900\" alt=\"\" class=\"slider-781 slide-13621\" title=\"boy-1261760\" \/><\/li>\n                <li style=\"display: none; width: 100%;\" class=\"slide-13558 ms-image\"><img src=\"https:\/\/www.biowink.com.vn\/wp-content\/uploads\/2020\/10\/Petit-Prince-900x600.jpg\" height=\"600\" width=\"900\" alt=\"petit prince\" class=\"slider-781 slide-13558\" title=\"Petit-Prince\" \/><\/li>\n                <li style=\"display: none; width: 100%;\" class=\"slide-13623 ms-image\"><img src=\"https:\/\/www.biowink.com.vn\/wp-content\/uploads\/2020\/10\/4-scaled-900x600.jpg\" height=\"600\" width=\"900\" alt=\"\" class=\"slider-781 slide-13623\" title=\"4\" \/><\/li>\n                <li style=\"display: none; width: 100%;\" class=\"slide-13626 ms-image\"><img src=\"https:\/\/www.biowink.com.vn\/wp-content\/uploads\/2020\/10\/gel-hunter-800x533.png\" height=\"600\" width=\"900\" alt=\"\" class=\"slider-781 slide-13626\" title=\"gel hunter\" \/><\/li>\n                <li style=\"display: none; width: 100%;\" class=\"slide-13627 ms-image\"><img src=\"https:\/\/www.biowink.com.vn\/wp-content\/uploads\/2020\/10\/ritual-purete-800x533.png\" height=\"600\" width=\"900\" alt=\"\" class=\"slider-781 slide-13627\" title=\"ritual purete\" \/><\/li>\n                <li style=\"display: none; width: 100%;\" class=\"slide-799 ms-image\"><img src=\"https:\/\/www.biowink.com.vn\/wp-content\/uploads\/2019\/10\/main-banner-omum-700x400-600x400.jpg\" height=\"600\" width=\"900\" alt=\"\" class=\"slider-781 slide-799\" title=\"main-banner-omum 700x400\" \/><\/li>\n                <li style=\"display: none; width: 100%;\" class=\"slide-13634 ms-image\"><img src=\"https:\/\/www.biowink.com.vn\/wp-content\/uploads\/2020\/10\/ao-dai-1491063-900x600.jpg\" height=\"600\" width=\"900\" alt=\"\" class=\"slider-781 slide-13634\" title=\"ao-dai-1491063\" \/><\/li>\n                <li style=\"display: none; width: 100%;\" class=\"slide-13619 ms-image\"><img src=\"https:\/\/www.biowink.com.vn\/wp-content\/uploads\/2020\/10\/142_14758-900x600.jpg\" height=\"600\" width=\"900\" alt=\"\" class=\"slider-781 slide-13619\" title=\"142_14758\" \/><\/li>\n                <li style=\"display: none; width: 100%;\" class=\"slide-13635 ms-image\"><img src=\"https:\/\/www.biowink.com.vn\/wp-content\/uploads\/2020\/10\/Asian-Woman-Wink-900x600.jpg\" height=\"600\" width=\"900\" alt=\"\" class=\"slider-781 slide-13635\" title=\"Asian-Woman-Wink\" \/><\/li>\n                <li style=\"display: none; width: 100%;\" class=\"slide-13630 ms-image\"><img src=\"https:\/\/www.biowink.com.vn\/wp-content\/uploads\/2020\/10\/lapin-cruelty-free-750x500.jpg\" height=\"600\" width=\"900\" alt=\"\" class=\"slider-781 slide-13630\" title=\"lapin cruelty free\" \/><\/li>\n                <li style=\"display: none; width: 100%;\" class=\"slide-13640 ms-image\"><img src=\"https:\/\/www.biowink.com.vn\/wp-content\/uploads\/2020\/10\/UNDERARMSnm-818x546.jpg\" height=\"600\" width=\"900\" alt=\"\" class=\"slider-781 slide-13640\" title=\"UNDERARMSnm\" \/><\/li>\n                <li style=\"display: none; width: 100%;\" class=\"slide-13670 ms-image\"><img src=\"https:\/\/www.biowink.com.vn\/wp-content\/uploads\/2020\/10\/Maricha-pic-900x600.jpg\" height=\"600\" width=\"900\" alt=\"\" class=\"slider-781 slide-13670\" title=\"Maricha new proposal\" \/><\/li>\n            <\/ul>\n        <\/div>\n        \n    <\/div>\n<\/div><\/div>\n\n\n\n<p> Biowink l\u00e0 m\u1ed9t m\u1ea1ng l\u01b0\u1edbi chuy\u00ean nghi\u1ec7p c\u1ee7a c\u00e1c nh\u00e0 s\u1ea3n xu\u1ea5t s\u1ea3n ph\u1ea9m h\u1eefu c\u01a1 \u0111\u01b0\u1ee3c t\u1ed5 ch\u1ee9c b\u1edfi c\u00f4ng ty IC Pharma. <br>\n<\/p>\n\n\n\n<p>Ch\u00fang t\u00f4i \u0111\u00e3 ch\u1ecdn ch\u00fang cho ch\u1ea5t l\u01b0\u1ee3ng c\u00f4ng vi\u1ec7c v\u00e0 s\u1eed d\u1ee5ng v\u1eadt li\u1ec7u t\u1ed5ng h\u1ee3p ho\u1ea1t \u0111\u1ed9ng v\u00e0 t\u1ef1 nhi\u00ean.<br>\nS\u1ea3n ph\u1ea9m c\u1ee7a h\u1ecd r\u1ea5t th\u00e0nh c\u00f4ng trong s\u1ed1 nh\u1eefng ng\u01b0\u1eddi ti\u00eau d\u00f9ng \u1edf ch\u00e2u \u00c2u.<br>\nD\u1ef1a tr\u00ean nh\u1eefng th\u00e0nh c\u00f4ng n\u00e0y, IC Pharma cam k\u1ebft cung c\u1ea5p cho ng\u01b0\u1eddi Vi\u1ec7t nh\u1eefng l\u1ee3i \u00edch c\u1ee7a \u01b0u \u0111\u00e3i Biowink.<\/p>\n\n\n\n<p> t\u00f4i \u0111\u00e3 ch\u1ecdn ch\u00fang cho ch\u1ea5t l\u01b0\u1ee3ng c\u00f4ng vi\u1ec7c v\u00e0 vi\u1ec7c s\u1eed d\u1ee5ng c\u00e1c ch\u1ea5t t\u1ed5ng h\u1ee3p ho\u1ea1t \u0111\u1ed9ng v\u00e0 t\u1ef1 nhi\u00ean. <br> <\/p>\n\n\n\n<p> Trong v\u00e0i n\u0103m, h\u1ecd \u0111\u00e3 c\u00f3 m\u1ed9t v\u1ecb tr\u00ed quan tr\u1ecdng trong th\u1ecb tr\u01b0\u1eddng ch\u00e2u \u00c2u v\u00e0 nh\u1eadn \u0111\u01b0\u1ee3c s\u1ef1 c\u00f4ng nh\u1eadn cao c\u1ee7a ng\u01b0\u1eddi ti\u00eau d\u00f9ng. <br>\n<\/p>\n\n\n\n<p> \u0110\u01b0\u1ee3c h\u1ed7 tr\u1ee3 v\u1edbi nh\u1eefng th\u00e0nh c\u00f4ng n\u00e0y, IC Pharma \u0111\u00e3 d\u00e0nh \u0111\u1ec3 cung c\u1ea5p cho ng\u01b0\u1eddi Vi\u1ec7t nh\u1eefng l\u1ee3i \u00edch c\u1ee7a \u01b0u \u0111\u00e3i Biowink. <br>\n<\/p>\n\n\n\n<p> Ch\u00fang t\u00f4i r\u1ea5t vui m\u1eebng \u0111\u01b0\u1ee3c gi\u1edbi thi\u1ec7u cho b\u1ea1n m\u1ed9t lo\u1ea1t c\u00e1c s\u1ea3n ph\u1ea9m h\u1eefu c\u01a1 v\u00e0 \u0111\u01b0\u1ee3c ch\u1ee9ng nh\u1eadn h\u1eefu c\u01a1. Nh\u1eefng \u0111i\u1ec1u n\u00e0y s\u1ebd s\u1edbm tham gia v\u00e0o s\u1ee9c kh\u1ecfe v\u00e0 v\u1ebb \u0111\u1eb9p c\u1ee7a l\u00e0n da c\u1ee7a b\u1ea1n. <br>\n<\/p>\n\n\n\n<h4> L\u1ef1a ch\u1ecdn Biowink bao g\u1ed3m m\u1ed9t s\u1ed1 nh\u00e3n hi\u1ec7u chuy\u00ean bi\u1ec7t cho t\u1ea5t c\u1ea3 m\u1ecdi ng\u01b0\u1eddi v\u1ec1 \u0111\u1ed9 tu\u1ed5i v\u00e0 lo\u1ea1i da c\u1ee7a h\u1ecd: <br> <\/h4>\n\n\n\n<p>Suncoatgirls s\u01a1n m\u00f3ng tay v\u00e0 son d\u01b0\u1ee1ng Crazyrumors ph\u00f9 h\u1ee3p v\u1edbi nh\u1eefng c\u00f4 g\u00e1i tr\u1ebb. Ch\u00fang s\u1ebd c\u00f3 th\u1ec3 tr\u00f4ng xinh \u0111\u1eb9p nh\u01b0 m\u1eb9 m\u00e0 kh\u00f4ng l\u00e0m h\u1ecfng da.<\/p>\n\n\n\n<figure class=\"wp-block-embed-youtube wp-block-embed is-type-video is-provider-youtube wp-embed-aspect-16-9 wp-has-aspect-ratio\"><div class=\"wp-block-embed__wrapper\">\n<iframe title=\"Biowink vn\" width=\"1020\" height=\"574\" src=\"https:\/\/www.youtube.com\/embed\/P5d67WTaURA?feature=oembed\" frameborder=\"0\" allow=\"accelerometer; autoplay; clipboard-write; encrypted-media; gyroscope; picture-in-picture\" allowfullscreen><\/iframe>\n<\/div><\/figure>\n\n\n\n<p><br> Sau \u0111\u00f3, m\u1ef9 ph\u1ea9m h\u1eefu c\u01a1 <a href=\"http:\/\/www.biowink.com.vn\/index.php\/lady-green\/\">Lady Green<\/a> v\u00e0 Manetik ph\u00f9 h\u1ee3p cho tr\u1ebb l\u1edbn, thanh thi\u1ebfu ni\u00ean v\u00e0 thanh ni\u00ean. Nh\u1eefng s\u1ea3n ph\u1ea9m n\u00e0y l\u00e0m gi\u1ea3m c\u00e1c v\u1ea5n \u0111\u1ec1 v\u1ec1 da v\u00e0 m\u1ee5n tr\u1ee9ng c\u00e1. B\u1ea1n s\u1ebd c\u00f3 m\u1ed9t khu\u00f4n m\u1eb7t s\u1eafc n\u00e9t h\u01a1n.<\/p>\n\n\n\n<p>D\u00f2ng <a href=\"http:\/\/www.biowink.com.vn\/index.php\/omum-cho-phu-nu-mang-thai\/\">Omum<\/a> ph\u00f9 h\u1ee3p h\u01a1n cho ph\u1ee5 n\u1eef v\u00e0 \u0111\u1eb7c bi\u1ec7t l\u00e0 nh\u1eefng ng\u01b0\u1eddi \u0111ang mang thai. C\u00e1c s\u1ea3n ph\u1ea9m \u0111\u01b0\u1ee3c \u0111i\u1ec1u ch\u1ec9nh ph\u00f9 h\u1ee3p v\u1edbi s\u1ef1 nh\u1ea1y c\u1ea3m c\u1ee7a c\u00e1c b\u00e0 m\u1eb9 v\u00e0 nh\u1eefng c\u0103ng th\u1eb3ng t\u00e1c \u0111\u1ed9ng l\u00ean da khi mang thai. \u0110i\u1ec1u n\u00e0y s\u1ebd gi\u00fap h\u1ecd d\u1ec5 d\u00e0ng t\u00ecm th\u1ea5y l\u00e0n da tr\u01b0\u1edbc \u0111\u00e2y c\u1ee7a m\u00ecnh.<\/p>\n\n\n\n<p><br> M\u1ef9 ph\u1ea9m <a href=\"http:\/\/www.biowink.com.vn\/index.php\/guerande-2\/\">Guerande<\/a> \u0111\u01b0\u1ee3c l\u00e0m t\u1eeb c\u00e1c th\u00e0nh ph\u1ea7n phong ph\u00fa t\u1eeb \u0111\u1ea7m l\u1ea7y mu\u1ed1i \u0111\u1ec3 c\u00e2n b\u1eb1ng da.<\/p>\n\n\n\n<p><br> Ph\u01b0\u01a1ng ph\u00e1p \u0111i\u1ec1u tr\u1ecb b\u1eb1ng <a href=\"http:\/\/www.biowink.com.vn\/index.php\/helixium\/\">Helixium<\/a> v\u1edbi chi\u1ebft xu\u1ea5t ch\u1ea5t nh\u1ea7y c\u1ee7a \u1ed1c s\u00ean gi\u00fap gi\u1ea3m n\u1ebfp nh\u0103n v\u00e0 l\u00e0m phong ph\u00fa l\u00e0n da. (\u0111\u1ed9ng v\u1eadt \u0111\u01b0\u1ee3c nu\u00f4i trong \u0111i\u1ec1u ki\u1ec7n v\u1ec7 sinh v\u00e0 sinh h\u1ecdc nghi\u00eam ng\u1eb7t)<\/p>\n\n\n\n<p>Multiderm l\u00e0 m\u1ed9t lo\u1ea1t c\u00e1c s\u1ea3n ph\u1ea9m ch\u0103m s\u00f3c da d\u00e0nh cho nh\u1eefng ng\u01b0\u1eddi mu\u1ed1n gi\u1eef cho l\u00e0n da c\u1ee7a h\u1ecd tr\u1eafng.<br> \u00a0\u00a0\u00a0\u00a0\u00a0\u00a0\u00a0\u00a0\u00a0\u00a0\u00a0<br>C\u00e1c s\u1ea3n ph\u1ea9m Belice ph\u1ee5c v\u1ee5 c\u1ea3 gia \u0111\u00ecnh trong cu\u1ed9c s\u1ed1ng h\u00e0ng ng\u00e0y c\u1ee7a h\u1ecd trong khi t\u00f4n tr\u1ecdng thi\u00ean nhi\u00ean v\u1edbi bao b\u00ec sinh th\u00e1i.<\/p>\n\n\n\n<p><a href=\"http:\/\/www.biowink.com.vn\/index.php\/contact\/\" target=\"_blank\" rel=\"noreferrer noopener\">Vui l\u00f2ng li\u00ean h\u1ec7<\/a> v\u1edbi ch\u00fang t\u00f4i n\u1ebfu b\u1ea1n c\u00f3 b\u1ea5t k\u1ef3 c\u00e2u h\u1ecfi n\u00e0o v\u1ec1 ch\u00fang ho\u1eb7c c\u00e1c d\u1ecbch v\u1ee5 biowink. B\u1ea1n c\u0169ng c\u00f3 th\u1ec3 \u0111\u1eb7t tr\u01b0\u1edbc ch\u00fang tr\u1ef1c tuy\u1ebfn tr\u01b0\u1edbc khi gi\u1edbi thi\u1ec7u ra th\u1ecb tr\u01b0\u1eddng v\u00e0o th\u00e1ng 12. <br> <\/p>\n\n\n\n<p> Ch\u00fang t\u00f4i mong \u0111\u01b0\u1ee3c ph\u1ee5c v\u1ee5 b\u1ea1n. <\/p>\n\n\n\n<p><\/p>\n\n\n<div role=\"form\" class=\"wpcf7\" id=\"wpcf7-f459-o1\" lang=\"en-GB\" dir=\"ltr\">\n<div class=\"screen-reader-response\"><p role=\"status\" aria-live=\"polite\" aria-atomic=\"true\"><\/p> <ul><\/ul><\/div>\n<form action=\"\/index.php\/wp-json\/wp\/v2\/pages\/498#wpcf7-f459-o1\" method=\"post\" class=\"wpcf7-form init\" novalidate=\"novalidate\" data-status=\"init\">\n<div style=\"display: none;\">\n<input type=\"hidden\" name=\"_wpcf7\" value=\"459\" \/>\n<input type=\"hidden\" name=\"_wpcf7_version\" value=\"5.3.2\" \/>\n<input type=\"hidden\" name=\"_wpcf7_locale\" value=\"en_GB\" \/>\n<input type=\"hidden\" name=\"_wpcf7_unit_tag\" value=\"wpcf7-f459-o1\" \/>\n<input type=\"hidden\" name=\"_wpcf7_container_post\" value=\"0\" \/>\n<input type=\"hidden\" name=\"_wpcf7_posted_data_hash\" value=\"\" \/>\n<\/div>\n<p><label> Your Name (required)<br \/>\n    <span class=\"wpcf7-form-control-wrap your-name\"><input type=\"text\" name=\"your-name\" value=\"\" size=\"40\" class=\"wpcf7-form-control wpcf7-text wpcf7-validates-as-required\" aria-required=\"true\" aria-invalid=\"false\" \/><\/span> <\/label><\/p>\n<p><label> Your Email (required)<br \/>\n    <span class=\"wpcf7-form-control-wrap your-email\"><input type=\"email\" name=\"your-email\" value=\"\" size=\"40\" class=\"wpcf7-form-control wpcf7-text wpcf7-email wpcf7-validates-as-required wpcf7-validates-as-email\" aria-required=\"true\" aria-invalid=\"false\" \/><\/span> <\/label><\/p>\n<p><label> Subject<br \/>\n    <span class=\"wpcf7-form-control-wrap your-subject\"><input type=\"text\" name=\"your-subject\" value=\"\" size=\"40\" class=\"wpcf7-form-control wpcf7-text\" aria-invalid=\"false\" \/><\/span> <\/label><\/p>\n<p><label> Your Message<br \/>\n    <span class=\"wpcf7-form-control-wrap your-message\"><textarea name=\"your-message\" cols=\"40\" rows=\"10\" class=\"wpcf7-form-control wpcf7-textarea\" aria-invalid=\"false\"><\/textarea><\/span> <\/label><\/p>\n<p><input type=\"submit\" value=\"Send\" class=\"wpcf7-form-control wpcf7-submit\" \/><\/p>\n<div class=\"wpcf7-response-output\" aria-hidden=\"true\"><\/div><\/form><\/div>\n\n\n\n<p><\/p>\n","protected":false},"excerpt":{"rendered":"<p>Biowink l\u00e0 m\u1ed9t m\u1ea1ng l\u01b0\u1edbi chuy\u00ean nghi\u1ec7p c\u1ee7a c\u00e1c nh\u00e0 s\u1ea3n xu\u1ea5t s\u1ea3n ph\u1ea9m h\u1eefu c\u01a1 \u0111\u01b0\u1ee3c t\u1ed5 ch\u1ee9c b\u1edfi c\u00f4ng ty IC Pharma. Ch\u00fang t\u00f4i \u0111\u00e3 ch\u1ecdn ch\u00fang cho ch\u1ea5t l\u01b0\u1ee3ng c\u00f4ng vi\u1ec7c v\u00e0 s\u1eed d\u1ee5ng v\u1eadt li\u1ec7u t\u1ed5ng h\u1ee3p ho\u1ea1t \u0111\u1ed9ng v\u00e0 t\u1ef1 nhi\u00ean. S\u1ea3n ph\u1ea9m c\u1ee7a h\u1ecd r\u1ea5t th\u00e0nh c\u00f4ng trong s\u1ed1 &hellip; <\/p>\n","protected":false},"author":1,"featured_media":0,"parent":0,"menu_order":0,"comment_status":"closed","ping_status":"closed","template":"","meta":[],"yoast_head":"<!-- This site is optimized with the Yoast SEO plugin v15.5 - https:\/\/yoast.com\/wordpress\/plugins\/seo\/ -->\n<title>Home vn - Bio Wink Vietnam<\/title>\n<meta name=\"description\" content=\"Biowink l\u00e0 m\u1ed9t m\u1ea1ng l\u01b0\u1edbi chuy\u00ean nghi\u1ec7p c\u1ee7a c\u00e1c nh\u00e0 s\u1ea3n xu\u1ea5t s\u1ea3n ph\u1ea9m h\u1eefu c\u01a1 \u0111\u01b0\u1ee3c t\u1ed5 ch\u1ee9c b\u1edfi c\u00f4ng ty IC Pharma.\" \/>\n<meta name=\"robots\" content=\"index, follow, max-snippet:-1, max-image-preview:large, max-video-preview:-1\" \/>\n<link rel=\"canonical\" href=\"https:\/\/www.biowink.com.vn\/\" \/>\n<meta property=\"og:locale\" content=\"en_GB\" \/>\n<meta property=\"og:type\" content=\"article\" \/>\n<meta property=\"og:title\" content=\"Home vn - Bio Wink Vietnam\" \/>\n<meta property=\"og:description\" content=\"Biowink l\u00e0 m\u1ed9t m\u1ea1ng l\u01b0\u1edbi chuy\u00ean nghi\u1ec7p c\u1ee7a c\u00e1c nh\u00e0 s\u1ea3n xu\u1ea5t s\u1ea3n ph\u1ea9m h\u1eefu c\u01a1 \u0111\u01b0\u1ee3c t\u1ed5 ch\u1ee9c b\u1edfi c\u00f4ng ty IC Pharma.\" \/>\n<meta property=\"og:url\" content=\"https:\/\/www.biowink.com.vn\/\" \/>\n<meta property=\"og:site_name\" content=\"Bio Wink Vietnam\" \/>\n<meta property=\"article:publisher\" content=\"https:\/\/www.facebook.com\/biowinkvn\/\" \/>\n<meta property=\"article:modified_time\" content=\"2020-10-07T04:33:03+00:00\" \/>\n<meta name=\"twitter:card\" content=\"summary_large_image\" \/>\n<meta name=\"twitter:label1\" content=\"Estimated reading time\">\n\t<meta name=\"twitter:data1\" content=\"3 minutes\">\n<script type=\"application\/ld+json\" class=\"yoast-schema-graph\">{\"@context\":\"https:\/\/schema.org\",\"@graph\":[{\"@type\":\"Organization\",\"@id\":\"https:\/\/www.biowink.com.vn\/#organization\",\"name\":\"Bio Wink Vi\\u1ec7t Nam\",\"url\":\"https:\/\/www.biowink.com.vn\/\",\"sameAs\":[\"https:\/\/www.facebook.com\/biowinkvn\/\",\"https:\/\/www.instagram.com\/biowinkinvietnam\"],\"logo\":{\"@type\":\"ImageObject\",\"@id\":\"https:\/\/www.biowink.com.vn\/#logo\",\"inLanguage\":\"en-GB\",\"url\":\"https:\/\/www.biowink.com.vn\/wp-content\/uploads\/2019\/10\/logo-biowink-VN-KR.jpg\",\"width\":1600,\"height\":1600,\"caption\":\"Bio Wink Vi\\u1ec7t Nam\"},\"image\":{\"@id\":\"https:\/\/www.biowink.com.vn\/#logo\"}},{\"@type\":\"WebSite\",\"@id\":\"https:\/\/www.biowink.com.vn\/#website\",\"url\":\"https:\/\/www.biowink.com.vn\/\",\"name\":\"Bio Wink Vietnam\",\"description\":\"\",\"publisher\":{\"@id\":\"https:\/\/www.biowink.com.vn\/#organization\"},\"potentialAction\":[{\"@type\":\"SearchAction\",\"target\":\"https:\/\/www.biowink.com.vn\/?s={search_term_string}\",\"query-input\":\"required name=search_term_string\"}],\"inLanguage\":\"en-GB\"},{\"@type\":\"WebPage\",\"@id\":\"https:\/\/www.biowink.com.vn\/#webpage\",\"url\":\"https:\/\/www.biowink.com.vn\/\",\"name\":\"Home vn - Bio Wink Vietnam\",\"isPartOf\":{\"@id\":\"https:\/\/www.biowink.com.vn\/#website\"},\"datePublished\":\"2019-10-12T16:42:16+00:00\",\"dateModified\":\"2020-10-07T04:33:03+00:00\",\"description\":\"Biowink l\\u00e0 m\\u1ed9t m\\u1ea1ng l\\u01b0\\u1edbi chuy\\u00ean nghi\\u1ec7p c\\u1ee7a c\\u00e1c nh\\u00e0 s\\u1ea3n xu\\u1ea5t s\\u1ea3n ph\\u1ea9m h\\u1eefu c\\u01a1 \\u0111\\u01b0\\u1ee3c t\\u1ed5 ch\\u1ee9c b\\u1edfi c\\u00f4ng ty IC Pharma.\",\"inLanguage\":\"en-GB\",\"potentialAction\":[{\"@type\":\"ReadAction\",\"target\":[\"https:\/\/www.biowink.com.vn\/\"]}]}]}<\/script>\n<!-- \/ Yoast SEO plugin. -->","_links":{"self":[{"href":"https:\/\/www.biowink.com.vn\/index.php\/wp-json\/wp\/v2\/pages\/498"}],"collection":[{"href":"https:\/\/www.biowink.com.vn\/index.php\/wp-json\/wp\/v2\/pages"}],"about":[{"href":"https:\/\/www.biowink.com.vn\/index.php\/wp-json\/wp\/v2\/types\/page"}],"author":[{"embeddable":true,"href":"https:\/\/www.biowink.com.vn\/index.php\/wp-json\/wp\/v2\/users\/1"}],"replies":[{"embeddable":true,"href":"https:\/\/www.biowink.com.vn\/index.php\/wp-json\/wp\/v2\/comments?post=498"}],"version-history":[{"count":16,"href":"https:\/\/www.biowink.com.vn\/index.php\/wp-json\/wp\/v2\/pages\/498\/revisions"}],"predecessor-version":[{"id":13678,"href":"https:\/\/www.biowink.com.vn\/index.php\/wp-json\/wp\/v2\/pages\/498\/revisions\/13678"}],"wp:attachment":[{"href":"https:\/\/www.biowink.com.vn\/index.php\/wp-json\/wp\/v2\/media?parent=498"}],"curies":[{"name":"wp","href":"https:\/\/api.w.org\/{rel}","templated":true}]}}