{"id":13374,"date":"2020-10-02T12:31:03","date_gmt":"2020-10-02T10:31:03","guid":{"rendered":"http:\/\/www.biowink.com.vn\/?post_type=product&#038;p=13374"},"modified":"2020-10-05T04:38:22","modified_gmt":"2020-10-05T02:38:22","slug":"spot-hunter-thanh-gel-tri-mun-dieu-tri-mun-hieu-qua","status":"publish","type":"product","link":"https:\/\/www.biowink.com.vn\/index.php\/produit\/spot-hunter-thanh-gel-tri-mun-dieu-tri-mun-hieu-qua\/","title":{"rendered":"SPOT HUNTER THANH GEL TR\u1eca M\u1ee4N  \u0110i\u1ec1u tr\u1ecb m\u1ee5n hi\u1ec7u qu\u1ea3"},"content":{"rendered":"<p>Thanh gel tr\u1ecb m\u1ee5n MANETIK r\u1ea5t gi\u00e0u c\u00e1c th\u00e0nh ph\u1ea7n ho\u1ea1t t\u00ednh t\u1ef1 nhi\u00ean gi\u00fap l\u00e0m kh\u00f4 c\u00e1c t\u1ea1p ch\u1ea5t tr\u00ean da gi\u00fap l\u00e0m s\u00e1ng v\u00e0 d\u1ecbu da.<\/p>\n<p>V\u1edbi th\u00e0nh ph\u1ea7n g\u1ed3m nha \u0111am gi\u00e0u \u0111\u1ed9 \u1ea9m, s\u1ea7u \u0111\u00e2u (xoan \u1ea4n \u0110\u1ed9) tinh khi\u1ebft v\u00e0 k\u1ebdm tinh s\u1ea1ch. C\u1ed3n chi\u1ebft xu\u1ea5t t\u1eeb hoa o\u1ea3i h\u01b0\u01a1ng c\u00f3 t\u00e1c d\u1ee5ng l\u00e0m s\u1ea1ch v\u00e0 kh\u00f4 r\u00e1o trong khi ng\u01b0u b\u00e0ng v\u00e0 kim ch\u1ea9n th\u1ea3o c\u00f3 t\u00e1c d\u1ee5ng l\u00e0m d\u1ecbu da. S\u1ea3n ph\u1ea9m mang thi\u1ebft k\u1ebf l\u00fd t\u01b0\u1edfng gi\u00fap vi\u1ec7c s\u1eed d\u1ee5ng tr\u1edf n\u00ean d\u1ec5 d\u00e0ng v\u00e0 ch\u00ednh x\u00e1c v\u1ecb tr\u00ed c\u1ea7n \u0111i\u1ec1u tr\u1ecb.<\/p>\n<p>H\u01b0\u1edbng d\u1eabn s\u1eed d\u1ee5ng: V\u1eb7n \u0111\u1ea7u m\u00e0u xanh l\u00e1 c\u00e2y c\u1ee7a b\u00fat theo h\u01b0\u1edbng m\u0169i t\u00ean \u0111\u00e3 \u0111\u00e1nh d\u1ea5u \u0111\u1ec3 chi\u1ebft xu\u1ea5t m\u1ed9t gi\u1ecdt gel. B\u00f4i tr\u1ef1c ti\u1ebfp l\u00ean n\u1ed1t s\u01b0ng vi\u00eam\/v\u1ebft m\u1ee5n v\u00e0 \u0111\u1ec3 kh\u00f4 trong 5 ph\u00fat. L\u00e0m s\u1ea1ch \u0111\u1ea7u b\u00fat sau m\u1ed7i l\u1ea7n s\u1eed d\u1ee5ng.<\/p>\n","protected":false},"excerpt":{"rendered":"<p>Thanh gel tr\u1ecb m\u1ee5n MANETIK r\u1ea5t gi\u00e0u c\u00e1c th\u00e0nh ph\u1ea7n ho\u1ea1t t\u00ednh t\u1ef1 nhi\u00ean gi\u00fap l\u00e0m kh\u00f4 c\u00e1c t\u1ea1p ch\u1ea5t tr\u00ean da gi\u00fap l\u00e0m s\u00e1ng v\u00e0 d\u1ecbu da. V\u1edbi th\u00e0nh ph\u1ea7n g\u1ed3m nha \u0111am gi\u00e0u \u0111\u1ed9 \u1ea9m, s\u1ea7u \u0111\u00e2u (xoan \u1ea4n \u0110\u1ed9) tinh khi\u1ebft v\u00e0 k\u1ebdm tinh s\u1ea1ch. C\u1ed3n chi\u1ebft xu\u1ea5t t\u1eeb hoa o\u1ea3i h\u01b0\u01a1ng &hellip; <\/p>\n","protected":false},"featured_media":13435,"comment_status":"open","ping_status":"closed","template":"","meta":[],"brands":[{"id":92,"name":"Manetik","slug":"manetik"}],"yoast_head":"<!-- This site is optimized with the Yoast SEO plugin v15.5 - https:\/\/yoast.com\/wordpress\/plugins\/seo\/ -->\n<title>SPOT HUNTER THANH GEL TR\u1eca M\u1ee4N \u0110i\u1ec1u tr\u1ecb m\u1ee5n hi\u1ec7u qu\u1ea3 - Bio Wink Vietnam<\/title>\n<meta name=\"robots\" content=\"index, follow, max-snippet:-1, max-image-preview:large, max-video-preview:-1\" \/>\n<link rel=\"canonical\" href=\"https:\/\/www.biowink.com.vn\/index.php\/produit\/spot-hunter-thanh-gel-tri-mun-dieu-tri-mun-hieu-qua\/\" \/>\n<meta property=\"og:locale\" content=\"en_GB\" \/>\n<meta property=\"og:type\" content=\"article\" \/>\n<meta property=\"og:title\" content=\"SPOT HUNTER THANH GEL TR\u1eca M\u1ee4N \u0110i\u1ec1u tr\u1ecb m\u1ee5n hi\u1ec7u qu\u1ea3 - Bio Wink Vietnam\" \/>\n<meta property=\"og:description\" content=\"Thanh gel tr\u1ecb m\u1ee5n MANETIK r\u1ea5t gi\u00e0u c\u00e1c th\u00e0nh ph\u1ea7n ho\u1ea1t t\u00ednh t\u1ef1 nhi\u00ean gi\u00fap l\u00e0m kh\u00f4 c\u00e1c t\u1ea1p ch\u1ea5t tr\u00ean da gi\u00fap l\u00e0m s\u00e1ng v\u00e0 d\u1ecbu da. V\u1edbi th\u00e0nh ph\u1ea7n g\u1ed3m nha \u0111am gi\u00e0u \u0111\u1ed9 \u1ea9m, s\u1ea7u \u0111\u00e2u (xoan \u1ea4n \u0110\u1ed9) tinh khi\u1ebft v\u00e0 k\u1ebdm tinh s\u1ea1ch. C\u1ed3n chi\u1ebft xu\u1ea5t t\u1eeb hoa o\u1ea3i h\u01b0\u01a1ng &hellip;\" \/>\n<meta property=\"og:url\" content=\"https:\/\/www.biowink.com.vn\/index.php\/produit\/spot-hunter-thanh-gel-tri-mun-dieu-tri-mun-hieu-qua\/\" \/>\n<meta property=\"og:site_name\" content=\"Bio Wink Vietnam\" \/>\n<meta property=\"article:publisher\" content=\"https:\/\/www.facebook.com\/biowinkvn\/\" \/>\n<meta property=\"article:modified_time\" content=\"2020-10-05T02:38:22+00:00\" \/>\n<meta property=\"og:image\" content=\"https:\/\/www.biowink.com.vn\/wp-content\/uploads\/2020\/10\/stylo-gel-anti-imperfections-bio-spot-hunter.png\" \/>\n\t<meta property=\"og:image:width\" content=\"1000\" \/>\n\t<meta property=\"og:image:height\" content=\"1000\" \/>\n<meta name=\"twitter:card\" content=\"summary_large_image\" \/>\n<meta name=\"twitter:label1\" content=\"Estimated reading time\">\n\t<meta name=\"twitter:data1\" content=\"1 minute\">\n<script type=\"application\/ld+json\" class=\"yoast-schema-graph\">{\"@context\":\"https:\/\/schema.org\",\"@graph\":[{\"@type\":\"Organization\",\"@id\":\"https:\/\/www.biowink.com.vn\/#organization\",\"name\":\"Bio Wink Vi\\u1ec7t Nam\",\"url\":\"https:\/\/www.biowink.com.vn\/\",\"sameAs\":[\"https:\/\/www.facebook.com\/biowinkvn\/\",\"https:\/\/www.instagram.com\/biowinkinvietnam\"],\"logo\":{\"@type\":\"ImageObject\",\"@id\":\"https:\/\/www.biowink.com.vn\/#logo\",\"inLanguage\":\"en-GB\",\"url\":\"https:\/\/www.biowink.com.vn\/wp-content\/uploads\/2019\/10\/logo-biowink-VN-KR.jpg\",\"width\":1600,\"height\":1600,\"caption\":\"Bio Wink Vi\\u1ec7t Nam\"},\"image\":{\"@id\":\"https:\/\/www.biowink.com.vn\/#logo\"}},{\"@type\":\"WebSite\",\"@id\":\"https:\/\/www.biowink.com.vn\/#website\",\"url\":\"https:\/\/www.biowink.com.vn\/\",\"name\":\"Bio Wink Vietnam\",\"description\":\"\",\"publisher\":{\"@id\":\"https:\/\/www.biowink.com.vn\/#organization\"},\"potentialAction\":[{\"@type\":\"SearchAction\",\"target\":\"https:\/\/www.biowink.com.vn\/?s={search_term_string}\",\"query-input\":\"required name=search_term_string\"}],\"inLanguage\":\"en-GB\"},{\"@type\":\"ImageObject\",\"@id\":\"https:\/\/www.biowink.com.vn\/index.php\/produit\/spot-hunter-thanh-gel-tri-mun-dieu-tri-mun-hieu-qua\/#primaryimage\",\"inLanguage\":\"en-GB\",\"url\":\"https:\/\/www.biowink.com.vn\/wp-content\/uploads\/2020\/10\/stylo-gel-anti-imperfections-bio-spot-hunter.png\",\"width\":1000,\"height\":1000},{\"@type\":\"WebPage\",\"@id\":\"https:\/\/www.biowink.com.vn\/index.php\/produit\/spot-hunter-thanh-gel-tri-mun-dieu-tri-mun-hieu-qua\/#webpage\",\"url\":\"https:\/\/www.biowink.com.vn\/index.php\/produit\/spot-hunter-thanh-gel-tri-mun-dieu-tri-mun-hieu-qua\/\",\"name\":\"SPOT HUNTER THANH GEL TR\\u1eca M\\u1ee4N \\u0110i\\u1ec1u tr\\u1ecb m\\u1ee5n hi\\u1ec7u qu\\u1ea3 - Bio Wink Vietnam\",\"isPartOf\":{\"@id\":\"https:\/\/www.biowink.com.vn\/#website\"},\"primaryImageOfPage\":{\"@id\":\"https:\/\/www.biowink.com.vn\/index.php\/produit\/spot-hunter-thanh-gel-tri-mun-dieu-tri-mun-hieu-qua\/#primaryimage\"},\"datePublished\":\"2020-10-02T10:31:03+00:00\",\"dateModified\":\"2020-10-05T02:38:22+00:00\",\"inLanguage\":\"en-GB\",\"potentialAction\":[{\"@type\":\"ReadAction\",\"target\":[\"https:\/\/www.biowink.com.vn\/index.php\/produit\/spot-hunter-thanh-gel-tri-mun-dieu-tri-mun-hieu-qua\/\"]}]}]}<\/script>\n<!-- \/ Yoast SEO plugin. -->","_links":{"self":[{"href":"https:\/\/www.biowink.com.vn\/index.php\/wp-json\/wp\/v2\/product\/13374"}],"collection":[{"href":"https:\/\/www.biowink.com.vn\/index.php\/wp-json\/wp\/v2\/product"}],"about":[{"href":"https:\/\/www.biowink.com.vn\/index.php\/wp-json\/wp\/v2\/types\/product"}],"replies":[{"embeddable":true,"href":"https:\/\/www.biowink.com.vn\/index.php\/wp-json\/wp\/v2\/comments?post=13374"}],"wp:featuredmedia":[{"embeddable":true,"href":"https:\/\/www.biowink.com.vn\/index.php\/wp-json\/wp\/v2\/media\/13435"}],"wp:attachment":[{"href":"https:\/\/www.biowink.com.vn\/index.php\/wp-json\/wp\/v2\/media?parent=13374"}],"curies":[{"name":"wp","href":"https:\/\/api.w.org\/{rel}","templated":true}]}}