{"id":13417,"date":"2020-10-03T07:29:36","date_gmt":"2020-10-03T05:29:36","guid":{"rendered":"http:\/\/www.biowink.com.vn\/?post_type=product&#038;p=13417"},"modified":"2020-10-05T04:36:43","modified_gmt":"2020-10-05T02:36:43","slug":"pure-player-sua-rua-mat-tao-bot","status":"publish","type":"product","link":"https:\/\/www.biowink.com.vn\/index.php\/produit\/pure-player-sua-rua-mat-tao-bot\/","title":{"rendered":"PURE PLAYER S\u1eefa r\u1eeda m\u1eb7t t\u1ea1o b\u1ecdt"},"content":{"rendered":"<p>S\u1eefa r\u1eeda m\u1eb7t chi\u1ebft xu\u1ea5t t\u1eeb rau c\u1ee7 \u0111\u01b0\u1ee3c ch\u1ee9ng nh\u1eadn h\u1eefu c\u01a1, s\u1ea3n xu\u1ea5t t\u1ea1i Ph\u00e1p, l\u00e0 s\u1ea3n ph\u1ea9m r\u1eeda m\u1eb7t l\u00fd t\u01b0\u1edfng d\u00f9ng cho c\u1ea3 bu\u1ed5i s\u00e1ng v\u00e0 bu\u1ed5i t\u1ed1i. S\u1ea3n ph\u1ea9m n\u00e0y s\u1ebd nhanh ch\u00f3ng tr\u1edf th\u00e0nh \u0111\u1ed3ng minh \u0111\u00e1ng tin c\u1eady nh\u1ea5t c\u1ee7a b\u1ea1n \u0111\u1ec3 c\u00f3 \u0111\u01b0\u1ee3c l\u00e0n da kh\u1ecfe m\u1ea1nh v\u00e0 tinh khi\u1ebft. C\u00e1c th\u00e0nh ph\u1ea7n n\u1ed5i b\u1eadt c\u1ee7a s\u1ea3n ph\u1ea9m bao g\u1ed3m nha \u0111am, s\u1ea7u \u0111\u00e2u (xoan \u1ea4n \u0110\u1ed9) , ch\u00f9m ng\u00e2y, chanh v\u00e0 g\u1eebng.<\/p>\n<h4>HI\u1ec6U QU\u1ea2 \u0110\u00c3 \u0110\u01af\u1ee2C CH\u1ee8NG MINH &#8211;<\/h4>\n<p>Da s\u00e1ng h\u01a1n: 95% &#8211; Da tinh khi\u1ebft h\u01a1n: 90% &#8211; Kh\u00f4ng ng\u1ee9a, kh\u00f4ng kh\u00f4 da: 100% &#8211; Se kh\u00edt l\u1ed7 ch\u00e2n l\u00f4ng: 76% &#8211; \u0110i\u1ec1u ti\u1ebft b\u00e3 nh\u1eddn d\u01b0 th\u1eeba: 81%<\/p>\n<h4>H\u01b0\u1edbng d\u1eabn s\u1eed d\u1ee5ng:<\/h4>\n<p>L\u00e0m \u1ea9m da m\u1eb7t v\u00e0 c\u1ed5 c\u1ee7a b\u1ea1n. Cho 2 \u0111\u1ebfn 3 gi\u1ecdt c\u1ee1 h\u1ea1t ph\u1ec9 v\u00e0o l\u00f2ng b\u00e0n tay v\u00e0 xoa \u0111\u1ec1u l\u00ean m\u1eb7t v\u00e0 c\u1ed5 theo chuy\u1ec3n \u0111\u1ed9ng tr\u00f2n. R\u1eeda s\u1ea1ch v\u00e0 lau.<\/p>\n","protected":false},"excerpt":{"rendered":"<p>S\u1eefa r\u1eeda m\u1eb7t chi\u1ebft xu\u1ea5t t\u1eeb rau c\u1ee7 \u0111\u01b0\u1ee3c ch\u1ee9ng nh\u1eadn h\u1eefu c\u01a1, s\u1ea3n xu\u1ea5t t\u1ea1i Ph\u00e1p, l\u00e0 s\u1ea3n ph\u1ea9m r\u1eeda m\u1eb7t l\u00fd t\u01b0\u1edfng d\u00f9ng cho c\u1ea3 bu\u1ed5i s\u00e1ng v\u00e0 bu\u1ed5i t\u1ed1i. S\u1ea3n ph\u1ea9m n\u00e0y s\u1ebd nhanh ch\u00f3ng tr\u1edf th\u00e0nh \u0111\u1ed3ng minh \u0111\u00e1ng tin c\u1eady nh\u1ea5t c\u1ee7a b\u1ea1n \u0111\u1ec3 c\u00f3 \u0111\u01b0\u1ee3c l\u00e0n da kh\u1ecfe m\u1ea1nh &hellip; <\/p>\n","protected":false},"featured_media":13416,"comment_status":"open","ping_status":"closed","template":"","meta":[],"brands":[],"yoast_head":"<!-- This site is optimized with the Yoast SEO plugin v15.5 - https:\/\/yoast.com\/wordpress\/plugins\/seo\/ -->\n<title>PURE PLAYER S\u1eefa r\u1eeda m\u1eb7t t\u1ea1o b\u1ecdt - Bio Wink Vietnam<\/title>\n<meta name=\"robots\" content=\"index, follow, max-snippet:-1, max-image-preview:large, max-video-preview:-1\" \/>\n<link rel=\"canonical\" href=\"https:\/\/www.biowink.com.vn\/index.php\/produit\/pure-player-sua-rua-mat-tao-bot\/\" \/>\n<meta property=\"og:locale\" content=\"en_GB\" \/>\n<meta property=\"og:type\" content=\"article\" \/>\n<meta property=\"og:title\" content=\"PURE PLAYER S\u1eefa r\u1eeda m\u1eb7t t\u1ea1o b\u1ecdt - Bio Wink Vietnam\" \/>\n<meta property=\"og:description\" content=\"S\u1eefa r\u1eeda m\u1eb7t chi\u1ebft xu\u1ea5t t\u1eeb rau c\u1ee7 \u0111\u01b0\u1ee3c ch\u1ee9ng nh\u1eadn h\u1eefu c\u01a1, s\u1ea3n xu\u1ea5t t\u1ea1i Ph\u00e1p, l\u00e0 s\u1ea3n ph\u1ea9m r\u1eeda m\u1eb7t l\u00fd t\u01b0\u1edfng d\u00f9ng cho c\u1ea3 bu\u1ed5i s\u00e1ng v\u00e0 bu\u1ed5i t\u1ed1i. S\u1ea3n ph\u1ea9m n\u00e0y s\u1ebd nhanh ch\u00f3ng tr\u1edf th\u00e0nh \u0111\u1ed3ng minh \u0111\u00e1ng tin c\u1eady nh\u1ea5t c\u1ee7a b\u1ea1n \u0111\u1ec3 c\u00f3 \u0111\u01b0\u1ee3c l\u00e0n da kh\u1ecfe m\u1ea1nh &hellip;\" \/>\n<meta property=\"og:url\" content=\"https:\/\/www.biowink.com.vn\/index.php\/produit\/pure-player-sua-rua-mat-tao-bot\/\" \/>\n<meta property=\"og:site_name\" content=\"Bio Wink Vietnam\" \/>\n<meta property=\"article:publisher\" content=\"https:\/\/www.facebook.com\/biowinkvn\/\" \/>\n<meta property=\"article:modified_time\" content=\"2020-10-05T02:36:43+00:00\" \/>\n<meta property=\"og:image\" content=\"https:\/\/www.biowink.com.vn\/wp-content\/uploads\/2020\/10\/mousse-nettoyante-bio-pure-player.png\" \/>\n\t<meta property=\"og:image:width\" content=\"1000\" \/>\n\t<meta property=\"og:image:height\" content=\"1000\" \/>\n<meta name=\"twitter:card\" content=\"summary_large_image\" \/>\n<meta name=\"twitter:label1\" content=\"Estimated reading time\">\n\t<meta name=\"twitter:data1\" content=\"1 minute\">\n<script type=\"application\/ld+json\" class=\"yoast-schema-graph\">{\"@context\":\"https:\/\/schema.org\",\"@graph\":[{\"@type\":\"Organization\",\"@id\":\"https:\/\/www.biowink.com.vn\/#organization\",\"name\":\"Bio Wink Vi\\u1ec7t Nam\",\"url\":\"https:\/\/www.biowink.com.vn\/\",\"sameAs\":[\"https:\/\/www.facebook.com\/biowinkvn\/\",\"https:\/\/www.instagram.com\/biowinkinvietnam\"],\"logo\":{\"@type\":\"ImageObject\",\"@id\":\"https:\/\/www.biowink.com.vn\/#logo\",\"inLanguage\":\"en-GB\",\"url\":\"https:\/\/www.biowink.com.vn\/wp-content\/uploads\/2019\/10\/logo-biowink-VN-KR.jpg\",\"width\":1600,\"height\":1600,\"caption\":\"Bio Wink Vi\\u1ec7t Nam\"},\"image\":{\"@id\":\"https:\/\/www.biowink.com.vn\/#logo\"}},{\"@type\":\"WebSite\",\"@id\":\"https:\/\/www.biowink.com.vn\/#website\",\"url\":\"https:\/\/www.biowink.com.vn\/\",\"name\":\"Bio Wink Vietnam\",\"description\":\"\",\"publisher\":{\"@id\":\"https:\/\/www.biowink.com.vn\/#organization\"},\"potentialAction\":[{\"@type\":\"SearchAction\",\"target\":\"https:\/\/www.biowink.com.vn\/?s={search_term_string}\",\"query-input\":\"required name=search_term_string\"}],\"inLanguage\":\"en-GB\"},{\"@type\":\"ImageObject\",\"@id\":\"https:\/\/www.biowink.com.vn\/index.php\/produit\/pure-player-sua-rua-mat-tao-bot\/#primaryimage\",\"inLanguage\":\"en-GB\",\"url\":\"https:\/\/www.biowink.com.vn\/wp-content\/uploads\/2020\/10\/mousse-nettoyante-bio-pure-player.png\",\"width\":1000,\"height\":1000},{\"@type\":\"WebPage\",\"@id\":\"https:\/\/www.biowink.com.vn\/index.php\/produit\/pure-player-sua-rua-mat-tao-bot\/#webpage\",\"url\":\"https:\/\/www.biowink.com.vn\/index.php\/produit\/pure-player-sua-rua-mat-tao-bot\/\",\"name\":\"PURE PLAYER S\\u1eefa r\\u1eeda m\\u1eb7t t\\u1ea1o b\\u1ecdt - Bio Wink Vietnam\",\"isPartOf\":{\"@id\":\"https:\/\/www.biowink.com.vn\/#website\"},\"primaryImageOfPage\":{\"@id\":\"https:\/\/www.biowink.com.vn\/index.php\/produit\/pure-player-sua-rua-mat-tao-bot\/#primaryimage\"},\"datePublished\":\"2020-10-03T05:29:36+00:00\",\"dateModified\":\"2020-10-05T02:36:43+00:00\",\"inLanguage\":\"en-GB\",\"potentialAction\":[{\"@type\":\"ReadAction\",\"target\":[\"https:\/\/www.biowink.com.vn\/index.php\/produit\/pure-player-sua-rua-mat-tao-bot\/\"]}]}]}<\/script>\n<!-- \/ Yoast SEO plugin. -->","_links":{"self":[{"href":"https:\/\/www.biowink.com.vn\/index.php\/wp-json\/wp\/v2\/product\/13417"}],"collection":[{"href":"https:\/\/www.biowink.com.vn\/index.php\/wp-json\/wp\/v2\/product"}],"about":[{"href":"https:\/\/www.biowink.com.vn\/index.php\/wp-json\/wp\/v2\/types\/product"}],"replies":[{"embeddable":true,"href":"https:\/\/www.biowink.com.vn\/index.php\/wp-json\/wp\/v2\/comments?post=13417"}],"wp:featuredmedia":[{"embeddable":true,"href":"https:\/\/www.biowink.com.vn\/index.php\/wp-json\/wp\/v2\/media\/13416"}],"wp:attachment":[{"href":"https:\/\/www.biowink.com.vn\/index.php\/wp-json\/wp\/v2\/media?parent=13417"}],"curies":[{"name":"wp","href":"https:\/\/api.w.org\/{rel}","templated":true}]}}