{"id":2264,"date":"1970-01-01T00:00:00","date_gmt":"1969-12-31T23:00:00","guid":{"rendered":"http:\/\/www.biowink.com.vn\/?post_type=product&#038;p=2241"},"modified":"2020-05-20T11:25:02","modified_gmt":"2020-05-20T09:25:02","slug":"natur-d-800-100-vien","status":"publish","type":"product","link":"https:\/\/www.biowink.com.vn\/index.php\/produit\/natur-d-800-100-vien\/","title":{"rendered":"Natur-D 800 &#8211; 100 vien"},"content":{"rendered":"<p>X\u01b0\u01a1ng v\u00e0 r\u0103ng ch\u1eafc kh\u1ecfe \u1edf m\u1ecdi l\u1ee9a tu\u1ed5i<br \/>\nT\u1ea6M QUAN TR\u1eccNG c\u1ee7a VITAMIN D th\u01b0\u1eddng \u0111\u01b0\u1ee3c \u0111\u1ec1 c\u1eadp, v\u00e0 \u0111\u00fang nh\u01b0 v\u1eady, b\u1edfi v\u00ec VITAMIN n\u00e0y \u0111\u00f3ng m\u1ed9t vai tr\u00f2 quan tr\u1ecdng trong vi\u1ec7c \u0111\u1ed3ng h\u00f3a v\u00e0 c\u1ed1 \u0111\u1ecbnh CALCIUM. Do \u0111\u00f3 n\u00f3 g\u00f3p ph\u1ea7n v\u00e0o s\u1ef1 h\u00ecnh th\u00e0nh v\u00e0 duy tr\u00ec x\u01b0\u01a1ng kh\u1ecfe m\u1ea1nh v\u00e0 r\u0103ng ch\u1eafc kh\u1ecfe. 1 n\u1eafp \/ ng\u00e0y<\/p>\n","protected":false},"excerpt":{"rendered":"<p>X\u01b0\u01a1ng v\u00e0 r\u0103ng ch\u1eafc kh\u1ecfe \u1edf m\u1ecdi l\u1ee9a tu\u1ed5i T\u1ea6M QUAN TR\u1eccNG c\u1ee7a VITAMIN D th\u01b0\u1eddng \u0111\u01b0\u1ee3c \u0111\u1ec1 c\u1eadp, v\u00e0 \u0111\u00fang nh\u01b0 v\u1eady, b\u1edfi v\u00ec VITAMIN n\u00e0y \u0111\u00f3ng m\u1ed9t vai tr\u00f2 quan tr\u1ecdng trong vi\u1ec7c \u0111\u1ed3ng h\u00f3a v\u00e0 c\u1ed1 \u0111\u1ecbnh CALCIUM. Do \u0111\u00f3 n\u00f3 g\u00f3p ph\u1ea7n v\u00e0o s\u1ef1 h\u00ecnh th\u00e0nh v\u00e0 duy tr\u00ec x\u01b0\u01a1ng kh\u1ecfe &hellip; <\/p>\n","protected":false},"featured_media":2986,"comment_status":"open","ping_status":"closed","template":"","meta":[],"brands":[{"id":93,"name":"Be-life","slug":"be_life"}],"yoast_head":"<!-- This site is optimized with the Yoast SEO plugin v15.5 - https:\/\/yoast.com\/wordpress\/plugins\/seo\/ -->\n<title>Natur-D 800 - 100 vien - Bio Wink Vietnam<\/title>\n<meta name=\"description\" content=\"X\u01b0\u01a1ng v\u00e0 r\u0103ng ch\u1eafc kh\u1ecfe \u1edf m\u1ecdi l\u1ee9a tu\u1ed5i\" \/>\n<meta name=\"robots\" content=\"index, follow, max-snippet:-1, max-image-preview:large, max-video-preview:-1\" \/>\n<link rel=\"canonical\" href=\"https:\/\/www.biowink.com.vn\/index.php\/produit\/natur-d-800-100-vien\/\" \/>\n<meta property=\"og:locale\" content=\"en_GB\" \/>\n<meta property=\"og:type\" content=\"article\" \/>\n<meta property=\"og:title\" content=\"Natur-D 800 - 100 vien - Bio Wink Vietnam\" \/>\n<meta property=\"og:description\" content=\"X\u01b0\u01a1ng v\u00e0 r\u0103ng ch\u1eafc kh\u1ecfe \u1edf m\u1ecdi l\u1ee9a tu\u1ed5i\" \/>\n<meta property=\"og:url\" content=\"https:\/\/www.biowink.com.vn\/index.php\/produit\/natur-d-800-100-vien\/\" \/>\n<meta property=\"og:site_name\" content=\"Bio Wink Vietnam\" \/>\n<meta property=\"article:publisher\" content=\"https:\/\/www.facebook.com\/biowinkvn\/\" \/>\n<meta property=\"article:modified_time\" content=\"2020-05-20T09:25:02+00:00\" \/>\n<meta property=\"og:image\" content=\"https:\/\/www.biowink.com.vn\/wp-content\/uploads\/1970\/01\/natur_d_800_pf01234_100.png\" \/>\n\t<meta property=\"og:image:width\" content=\"256\" \/>\n\t<meta property=\"og:image:height\" content=\"256\" \/>\n<meta name=\"twitter:card\" content=\"summary_large_image\" \/>\n<meta name=\"twitter:label1\" content=\"Estimated reading time\">\n\t<meta name=\"twitter:data1\" content=\"0 minutes\">\n<script type=\"application\/ld+json\" class=\"yoast-schema-graph\">{\"@context\":\"https:\/\/schema.org\",\"@graph\":[{\"@type\":\"Organization\",\"@id\":\"https:\/\/www.biowink.com.vn\/#organization\",\"name\":\"Bio Wink Vi\\u1ec7t Nam\",\"url\":\"https:\/\/www.biowink.com.vn\/\",\"sameAs\":[\"https:\/\/www.facebook.com\/biowinkvn\/\",\"https:\/\/www.instagram.com\/biowinkinvietnam\"],\"logo\":{\"@type\":\"ImageObject\",\"@id\":\"https:\/\/www.biowink.com.vn\/#logo\",\"inLanguage\":\"en-GB\",\"url\":\"https:\/\/www.biowink.com.vn\/wp-content\/uploads\/2019\/10\/logo-biowink-VN-KR.jpg\",\"width\":1600,\"height\":1600,\"caption\":\"Bio Wink Vi\\u1ec7t Nam\"},\"image\":{\"@id\":\"https:\/\/www.biowink.com.vn\/#logo\"}},{\"@type\":\"WebSite\",\"@id\":\"https:\/\/www.biowink.com.vn\/#website\",\"url\":\"https:\/\/www.biowink.com.vn\/\",\"name\":\"Bio Wink Vietnam\",\"description\":\"\",\"publisher\":{\"@id\":\"https:\/\/www.biowink.com.vn\/#organization\"},\"potentialAction\":[{\"@type\":\"SearchAction\",\"target\":\"https:\/\/www.biowink.com.vn\/?s={search_term_string}\",\"query-input\":\"required name=search_term_string\"}],\"inLanguage\":\"en-GB\"},{\"@type\":\"ImageObject\",\"@id\":\"https:\/\/www.biowink.com.vn\/index.php\/produit\/natur-d-800-100-vien\/#primaryimage\",\"inLanguage\":\"en-GB\",\"url\":\"https:\/\/www.biowink.com.vn\/wp-content\/uploads\/1970\/01\/natur_d_800_pf01234_100.png\",\"width\":256,\"height\":256},{\"@type\":\"WebPage\",\"@id\":\"https:\/\/www.biowink.com.vn\/index.php\/produit\/natur-d-800-100-vien\/#webpage\",\"url\":\"https:\/\/www.biowink.com.vn\/index.php\/produit\/natur-d-800-100-vien\/\",\"name\":\"Natur-D 800 - 100 vien - Bio Wink Vietnam\",\"isPartOf\":{\"@id\":\"https:\/\/www.biowink.com.vn\/#website\"},\"primaryImageOfPage\":{\"@id\":\"https:\/\/www.biowink.com.vn\/index.php\/produit\/natur-d-800-100-vien\/#primaryimage\"},\"datePublished\":\"1969-12-31T23:00:00+00:00\",\"dateModified\":\"2020-05-20T09:25:02+00:00\",\"description\":\"X\\u01b0\\u01a1ng v\\u00e0 r\\u0103ng ch\\u1eafc kh\\u1ecfe \\u1edf m\\u1ecdi l\\u1ee9a tu\\u1ed5i\",\"inLanguage\":\"en-GB\",\"potentialAction\":[{\"@type\":\"ReadAction\",\"target\":[\"https:\/\/www.biowink.com.vn\/index.php\/produit\/natur-d-800-100-vien\/\"]}]}]}<\/script>\n<!-- \/ Yoast SEO plugin. -->","_links":{"self":[{"href":"https:\/\/www.biowink.com.vn\/index.php\/wp-json\/wp\/v2\/product\/2264"}],"collection":[{"href":"https:\/\/www.biowink.com.vn\/index.php\/wp-json\/wp\/v2\/product"}],"about":[{"href":"https:\/\/www.biowink.com.vn\/index.php\/wp-json\/wp\/v2\/types\/product"}],"replies":[{"embeddable":true,"href":"https:\/\/www.biowink.com.vn\/index.php\/wp-json\/wp\/v2\/comments?post=2264"}],"wp:featuredmedia":[{"embeddable":true,"href":"https:\/\/www.biowink.com.vn\/index.php\/wp-json\/wp\/v2\/media\/2986"}],"wp:attachment":[{"href":"https:\/\/www.biowink.com.vn\/index.php\/wp-json\/wp\/v2\/media?parent=2264"}],"curies":[{"name":"wp","href":"https:\/\/api.w.org\/{rel}","templated":true}]}}