{"id":2287,"date":"1970-01-01T00:00:00","date_gmt":"1969-12-31T23:00:00","guid":{"rendered":"http:\/\/www.biowink.com.vn\/?post_type=product&#038;p=2264"},"modified":"2020-05-20T10:58:08","modified_gmt":"2020-05-20T08:58:08","slug":"phyto-silica-2000-org-60-vien","status":"publish","type":"product","link":"https:\/\/www.biowink.com.vn\/index.php\/produit\/phyto-silica-2000-org-60-vien\/","title":{"rendered":"Phyto Silica 2000 h\u1eefu c\u01a1 &#8211; 60 vien."},"content":{"rendered":"<p>Silice : min 3.5 mg\/vi\u00ean<\/p>\n<p><strong>T\u00e1i t\u1ea1o t\u1ef1 nhi\u00ean<\/strong><\/p>\n<p><strong>Silic l\u00e0 m\u1ed9t trong nh\u1eefng kho\u00e1ng ch\u1ea5t CH\u00cdNH H\u00c3NG c\u00f3 trong c\u01a1 th\u1ec3 ch\u00fang ta, n\u01a1i n\u00f3 can thi\u1ec7p gi\u1eefa NG\u01af\u1edcI KH\u00c1C TRONG X\u00c2Y D\u1ef0NG v\u00e0 \u0111\u1ed5i m\u1edbi<\/strong><\/p>\n<p><strong>x\u01b0\u01a1ng. N\u00f3 c\u0169ng \u0111\u01b0\u1ee3c t\u00ecm th\u1ea5y trong c\u00e1c ORGANS, DA, m\u00f3ng tay v\u00e0 t\u00f3c, GI\u00c0Y, vv, trong \u0111\u00f3 n\u00f3 C \u0111\u00f3ng vai tr\u00f2 c\u00f3 l\u1ee3i.<\/strong><\/p>\n<p><strong>KH\u00d4NG GI\u1edaI H\u1ea0N, LACK c\u1ee7a silicon l\u00e0 th\u01b0\u1eddng xuy\u00ean.<\/strong><\/p>\n<p>Do \u0111\u00f3, chi\u1ebft xu\u1ea5t \u0111\u1eadm \u0111\u1eb7c c\u1ee7a \u0111u\u00f4i ng\u1ef1a v\u00e0 c\u00e2y t\u1ea7m ma h\u1eefu c\u01a1 gi\u00e0u silica oran v\u00e0 c\u00e1c nguy\u00ean t\u1ed1 vi l\u01b0\u1ee3ng kh\u00e1c l\u00e0 ph\u00f9 h\u1ee3p.<\/p>\n<p><strong>1 vi\u00ean\/ngay<\/strong><\/p>\n","protected":false},"excerpt":{"rendered":"<p>Silice : min 3.5 mg\/vi\u00ean T\u00e1i t\u1ea1o t\u1ef1 nhi\u00ean Silic l\u00e0 m\u1ed9t trong nh\u1eefng kho\u00e1ng ch\u1ea5t CH\u00cdNH H\u00c3NG c\u00f3 trong c\u01a1 th\u1ec3 ch\u00fang ta, n\u01a1i n\u00f3 can thi\u1ec7p gi\u1eefa NG\u01af\u1edcI KH\u00c1C TRONG X\u00c2Y D\u1ef0NG v\u00e0 \u0111\u1ed5i m\u1edbi x\u01b0\u01a1ng. N\u00f3 c\u0169ng \u0111\u01b0\u1ee3c t\u00ecm th\u1ea5y trong c\u00e1c ORGANS, DA, m\u00f3ng tay v\u00e0 t\u00f3c, GI\u00c0Y, vv, trong \u0111\u00f3 &hellip; <\/p>\n","protected":false},"featured_media":3004,"comment_status":"open","ping_status":"closed","template":"","meta":[],"brands":[{"id":93,"name":"Be-life","slug":"be_life"}],"yoast_head":"<!-- This site is optimized with the Yoast SEO plugin v15.5 - https:\/\/yoast.com\/wordpress\/plugins\/seo\/ -->\n<title>Phyto Silica 2000 h\u1eefu c\u01a1 - 60 vien. - Bio Wink Vietnam<\/title>\n<meta name=\"description\" content=\"Th\u00fac \u0111\u1ea9y h\u1ed3i t\u01b0\u1edfng. Do \u0111\u00f3, chi\u1ebft xu\u1ea5t \u0111\u1eadm \u0111\u1eb7c c\u1ee7a \u0111u\u00f4i ng\u1ef1a v\u00e0 c\u00e2y t\u1ea7m ma h\u1eefu c\u01a1 gi\u00e0u silica oran v\u00e0 c\u00e1c nguy\u00ean t\u1ed1 vi l\u01b0\u1ee3ng kh\u00e1c l\u00e0 ph\u00f9 h\u1ee3p.\" \/>\n<meta name=\"robots\" content=\"index, follow, max-snippet:-1, max-image-preview:large, max-video-preview:-1\" \/>\n<link rel=\"canonical\" href=\"https:\/\/www.biowink.com.vn\/index.php\/produit\/phyto-silica-2000-org-60-vien\/\" \/>\n<meta property=\"og:locale\" content=\"en_GB\" \/>\n<meta property=\"og:type\" content=\"article\" \/>\n<meta property=\"og:title\" content=\"Phyto Silica 2000 h\u1eefu c\u01a1 - 60 vien. - Bio Wink Vietnam\" \/>\n<meta property=\"og:description\" content=\"Th\u00fac \u0111\u1ea9y h\u1ed3i t\u01b0\u1edfng. Do \u0111\u00f3, chi\u1ebft xu\u1ea5t \u0111\u1eadm \u0111\u1eb7c c\u1ee7a \u0111u\u00f4i ng\u1ef1a v\u00e0 c\u00e2y t\u1ea7m ma h\u1eefu c\u01a1 gi\u00e0u silica oran v\u00e0 c\u00e1c nguy\u00ean t\u1ed1 vi l\u01b0\u1ee3ng kh\u00e1c l\u00e0 ph\u00f9 h\u1ee3p.\" \/>\n<meta property=\"og:url\" content=\"https:\/\/www.biowink.com.vn\/index.php\/produit\/phyto-silica-2000-org-60-vien\/\" \/>\n<meta property=\"og:site_name\" content=\"Bio Wink Vietnam\" \/>\n<meta property=\"article:publisher\" content=\"https:\/\/www.facebook.com\/biowinkvn\/\" \/>\n<meta property=\"article:modified_time\" content=\"2020-05-20T08:58:08+00:00\" \/>\n<meta property=\"og:image\" content=\"https:\/\/www.biowink.com.vn\/wp-content\/uploads\/1970\/01\/phyto_silica_bio_pf01183_60.png\" \/>\n\t<meta property=\"og:image:width\" content=\"256\" \/>\n\t<meta property=\"og:image:height\" content=\"256\" \/>\n<meta name=\"twitter:card\" content=\"summary_large_image\" \/>\n<meta name=\"twitter:label1\" content=\"Estimated reading time\">\n\t<meta name=\"twitter:data1\" content=\"1 minute\">\n<script type=\"application\/ld+json\" class=\"yoast-schema-graph\">{\"@context\":\"https:\/\/schema.org\",\"@graph\":[{\"@type\":\"Organization\",\"@id\":\"https:\/\/www.biowink.com.vn\/#organization\",\"name\":\"Bio Wink Vi\\u1ec7t Nam\",\"url\":\"https:\/\/www.biowink.com.vn\/\",\"sameAs\":[\"https:\/\/www.facebook.com\/biowinkvn\/\",\"https:\/\/www.instagram.com\/biowinkinvietnam\"],\"logo\":{\"@type\":\"ImageObject\",\"@id\":\"https:\/\/www.biowink.com.vn\/#logo\",\"inLanguage\":\"en-GB\",\"url\":\"https:\/\/www.biowink.com.vn\/wp-content\/uploads\/2019\/10\/logo-biowink-VN-KR.jpg\",\"width\":1600,\"height\":1600,\"caption\":\"Bio Wink Vi\\u1ec7t Nam\"},\"image\":{\"@id\":\"https:\/\/www.biowink.com.vn\/#logo\"}},{\"@type\":\"WebSite\",\"@id\":\"https:\/\/www.biowink.com.vn\/#website\",\"url\":\"https:\/\/www.biowink.com.vn\/\",\"name\":\"Bio Wink Vietnam\",\"description\":\"\",\"publisher\":{\"@id\":\"https:\/\/www.biowink.com.vn\/#organization\"},\"potentialAction\":[{\"@type\":\"SearchAction\",\"target\":\"https:\/\/www.biowink.com.vn\/?s={search_term_string}\",\"query-input\":\"required name=search_term_string\"}],\"inLanguage\":\"en-GB\"},{\"@type\":\"ImageObject\",\"@id\":\"https:\/\/www.biowink.com.vn\/index.php\/produit\/phyto-silica-2000-org-60-vien\/#primaryimage\",\"inLanguage\":\"en-GB\",\"url\":\"https:\/\/www.biowink.com.vn\/wp-content\/uploads\/1970\/01\/phyto_silica_bio_pf01183_60.png\",\"width\":256,\"height\":256},{\"@type\":\"WebPage\",\"@id\":\"https:\/\/www.biowink.com.vn\/index.php\/produit\/phyto-silica-2000-org-60-vien\/#webpage\",\"url\":\"https:\/\/www.biowink.com.vn\/index.php\/produit\/phyto-silica-2000-org-60-vien\/\",\"name\":\"Phyto Silica 2000 h\\u1eefu c\\u01a1 - 60 vien. - Bio Wink Vietnam\",\"isPartOf\":{\"@id\":\"https:\/\/www.biowink.com.vn\/#website\"},\"primaryImageOfPage\":{\"@id\":\"https:\/\/www.biowink.com.vn\/index.php\/produit\/phyto-silica-2000-org-60-vien\/#primaryimage\"},\"datePublished\":\"1969-12-31T23:00:00+00:00\",\"dateModified\":\"2020-05-20T08:58:08+00:00\",\"description\":\"Th\\u00fac \\u0111\\u1ea9y h\\u1ed3i t\\u01b0\\u1edfng. Do \\u0111\\u00f3, chi\\u1ebft xu\\u1ea5t \\u0111\\u1eadm \\u0111\\u1eb7c c\\u1ee7a \\u0111u\\u00f4i ng\\u1ef1a v\\u00e0 c\\u00e2y t\\u1ea7m ma h\\u1eefu c\\u01a1 gi\\u00e0u silica oran v\\u00e0 c\\u00e1c nguy\\u00ean t\\u1ed1 vi l\\u01b0\\u1ee3ng kh\\u00e1c l\\u00e0 ph\\u00f9 h\\u1ee3p.\",\"inLanguage\":\"en-GB\",\"potentialAction\":[{\"@type\":\"ReadAction\",\"target\":[\"https:\/\/www.biowink.com.vn\/index.php\/produit\/phyto-silica-2000-org-60-vien\/\"]}]}]}<\/script>\n<!-- \/ Yoast SEO plugin. -->","_links":{"self":[{"href":"https:\/\/www.biowink.com.vn\/index.php\/wp-json\/wp\/v2\/product\/2287"}],"collection":[{"href":"https:\/\/www.biowink.com.vn\/index.php\/wp-json\/wp\/v2\/product"}],"about":[{"href":"https:\/\/www.biowink.com.vn\/index.php\/wp-json\/wp\/v2\/types\/product"}],"replies":[{"embeddable":true,"href":"https:\/\/www.biowink.com.vn\/index.php\/wp-json\/wp\/v2\/comments?post=2287"}],"wp:featuredmedia":[{"embeddable":true,"href":"https:\/\/www.biowink.com.vn\/index.php\/wp-json\/wp\/v2\/media\/3004"}],"wp:attachment":[{"href":"https:\/\/www.biowink.com.vn\/index.php\/wp-json\/wp\/v2\/media?parent=2287"}],"curies":[{"name":"wp","href":"https:\/\/api.w.org\/{rel}","templated":true}]}}