{"id":2288,"date":"1970-01-01T00:00:00","date_gmt":"1969-12-31T23:00:00","guid":{"rendered":"http:\/\/www.biowink.com.vn\/?post_type=product&#038;p=2265"},"modified":"2020-01-05T09:41:13","modified_gmt":"2020-01-05T08:41:13","slug":"red-ginseng-500-org","status":"publish","type":"product","link":"https:\/\/www.biowink.com.vn\/index.php\/produit\/red-ginseng-500-org\/","title":{"rendered":"Nh\u00e2n s\u00e2m \u0111\u1ecf 500 ORG"},"content":{"rendered":"<p>Ch\u1ea5t k\u00edch th\u00edch chung &#8211; C\u1ea3i thi\u1ec7n hi\u1ec7u su\u1ea5t<\/p>\n","protected":false},"excerpt":{"rendered":"<p>Ch\u1ea5t k\u00edch th\u00edch chung &#8211; C\u1ea3i thi\u1ec7n hi\u1ec7u su\u1ea5t<\/p>\n","protected":false},"featured_media":3007,"comment_status":"open","ping_status":"closed","template":"","meta":[],"brands":[{"id":93,"name":"Be-life","slug":"be_life"}],"yoast_head":"<!-- This site is optimized with the Yoast SEO plugin v15.5 - https:\/\/yoast.com\/wordpress\/plugins\/seo\/ -->\n<title>Nh\u00e2n s\u00e2m \u0111\u1ecf 500 ORG - Bio Wink Vietnam<\/title>\n<meta name=\"description\" content=\"Ch\u1ea5t k\u00edch th\u00edch chung - C\u1ea3i thi\u1ec7n hi\u1ec7u su\u1ea5t\" \/>\n<meta name=\"robots\" content=\"index, follow, max-snippet:-1, max-image-preview:large, max-video-preview:-1\" \/>\n<link rel=\"canonical\" href=\"https:\/\/www.biowink.com.vn\/index.php\/produit\/red-ginseng-500-org\/\" \/>\n<meta property=\"og:locale\" content=\"en_GB\" \/>\n<meta property=\"og:type\" content=\"article\" \/>\n<meta property=\"og:title\" content=\"Nh\u00e2n s\u00e2m \u0111\u1ecf 500 ORG - Bio Wink Vietnam\" \/>\n<meta property=\"og:description\" content=\"Ch\u1ea5t k\u00edch th\u00edch chung - C\u1ea3i thi\u1ec7n hi\u1ec7u su\u1ea5t\" \/>\n<meta property=\"og:url\" content=\"https:\/\/www.biowink.com.vn\/index.php\/produit\/red-ginseng-500-org\/\" \/>\n<meta property=\"og:site_name\" content=\"Bio Wink Vietnam\" \/>\n<meta property=\"article:publisher\" content=\"https:\/\/www.facebook.com\/biowinkvn\/\" \/>\n<meta property=\"article:modified_time\" content=\"2020-01-05T08:41:13+00:00\" \/>\n<meta property=\"og:image\" content=\"https:\/\/www.biowink.com.vn\/wp-content\/uploads\/1970\/01\/red_ginseng_500_bio_pf01420-45.jpg\" \/>\n\t<meta property=\"og:image:width\" content=\"256\" \/>\n\t<meta property=\"og:image:height\" content=\"256\" \/>\n<meta name=\"twitter:card\" content=\"summary_large_image\" \/>\n<meta name=\"twitter:label1\" content=\"Estimated reading time\">\n\t<meta name=\"twitter:data1\" content=\"0 minutes\">\n<script type=\"application\/ld+json\" class=\"yoast-schema-graph\">{\"@context\":\"https:\/\/schema.org\",\"@graph\":[{\"@type\":\"Organization\",\"@id\":\"https:\/\/www.biowink.com.vn\/#organization\",\"name\":\"Bio Wink Vi\\u1ec7t Nam\",\"url\":\"https:\/\/www.biowink.com.vn\/\",\"sameAs\":[\"https:\/\/www.facebook.com\/biowinkvn\/\",\"https:\/\/www.instagram.com\/biowinkinvietnam\"],\"logo\":{\"@type\":\"ImageObject\",\"@id\":\"https:\/\/www.biowink.com.vn\/#logo\",\"inLanguage\":\"en-GB\",\"url\":\"https:\/\/www.biowink.com.vn\/wp-content\/uploads\/2019\/10\/logo-biowink-VN-KR.jpg\",\"width\":1600,\"height\":1600,\"caption\":\"Bio Wink Vi\\u1ec7t Nam\"},\"image\":{\"@id\":\"https:\/\/www.biowink.com.vn\/#logo\"}},{\"@type\":\"WebSite\",\"@id\":\"https:\/\/www.biowink.com.vn\/#website\",\"url\":\"https:\/\/www.biowink.com.vn\/\",\"name\":\"Bio Wink Vietnam\",\"description\":\"\",\"publisher\":{\"@id\":\"https:\/\/www.biowink.com.vn\/#organization\"},\"potentialAction\":[{\"@type\":\"SearchAction\",\"target\":\"https:\/\/www.biowink.com.vn\/?s={search_term_string}\",\"query-input\":\"required name=search_term_string\"}],\"inLanguage\":\"en-GB\"},{\"@type\":\"ImageObject\",\"@id\":\"https:\/\/www.biowink.com.vn\/index.php\/produit\/red-ginseng-500-org\/#primaryimage\",\"inLanguage\":\"en-GB\",\"url\":\"https:\/\/www.biowink.com.vn\/wp-content\/uploads\/1970\/01\/red_ginseng_500_bio_pf01420-45.jpg\",\"width\":256,\"height\":256},{\"@type\":\"WebPage\",\"@id\":\"https:\/\/www.biowink.com.vn\/index.php\/produit\/red-ginseng-500-org\/#webpage\",\"url\":\"https:\/\/www.biowink.com.vn\/index.php\/produit\/red-ginseng-500-org\/\",\"name\":\"Nh\\u00e2n s\\u00e2m \\u0111\\u1ecf 500 ORG - Bio Wink Vietnam\",\"isPartOf\":{\"@id\":\"https:\/\/www.biowink.com.vn\/#website\"},\"primaryImageOfPage\":{\"@id\":\"https:\/\/www.biowink.com.vn\/index.php\/produit\/red-ginseng-500-org\/#primaryimage\"},\"datePublished\":\"1969-12-31T23:00:00+00:00\",\"dateModified\":\"2020-01-05T08:41:13+00:00\",\"description\":\"Ch\\u1ea5t k\\u00edch th\\u00edch chung - C\\u1ea3i thi\\u1ec7n hi\\u1ec7u su\\u1ea5t\",\"inLanguage\":\"en-GB\",\"potentialAction\":[{\"@type\":\"ReadAction\",\"target\":[\"https:\/\/www.biowink.com.vn\/index.php\/produit\/red-ginseng-500-org\/\"]}]}]}<\/script>\n<!-- \/ Yoast SEO plugin. -->","_links":{"self":[{"href":"https:\/\/www.biowink.com.vn\/index.php\/wp-json\/wp\/v2\/product\/2288"}],"collection":[{"href":"https:\/\/www.biowink.com.vn\/index.php\/wp-json\/wp\/v2\/product"}],"about":[{"href":"https:\/\/www.biowink.com.vn\/index.php\/wp-json\/wp\/v2\/types\/product"}],"replies":[{"embeddable":true,"href":"https:\/\/www.biowink.com.vn\/index.php\/wp-json\/wp\/v2\/comments?post=2288"}],"wp:featuredmedia":[{"embeddable":true,"href":"https:\/\/www.biowink.com.vn\/index.php\/wp-json\/wp\/v2\/media\/3007"}],"wp:attachment":[{"href":"https:\/\/www.biowink.com.vn\/index.php\/wp-json\/wp\/v2\/media?parent=2288"}],"curies":[{"name":"wp","href":"https:\/\/api.w.org\/{rel}","templated":true}]}}