{"id":316,"date":"2019-10-11T15:40:24","date_gmt":"2019-10-11T13:40:24","guid":{"rendered":"http:\/\/www.biowink.com.vn\/?post_type=product&#038;p=316"},"modified":"2020-02-28T05:56:04","modified_gmt":"2020-02-28T04:56:04","slug":"elixir-de-jour-thuoc-tien-trong-ngay","status":"publish","type":"product","link":"https:\/\/www.biowink.com.vn\/index.php\/produit\/elixir-de-jour-thuoc-tien-trong-ngay\/","title":{"rendered":"Elixir de jour, thu\u1ed1c ti\u00ean trong ng\u00e0y"},"content":{"rendered":"<h3>S\u1ef1 mi\u00eau t\u1ea3<\/h3>\n<p>Gi\u1eef \u1ea9m &#8211; L\u00e0m ch\u00edn &#8211; C\u00e2n b\u1eb1ng l\u1ea1i<\/p>\n<p>B\u1ea1n c\u00f3 nh\u01b0\u1ee3c \u0111i\u1ec3m nh\u1ecf? C\u00f3 ph\u1ea3i da b\u1ea1n th\u01b0\u1eddng s\u00e1ng b\u00f3ng v\u00e0o ban ng\u00e0y? Ch\u0103m s\u00f3c ban ng\u00e0y nh\u1eb9 nh\u00e0ng v\u00e0 kem n\u00e0y c\u00f3 m\u00f9i th\u01a1m c\u1ee7a \u0111\u00e0o v\u00e0 cam \u0111\u01b0\u1ee3c t\u1ea1o ra cho b\u1ea1n!<\/p>\n<h3>\nNguy\u00ean t\u1eafc ho\u1ea1t \u0111\u1ed9ng<\/h3>\n<p>Nha \u0111am, neem v\u00e0 jojoba gi\u1eef \u1ea9m v\u00e0 thanh l\u1ecdc l\u00e0n da c\u1ee7a b\u1ea1n.<br \/>\nB\u1ed9t g\u1ea1o cung c\u1ea5p m\u1ed9t hi\u1ec7u \u1ee9ng tr\u01b0\u1edfng th\u00e0nh l\u00e2u d\u00e0i.<br \/>\nHoa \u0111\u00e0o v\u00e0 hoa cam l\u00e0m cho l\u00e0n da c\u1ee7a b\u1ea1n b\u1eebng s\u00e1ng!<\/p>\n<p>Hi\u1ec7u qu\u1ea3 \u0111\u00e3 \u0111\u01b0\u1ee3c ch\u1ee9ng minh<br \/>\n\u2022 Gi\u1eef \u1ea9m th\u00eam 49% * sau 2 gi\u1edd<br \/>\n\u2022 Da tr\u01b0\u1edfng th\u00e0nh: 65% **<br \/>\n\u2022 Da s\u1ea1ch h\u01a1n: 95% **<br \/>\n\u2022 Gi\u1ea3m nh\u01b0\u1ee3c \u0111i\u1ec3m: 74% **<br \/>\n\u2022 \u00c1nh s\u00e1ng kh\u1ecfe m\u1ea1nh: 100% **<br \/>\n* \u0110o b\u1eb1ng gi\u00e1c m\u1ea1c tr\u00ean 10 ph\u1ee5 n\u1eef.<br \/>\n** T\u1ef7 l\u1ec7 h\u00e0i l\u00f2ng. Th\u1eed nghi\u1ec7m s\u1eed d\u1ee5ng tr\u00ean 21 ph\u1ee5 n\u1eef trong 28 ng\u00e0y.<\/p>\n<p>\u0110\u00e3 \u0111\u01b0\u1ee3c ki\u1ec3m nghi\u1ec7m da li\u1ec5u. Kh\u00f4ng sinh s\u1ea3n.<br \/>\nKh\u00f4ng paraben, kh\u00f4ng phenoxyethanol, kh\u00f4ng GMO, kh\u00f4ng PEG, kh\u00f4ng n\u01b0\u1edbc hoa t\u1ed5ng h\u1ee3p v\u00e0 thu\u1ed1c nhu\u1ed9m, kh\u00f4ng th\u1eed nghi\u1ec7m tr\u00ean \u0111\u1ed9ng v\u1eadt.<\/p>\n<h3>\nTh\u00e0nh ph\u1ea7n<\/h3>\n<p>99% th\u00e0nh ph\u1ea7n t\u1ef1 nhi\u00ean<br \/>\n38% th\u00e0nh ph\u1ea7n h\u1eefu c\u01a1<\/p>\n<p>Aqua (n\u01b0\u1edbc), glycerin, magi\u00ea nh\u00f4m silicat, butyrospermum parkii (shea) butter *, oryza sativa (g\u1ea1o) b\u1ed9t v\u1ecf, n\u01b0\u1edbc hoa cam qu\u00fdt amur (cam \u0111\u1eafng) *, r\u01b0\u1ee3u Behenyl, xylitylglucoside, glycery ) d\u1ea7u h\u1ea1t *, dicaprylyl carbonate, n\u01b0\u1edbc \u00e9p l\u00e1 aloe barbadensis *, chi\u1ebft xu\u1ea5t t\u1eeb \u200b\u200bqu\u1ea3 prunus Persica (\u0111\u00e0o) *, chi\u1ebft xu\u1ea5t t\u1eeb \u200b\u200bl\u00e1 azadirachta indica *, r\u01b0\u1ee3u benzyl, anhydroxylitol, xylitol, xanthan gum, parfum (h\u01b0\u01a1ng th\u01a1m) algin th\u1ee7y ph\u00e2n, axit dehydroacetic, silica, k\u1ebdm sulfat, ci 77491 (oxit s\u1eaft), kali sorbate, tocopherol, limonene, linalool, citronellol.<br \/>\nSend feedback<br \/>\nHistory<br \/>\nSaved<br \/>\nCommunity<\/p>\n","protected":false},"excerpt":{"rendered":"<p>S\u1ef1 mi\u00eau t\u1ea3 Gi\u1eef \u1ea9m &#8211; L\u00e0m ch\u00edn &#8211; C\u00e2n b\u1eb1ng l\u1ea1i B\u1ea1n c\u00f3 nh\u01b0\u1ee3c \u0111i\u1ec3m nh\u1ecf? C\u00f3 ph\u1ea3i da b\u1ea1n th\u01b0\u1eddng s\u00e1ng b\u00f3ng v\u00e0o ban ng\u00e0y? Ch\u0103m s\u00f3c ban ng\u00e0y nh\u1eb9 nh\u00e0ng v\u00e0 kem n\u00e0y c\u00f3 m\u00f9i th\u01a1m c\u1ee7a \u0111\u00e0o v\u00e0 cam \u0111\u01b0\u1ee3c t\u1ea1o ra cho b\u1ea1n! Nguy\u00ean t\u1eafc ho\u1ea1t \u0111\u1ed9ng Nha \u0111am, neem &hellip; <\/p>\n","protected":false},"featured_media":531,"comment_status":"open","ping_status":"closed","template":"","meta":[],"brands":[{"id":37,"name":"Lady Green","slug":"ladygreen_cua_cac_co_gai_tre"}],"yoast_head":"<!-- This site is optimized with the Yoast SEO plugin v15.5 - https:\/\/yoast.com\/wordpress\/plugins\/seo\/ -->\n<title>Elixir de jour, thu\u1ed1c ti\u00ean trong ng\u00e0y - Bio Wink Vietnam<\/title>\n<meta name=\"robots\" content=\"index, follow, max-snippet:-1, max-image-preview:large, max-video-preview:-1\" \/>\n<link rel=\"canonical\" href=\"https:\/\/www.biowink.com.vn\/index.php\/produit\/elixir-de-jour-thuoc-tien-trong-ngay\/\" \/>\n<meta property=\"og:locale\" content=\"en_GB\" \/>\n<meta property=\"og:type\" content=\"article\" \/>\n<meta property=\"og:title\" content=\"Elixir de jour, thu\u1ed1c ti\u00ean trong ng\u00e0y - Bio Wink Vietnam\" \/>\n<meta property=\"og:description\" content=\"S\u1ef1 mi\u00eau t\u1ea3 Gi\u1eef \u1ea9m &#8211; L\u00e0m ch\u00edn &#8211; C\u00e2n b\u1eb1ng l\u1ea1i B\u1ea1n c\u00f3 nh\u01b0\u1ee3c \u0111i\u1ec3m nh\u1ecf? C\u00f3 ph\u1ea3i da b\u1ea1n th\u01b0\u1eddng s\u00e1ng b\u00f3ng v\u00e0o ban ng\u00e0y? Ch\u0103m s\u00f3c ban ng\u00e0y nh\u1eb9 nh\u00e0ng v\u00e0 kem n\u00e0y c\u00f3 m\u00f9i th\u01a1m c\u1ee7a \u0111\u00e0o v\u00e0 cam \u0111\u01b0\u1ee3c t\u1ea1o ra cho b\u1ea1n! Nguy\u00ean t\u1eafc ho\u1ea1t \u0111\u1ed9ng Nha \u0111am, neem &hellip;\" \/>\n<meta property=\"og:url\" content=\"https:\/\/www.biowink.com.vn\/index.php\/produit\/elixir-de-jour-thuoc-tien-trong-ngay\/\" \/>\n<meta property=\"og:site_name\" content=\"Bio Wink Vietnam\" \/>\n<meta property=\"article:publisher\" content=\"https:\/\/www.facebook.com\/biowinkvn\/\" \/>\n<meta property=\"article:modified_time\" content=\"2020-02-28T04:56:04+00:00\" \/>\n<meta property=\"og:image\" content=\"https:\/\/www.biowink.com.vn\/wp-content\/uploads\/2019\/10\/beautifying-day-cream.png\" \/>\n\t<meta property=\"og:image:width\" content=\"400\" \/>\n\t<meta property=\"og:image:height\" content=\"573\" \/>\n<meta name=\"twitter:card\" content=\"summary_large_image\" \/>\n<meta name=\"twitter:label1\" content=\"Estimated reading time\">\n\t<meta name=\"twitter:data1\" content=\"1 minute\">\n<script type=\"application\/ld+json\" class=\"yoast-schema-graph\">{\"@context\":\"https:\/\/schema.org\",\"@graph\":[{\"@type\":\"Organization\",\"@id\":\"https:\/\/www.biowink.com.vn\/#organization\",\"name\":\"Bio Wink Vi\\u1ec7t Nam\",\"url\":\"https:\/\/www.biowink.com.vn\/\",\"sameAs\":[\"https:\/\/www.facebook.com\/biowinkvn\/\",\"https:\/\/www.instagram.com\/biowinkinvietnam\"],\"logo\":{\"@type\":\"ImageObject\",\"@id\":\"https:\/\/www.biowink.com.vn\/#logo\",\"inLanguage\":\"en-GB\",\"url\":\"https:\/\/www.biowink.com.vn\/wp-content\/uploads\/2019\/10\/logo-biowink-VN-KR.jpg\",\"width\":1600,\"height\":1600,\"caption\":\"Bio Wink Vi\\u1ec7t Nam\"},\"image\":{\"@id\":\"https:\/\/www.biowink.com.vn\/#logo\"}},{\"@type\":\"WebSite\",\"@id\":\"https:\/\/www.biowink.com.vn\/#website\",\"url\":\"https:\/\/www.biowink.com.vn\/\",\"name\":\"Bio Wink Vietnam\",\"description\":\"\",\"publisher\":{\"@id\":\"https:\/\/www.biowink.com.vn\/#organization\"},\"potentialAction\":[{\"@type\":\"SearchAction\",\"target\":\"https:\/\/www.biowink.com.vn\/?s={search_term_string}\",\"query-input\":\"required name=search_term_string\"}],\"inLanguage\":\"en-GB\"},{\"@type\":\"ImageObject\",\"@id\":\"https:\/\/www.biowink.com.vn\/index.php\/produit\/elixir-de-jour-thuoc-tien-trong-ngay\/#primaryimage\",\"inLanguage\":\"en-GB\",\"url\":\"https:\/\/www.biowink.com.vn\/wp-content\/uploads\/2019\/10\/beautifying-day-cream.png\",\"width\":400,\"height\":573},{\"@type\":\"WebPage\",\"@id\":\"https:\/\/www.biowink.com.vn\/index.php\/produit\/elixir-de-jour-thuoc-tien-trong-ngay\/#webpage\",\"url\":\"https:\/\/www.biowink.com.vn\/index.php\/produit\/elixir-de-jour-thuoc-tien-trong-ngay\/\",\"name\":\"Elixir de jour, thu\\u1ed1c ti\\u00ean trong ng\\u00e0y - Bio Wink Vietnam\",\"isPartOf\":{\"@id\":\"https:\/\/www.biowink.com.vn\/#website\"},\"primaryImageOfPage\":{\"@id\":\"https:\/\/www.biowink.com.vn\/index.php\/produit\/elixir-de-jour-thuoc-tien-trong-ngay\/#primaryimage\"},\"datePublished\":\"2019-10-11T13:40:24+00:00\",\"dateModified\":\"2020-02-28T04:56:04+00:00\",\"inLanguage\":\"en-GB\",\"potentialAction\":[{\"@type\":\"ReadAction\",\"target\":[\"https:\/\/www.biowink.com.vn\/index.php\/produit\/elixir-de-jour-thuoc-tien-trong-ngay\/\"]}]}]}<\/script>\n<!-- \/ Yoast SEO plugin. -->","_links":{"self":[{"href":"https:\/\/www.biowink.com.vn\/index.php\/wp-json\/wp\/v2\/product\/316"}],"collection":[{"href":"https:\/\/www.biowink.com.vn\/index.php\/wp-json\/wp\/v2\/product"}],"about":[{"href":"https:\/\/www.biowink.com.vn\/index.php\/wp-json\/wp\/v2\/types\/product"}],"replies":[{"embeddable":true,"href":"https:\/\/www.biowink.com.vn\/index.php\/wp-json\/wp\/v2\/comments?post=316"}],"wp:featuredmedia":[{"embeddable":true,"href":"https:\/\/www.biowink.com.vn\/index.php\/wp-json\/wp\/v2\/media\/531"}],"wp:attachment":[{"href":"https:\/\/www.biowink.com.vn\/index.php\/wp-json\/wp\/v2\/media?parent=316"}],"curies":[{"name":"wp","href":"https:\/\/api.w.org\/{rel}","templated":true}]}}