{"id":322,"date":"2019-10-11T16:03:41","date_gmt":"2019-10-11T14:03:41","guid":{"rendered":"http:\/\/www.biowink.com.vn\/?post_type=product&#038;p=322"},"modified":"2020-02-28T05:57:15","modified_gmt":"2020-02-28T04:57:15","slug":"sublime-chong-khiem-khuyet-cua-khuon-mat","status":"publish","type":"product","link":"https:\/\/www.biowink.com.vn\/index.php\/produit\/sublime-chong-khiem-khuyet-cua-khuon-mat\/","title":{"rendered":"sublime, ch\u1ed1ng khi\u1ebfm khuy\u1ebft c\u1ee7a khu\u00f4n m\u1eb7t"},"content":{"rendered":"<h3>S\u1ef1 mi\u00eau t\u1ea3<\/h3>\n<p>Kh\u00f4 &#8211; Thanh l\u1ecdc &#8211; L\u00e0m d\u1ecbu<\/p>\n<p>B\u1eaft m\u1ed9t nh\u01b0\u1ee3c \u0111i\u1ec3m? \u0110\u1eebng ho\u1ea3ng s\u1ee3! \u0110\u00e1nh b\u00f4ng c\u00e2y b\u00fat gel n\u00e0y, gi\u00e0u ho\u1ea1t ch\u1ea5t t\u1ef1 nhi\u00ean hi\u1ec7u su\u1ea5t cao, \u0111\u1ec3 l\u00e0m kh\u00f4, thanh l\u1ecdc v\u00e0 l\u00e0m d\u1ecbu da.<\/p>\n<h3>\nNguy\u00ean t\u1eafc ho\u1ea1t \u0111\u1ed9ng<\/h3>\n<p>K\u1ebdm v\u00e0 hoa o\u1ea3i h\u01b0\u01a1ng l\u00e0m kh\u00f4 da nh\u01b0\u1ee3c \u0111i\u1ec3m.<br \/>\nNha \u0111am, neem v\u00e0 c\u00e2y ng\u01b0u b\u00e0ng \u0111i\u1ec1u tr\u1ecb v\u00e0 l\u00e0m d\u1ecbu l\u00e0n da c\u1ee7a b\u1ea1n<\/p>\n<p>\u0110\u00e3 \u0111\u01b0\u1ee3c ki\u1ec3m nghi\u1ec7m da li\u1ec5u.<br \/>\nKh\u00f4ng paraben, kh\u00f4ng phenoxy\u00e9thanol, kh\u00f4ng GMO, kh\u00f4ng PEG, kh\u00f4ng n\u01b0\u1edbc hoa t\u1ed5ng h\u1ee3p v\u00e0 thu\u1ed1c nhu\u1ed9m, kh\u00f4ng th\u1eed nghi\u1ec7m tr\u00ean \u0111\u1ed9ng v\u1eadt.<\/p>\n<h3>\nTh\u00e0nh ph\u1ea7n<\/h3>\n<p>99% th\u00e0nh ph\u1ea7n t\u1ef1 nhi\u00ean<br \/>\n52% th\u00e0nh ph\u1ea7n h\u1eefu c\u01a1<\/p>\n<p>N\u01b0\u1edbc hoa qu\u1ea3 Sorbate, Natri Benzoate, Linalool, Geraniol.<\/p>\n","protected":false},"excerpt":{"rendered":"<p>S\u1ef1 mi\u00eau t\u1ea3 Kh\u00f4 &#8211; Thanh l\u1ecdc &#8211; L\u00e0m d\u1ecbu B\u1eaft m\u1ed9t nh\u01b0\u1ee3c \u0111i\u1ec3m? \u0110\u1eebng ho\u1ea3ng s\u1ee3! \u0110\u00e1nh b\u00f4ng c\u00e2y b\u00fat gel n\u00e0y, gi\u00e0u ho\u1ea1t ch\u1ea5t t\u1ef1 nhi\u00ean hi\u1ec7u su\u1ea5t cao, \u0111\u1ec3 l\u00e0m kh\u00f4, thanh l\u1ecdc v\u00e0 l\u00e0m d\u1ecbu da. Nguy\u00ean t\u1eafc ho\u1ea1t \u0111\u1ed9ng K\u1ebdm v\u00e0 hoa o\u1ea3i h\u01b0\u01a1ng l\u00e0m kh\u00f4 da nh\u01b0\u1ee3c \u0111i\u1ec3m. Nha &hellip; <\/p>\n","protected":false},"featured_media":535,"comment_status":"open","ping_status":"closed","template":"","meta":[],"brands":[{"id":37,"name":"Lady Green","slug":"ladygreen_cua_cac_co_gai_tre"}],"yoast_head":"<!-- This site is optimized with the Yoast SEO plugin v15.5 - https:\/\/yoast.com\/wordpress\/plugins\/seo\/ -->\n<title>sublime, ch\u1ed1ng khi\u1ebfm khuy\u1ebft c\u1ee7a khu\u00f4n m\u1eb7t - Bio Wink Vietnam<\/title>\n<meta name=\"robots\" content=\"index, follow, max-snippet:-1, max-image-preview:large, max-video-preview:-1\" \/>\n<link rel=\"canonical\" href=\"https:\/\/www.biowink.com.vn\/index.php\/produit\/sublime-chong-khiem-khuyet-cua-khuon-mat\/\" \/>\n<meta property=\"og:locale\" content=\"en_GB\" \/>\n<meta property=\"og:type\" content=\"article\" \/>\n<meta property=\"og:title\" content=\"sublime, ch\u1ed1ng khi\u1ebfm khuy\u1ebft c\u1ee7a khu\u00f4n m\u1eb7t - Bio Wink Vietnam\" \/>\n<meta property=\"og:description\" content=\"S\u1ef1 mi\u00eau t\u1ea3 Kh\u00f4 &#8211; Thanh l\u1ecdc &#8211; L\u00e0m d\u1ecbu B\u1eaft m\u1ed9t nh\u01b0\u1ee3c \u0111i\u1ec3m? \u0110\u1eebng ho\u1ea3ng s\u1ee3! \u0110\u00e1nh b\u00f4ng c\u00e2y b\u00fat gel n\u00e0y, gi\u00e0u ho\u1ea1t ch\u1ea5t t\u1ef1 nhi\u00ean hi\u1ec7u su\u1ea5t cao, \u0111\u1ec3 l\u00e0m kh\u00f4, thanh l\u1ecdc v\u00e0 l\u00e0m d\u1ecbu da. Nguy\u00ean t\u1eafc ho\u1ea1t \u0111\u1ed9ng K\u1ebdm v\u00e0 hoa o\u1ea3i h\u01b0\u01a1ng l\u00e0m kh\u00f4 da nh\u01b0\u1ee3c \u0111i\u1ec3m. Nha &hellip;\" \/>\n<meta property=\"og:url\" content=\"https:\/\/www.biowink.com.vn\/index.php\/produit\/sublime-chong-khiem-khuyet-cua-khuon-mat\/\" \/>\n<meta property=\"og:site_name\" content=\"Bio Wink Vietnam\" \/>\n<meta property=\"article:publisher\" content=\"https:\/\/www.facebook.com\/biowinkvn\/\" \/>\n<meta property=\"article:modified_time\" content=\"2020-02-28T04:57:15+00:00\" \/>\n<meta property=\"og:image\" content=\"https:\/\/www.biowink.com.vn\/wp-content\/uploads\/2019\/10\/anti-blemish-gel-pen.jpg\" \/>\n\t<meta property=\"og:image:width\" content=\"400\" \/>\n\t<meta property=\"og:image:height\" content=\"573\" \/>\n<meta name=\"twitter:card\" content=\"summary_large_image\" \/>\n<meta name=\"twitter:label1\" content=\"Estimated reading time\">\n\t<meta name=\"twitter:data1\" content=\"1 minute\">\n<script type=\"application\/ld+json\" class=\"yoast-schema-graph\">{\"@context\":\"https:\/\/schema.org\",\"@graph\":[{\"@type\":\"Organization\",\"@id\":\"https:\/\/www.biowink.com.vn\/#organization\",\"name\":\"Bio Wink Vi\\u1ec7t Nam\",\"url\":\"https:\/\/www.biowink.com.vn\/\",\"sameAs\":[\"https:\/\/www.facebook.com\/biowinkvn\/\",\"https:\/\/www.instagram.com\/biowinkinvietnam\"],\"logo\":{\"@type\":\"ImageObject\",\"@id\":\"https:\/\/www.biowink.com.vn\/#logo\",\"inLanguage\":\"en-GB\",\"url\":\"https:\/\/www.biowink.com.vn\/wp-content\/uploads\/2019\/10\/logo-biowink-VN-KR.jpg\",\"width\":1600,\"height\":1600,\"caption\":\"Bio Wink Vi\\u1ec7t Nam\"},\"image\":{\"@id\":\"https:\/\/www.biowink.com.vn\/#logo\"}},{\"@type\":\"WebSite\",\"@id\":\"https:\/\/www.biowink.com.vn\/#website\",\"url\":\"https:\/\/www.biowink.com.vn\/\",\"name\":\"Bio Wink Vietnam\",\"description\":\"\",\"publisher\":{\"@id\":\"https:\/\/www.biowink.com.vn\/#organization\"},\"potentialAction\":[{\"@type\":\"SearchAction\",\"target\":\"https:\/\/www.biowink.com.vn\/?s={search_term_string}\",\"query-input\":\"required name=search_term_string\"}],\"inLanguage\":\"en-GB\"},{\"@type\":\"ImageObject\",\"@id\":\"https:\/\/www.biowink.com.vn\/index.php\/produit\/sublime-chong-khiem-khuyet-cua-khuon-mat\/#primaryimage\",\"inLanguage\":\"en-GB\",\"url\":\"https:\/\/www.biowink.com.vn\/wp-content\/uploads\/2019\/10\/anti-blemish-gel-pen.jpg\",\"width\":400,\"height\":573},{\"@type\":\"WebPage\",\"@id\":\"https:\/\/www.biowink.com.vn\/index.php\/produit\/sublime-chong-khiem-khuyet-cua-khuon-mat\/#webpage\",\"url\":\"https:\/\/www.biowink.com.vn\/index.php\/produit\/sublime-chong-khiem-khuyet-cua-khuon-mat\/\",\"name\":\"sublime, ch\\u1ed1ng khi\\u1ebfm khuy\\u1ebft c\\u1ee7a khu\\u00f4n m\\u1eb7t - Bio Wink Vietnam\",\"isPartOf\":{\"@id\":\"https:\/\/www.biowink.com.vn\/#website\"},\"primaryImageOfPage\":{\"@id\":\"https:\/\/www.biowink.com.vn\/index.php\/produit\/sublime-chong-khiem-khuyet-cua-khuon-mat\/#primaryimage\"},\"datePublished\":\"2019-10-11T14:03:41+00:00\",\"dateModified\":\"2020-02-28T04:57:15+00:00\",\"inLanguage\":\"en-GB\",\"potentialAction\":[{\"@type\":\"ReadAction\",\"target\":[\"https:\/\/www.biowink.com.vn\/index.php\/produit\/sublime-chong-khiem-khuyet-cua-khuon-mat\/\"]}]}]}<\/script>\n<!-- \/ Yoast SEO plugin. -->","_links":{"self":[{"href":"https:\/\/www.biowink.com.vn\/index.php\/wp-json\/wp\/v2\/product\/322"}],"collection":[{"href":"https:\/\/www.biowink.com.vn\/index.php\/wp-json\/wp\/v2\/product"}],"about":[{"href":"https:\/\/www.biowink.com.vn\/index.php\/wp-json\/wp\/v2\/types\/product"}],"replies":[{"embeddable":true,"href":"https:\/\/www.biowink.com.vn\/index.php\/wp-json\/wp\/v2\/comments?post=322"}],"wp:featuredmedia":[{"embeddable":true,"href":"https:\/\/www.biowink.com.vn\/index.php\/wp-json\/wp\/v2\/media\/535"}],"wp:attachment":[{"href":"https:\/\/www.biowink.com.vn\/index.php\/wp-json\/wp\/v2\/media?parent=322"}],"curies":[{"name":"wp","href":"https:\/\/api.w.org\/{rel}","templated":true}]}}