{"id":340,"date":"2019-10-12T05:32:38","date_gmt":"2019-10-12T03:32:38","guid":{"rendered":"http:\/\/www.biowink.com.vn\/?post_type=product&#038;p=340"},"modified":"2020-02-22T09:51:37","modified_gmt":"2020-02-22T08:51:37","slug":"tresor-millenaire-kho-bau-ngan-nam","status":"publish","type":"product","link":"https:\/\/www.biowink.com.vn\/index.php\/produit\/tresor-millenaire-kho-bau-ngan-nam\/","title":{"rendered":"Tr\u00e9sor Mill\u00e9naire (kho b\u00e1u ng\u00e0n n\u0103m)"},"content":{"rendered":"<p>kho b\u00e1u ng\u00e0n n\u0103m<\/p>\n<p>SCRUB v\u1edbi Mother-Waters v\u00e0 Gu\u00e9rande Salt<br \/>\nCh\u00e0 tay v\u00e0 v\u00f9ng \u0111\u1eb7c bi\u1ec7t, cocktail kho\u00e1ng c\u1ef1c k\u1ef3 nh\u1eb9 nh\u00e0ng &#8211; 220g<\/p>\n<h2>Th\u00e0nh ph\u1ea7n<\/h2>\n<p>Ch\u00e0 mu\u1ed1i Gu\u00e9rande l\u00e0 m\u1ed9t lo\u1ea1i cocktail kho\u00e1ng ch\u1ea5t, gi\u00e0u magi\u00ea, kali v\u00e0 canxi, r\u1ea5t c\u1ea7n thi\u1ebft cho s\u1ee9c s\u1ed1ng c\u1ee7a c\u00e1c t\u1ebf b\u00e0o da c\u1ee7a ch\u00fang ta. Da c\u1ef1c k\u1ef3 m\u1ec1m m\u1ea1i, m\u1ecbn m\u00e0ng v\u00e0 h\u1ed3i sinh.<\/p>\n<p>99% t\u1ed5ng s\u1ed1 th\u00e0nh ph\u1ea7n c\u00f3 ngu\u1ed3n g\u1ed1c t\u1ef1 nhi\u00ean<br \/>\n18% t\u1ed5ng s\u1ed1 th\u00e0nh ph\u1ea7n l\u00e0 t\u1eeb canh t\u00e1c h\u1eefu c\u01a1<\/p>\n<p>M\u1ef9 ph\u1ea9m t\u1ef1 nhi\u00ean v\u00e0 h\u1eefu c\u01a1, \u0111\u01b0\u1ee3c ch\u1ee9ng nh\u1eadn b\u1edfi ECOCERT Greenlife, theo ti\u00eau chu\u1ea9n ECOCERT c\u00f3 s\u1eb5n t\u1ea1i cosmetiques.ecocert.com<\/p>\n<h2>Nguy\u00ean t\u1eafc ho\u1ea1t \u0111\u1ed9ng<\/h2>\n<p>Mother-Waters, v\u00ec h\u00e0nh \u0111\u1ed9ng k\u00e9p c\u1ee7a h\u1ecd: H\u1ecd kh\u00f4i ph\u1ee5c c\u00e2n b\u1eb1ng kho\u00e1ng ch\u1ea5t cho l\u1edbp bi\u1ec3u b\u00ec b\u1eb1ng c\u00e1ch th\u1ea9m th\u1ea5u \u0111\u01a1n gi\u1ea3n v\u00e0 gi\u00fap da h\u1ea5p th\u1ee5 c\u00e1c ho\u1ea1t ch\u1ea5t.<br \/>\nC\u00e1c h\u1ea1t Gu\u00e9rande Salt mu\u1ed1i l\u00e0 k\u00edch th\u01b0\u1edbc l\u00fd t\u01b0\u1edfng \u0111\u1ec3 lo\u1ea1i b\u1ecf c\u00e1c t\u1ebf b\u00e0o ch\u1ebft v\u00e0 t\u1ea1p ch\u1ea5t.<br \/>\nTH\u00c0NH PH\u1ea6N HO\u1ea0T \u0110\u1ed8NG KH\u00c1C<br \/>\nEste Sucrose.<\/p>\n<h2>T\u01b0 v\u1ea5n s\u1eed d\u1ee5ng<\/h2>\n<p>Xoa v\u00e0o v\u00f9ng da kh\u00f4 c\u1ee7a tay ho\u1eb7c c\u01a1 th\u1ec3, t\u1eadp trung v\u00e0o c\u00e1c v\u00f9ng th\u00f4 r\u00e1p (khu\u1ef7u tay, \u0111\u1ea7u g\u1ed1i, g\u00f3t ch\u00e2n, v.v.). Sau \u0111\u00f3, r\u1eeda s\u1ea1ch v\u1edbi n\u01b0\u1edbc \u0111\u1ec3 c\u00f3 \u0111\u01b0\u1ee3c k\u1ebft c\u1ea5u m\u00e0u tr\u1eafng \u0111\u1ee5c.<\/p>\n<h2>TH\u00c0NH PH\u1ea6N<\/h2>\n<p>Maris Sal (Mu\u1ed1i bi\u1ec3n), Capbest \/ capric Triglyceride, Helianthus Annuus (Sun \ufb02 ower) Seed Oil *, Glycerin, Saccharin Of \ufb01 cinarum (Sugar Cane) Extract *, Maris Aqua (N\u01b0\u1edbc bi\u1ec3n), Sucrose Laurate , Parfum (H\u01b0\u01a1ng th\u01a1m), R\u01b0\u1ee3u Benzyl, Limonene, Linalool, Glycine Soja (D\u1ea7u \u0111\u1eadu n\u00e0nh), Tocopherol, Acid dehydroacetic, Citronellol, Aqua (N\u01b0\u1edbc), Axit Lactic.<\/p>\n<p>* Th\u00e0nh ph\u1ea7n t\u1eeb canh t\u00e1c h\u1eefu c\u01a1<br \/>\n** \u0110\u01b0\u1ee3c l\u00e0m b\u1eb1ng c\u00e1c th\u00e0nh ph\u1ea7n h\u1eefu c\u01a1<\/p>\n","protected":false},"excerpt":{"rendered":"<p>kho b\u00e1u ng\u00e0n n\u0103m SCRUB v\u1edbi Mother-Waters v\u00e0 Gu\u00e9rande Salt Ch\u00e0 tay v\u00e0 v\u00f9ng \u0111\u1eb7c bi\u1ec7t, cocktail kho\u00e1ng c\u1ef1c k\u1ef3 nh\u1eb9 nh\u00e0ng &#8211; 220g Th\u00e0nh ph\u1ea7n Ch\u00e0 mu\u1ed1i Gu\u00e9rande l\u00e0 m\u1ed9t lo\u1ea1i cocktail kho\u00e1ng ch\u1ea5t, gi\u00e0u magi\u00ea, kali v\u00e0 canxi, r\u1ea5t c\u1ea7n thi\u1ebft cho s\u1ee9c s\u1ed1ng c\u1ee7a c\u00e1c t\u1ebf b\u00e0o da c\u1ee7a ch\u00fang ta. Da &hellip; <\/p>\n","protected":false},"featured_media":2617,"comment_status":"open","ping_status":"closed","template":"","meta":[],"brands":[{"id":35,"name":"Guerande","slug":"guerande"}],"yoast_head":"<!-- This site is optimized with the Yoast SEO plugin v15.5 - https:\/\/yoast.com\/wordpress\/plugins\/seo\/ -->\n<title>Tr\u00e9sor Mill\u00e9naire (kho b\u00e1u ng\u00e0n n\u0103m) - Bio Wink Vietnam<\/title>\n<meta name=\"description\" content=\"kho b\u00e1u ng\u00e0n n\u0103m. SCRUB v\u1edbi Mother-Waters v\u00e0 Gu\u00e9rande Salt. Ch\u00e0 tay v\u00e0 v\u00f9ng \u0111\u1eb7c bi\u1ec7t, cocktail kho\u00e1ng c\u1ef1c k\u1ef3 nh\u1eb9 nh\u00e0ng\" \/>\n<meta name=\"robots\" content=\"index, follow, max-snippet:-1, max-image-preview:large, max-video-preview:-1\" \/>\n<link rel=\"canonical\" href=\"https:\/\/www.biowink.com.vn\/index.php\/produit\/tresor-millenaire-kho-bau-ngan-nam\/\" \/>\n<meta property=\"og:locale\" content=\"en_GB\" \/>\n<meta property=\"og:type\" content=\"article\" \/>\n<meta property=\"og:title\" content=\"Tr\u00e9sor Mill\u00e9naire (kho b\u00e1u ng\u00e0n n\u0103m) - Bio Wink Vietnam\" \/>\n<meta property=\"og:description\" content=\"kho b\u00e1u ng\u00e0n n\u0103m. SCRUB v\u1edbi Mother-Waters v\u00e0 Gu\u00e9rande Salt. Ch\u00e0 tay v\u00e0 v\u00f9ng \u0111\u1eb7c bi\u1ec7t, cocktail kho\u00e1ng c\u1ef1c k\u1ef3 nh\u1eb9 nh\u00e0ng\" \/>\n<meta property=\"og:url\" content=\"https:\/\/www.biowink.com.vn\/index.php\/produit\/tresor-millenaire-kho-bau-ngan-nam\/\" \/>\n<meta property=\"og:site_name\" content=\"Bio Wink Vietnam\" \/>\n<meta property=\"article:publisher\" content=\"https:\/\/www.facebook.com\/biowinkvn\/\" \/>\n<meta property=\"article:modified_time\" content=\"2020-02-22T08:51:37+00:00\" \/>\n<meta property=\"og:image\" content=\"https:\/\/www.biowink.com.vn\/wp-content\/uploads\/2019\/12\/Produit-Tr\u00e9sor-Mill\u00e9naire-MPB-1.jpg\" \/>\n\t<meta property=\"og:image:width\" content=\"1908\" \/>\n\t<meta property=\"og:image:height\" content=\"1908\" \/>\n<meta name=\"twitter:card\" content=\"summary_large_image\" \/>\n<meta name=\"twitter:label1\" content=\"Estimated reading time\">\n\t<meta name=\"twitter:data1\" content=\"2 minutes\">\n<script type=\"application\/ld+json\" class=\"yoast-schema-graph\">{\"@context\":\"https:\/\/schema.org\",\"@graph\":[{\"@type\":\"Organization\",\"@id\":\"https:\/\/www.biowink.com.vn\/#organization\",\"name\":\"Bio Wink Vi\\u1ec7t Nam\",\"url\":\"https:\/\/www.biowink.com.vn\/\",\"sameAs\":[\"https:\/\/www.facebook.com\/biowinkvn\/\",\"https:\/\/www.instagram.com\/biowinkinvietnam\"],\"logo\":{\"@type\":\"ImageObject\",\"@id\":\"https:\/\/www.biowink.com.vn\/#logo\",\"inLanguage\":\"en-GB\",\"url\":\"https:\/\/www.biowink.com.vn\/wp-content\/uploads\/2019\/10\/logo-biowink-VN-KR.jpg\",\"width\":1600,\"height\":1600,\"caption\":\"Bio Wink Vi\\u1ec7t Nam\"},\"image\":{\"@id\":\"https:\/\/www.biowink.com.vn\/#logo\"}},{\"@type\":\"WebSite\",\"@id\":\"https:\/\/www.biowink.com.vn\/#website\",\"url\":\"https:\/\/www.biowink.com.vn\/\",\"name\":\"Bio Wink Vietnam\",\"description\":\"\",\"publisher\":{\"@id\":\"https:\/\/www.biowink.com.vn\/#organization\"},\"potentialAction\":[{\"@type\":\"SearchAction\",\"target\":\"https:\/\/www.biowink.com.vn\/?s={search_term_string}\",\"query-input\":\"required name=search_term_string\"}],\"inLanguage\":\"en-GB\"},{\"@type\":\"ImageObject\",\"@id\":\"https:\/\/www.biowink.com.vn\/index.php\/produit\/tresor-millenaire-kho-bau-ngan-nam\/#primaryimage\",\"inLanguage\":\"en-GB\",\"url\":\"https:\/\/www.biowink.com.vn\/wp-content\/uploads\/2019\/12\/Produit-Tr\\u00e9sor-Mill\\u00e9naire-MPB-1.jpg\",\"width\":1908,\"height\":1908},{\"@type\":\"WebPage\",\"@id\":\"https:\/\/www.biowink.com.vn\/index.php\/produit\/tresor-millenaire-kho-bau-ngan-nam\/#webpage\",\"url\":\"https:\/\/www.biowink.com.vn\/index.php\/produit\/tresor-millenaire-kho-bau-ngan-nam\/\",\"name\":\"Tr\\u00e9sor Mill\\u00e9naire (kho b\\u00e1u ng\\u00e0n n\\u0103m) - Bio Wink Vietnam\",\"isPartOf\":{\"@id\":\"https:\/\/www.biowink.com.vn\/#website\"},\"primaryImageOfPage\":{\"@id\":\"https:\/\/www.biowink.com.vn\/index.php\/produit\/tresor-millenaire-kho-bau-ngan-nam\/#primaryimage\"},\"datePublished\":\"2019-10-12T03:32:38+00:00\",\"dateModified\":\"2020-02-22T08:51:37+00:00\",\"description\":\"kho b\\u00e1u ng\\u00e0n n\\u0103m. SCRUB v\\u1edbi Mother-Waters v\\u00e0 Gu\\u00e9rande Salt. Ch\\u00e0 tay v\\u00e0 v\\u00f9ng \\u0111\\u1eb7c bi\\u1ec7t, cocktail kho\\u00e1ng c\\u1ef1c k\\u1ef3 nh\\u1eb9 nh\\u00e0ng\",\"inLanguage\":\"en-GB\",\"potentialAction\":[{\"@type\":\"ReadAction\",\"target\":[\"https:\/\/www.biowink.com.vn\/index.php\/produit\/tresor-millenaire-kho-bau-ngan-nam\/\"]}]}]}<\/script>\n<!-- \/ Yoast SEO plugin. -->","_links":{"self":[{"href":"https:\/\/www.biowink.com.vn\/index.php\/wp-json\/wp\/v2\/product\/340"}],"collection":[{"href":"https:\/\/www.biowink.com.vn\/index.php\/wp-json\/wp\/v2\/product"}],"about":[{"href":"https:\/\/www.biowink.com.vn\/index.php\/wp-json\/wp\/v2\/types\/product"}],"replies":[{"embeddable":true,"href":"https:\/\/www.biowink.com.vn\/index.php\/wp-json\/wp\/v2\/comments?post=340"}],"wp:featuredmedia":[{"embeddable":true,"href":"https:\/\/www.biowink.com.vn\/index.php\/wp-json\/wp\/v2\/media\/2617"}],"wp:attachment":[{"href":"https:\/\/www.biowink.com.vn\/index.php\/wp-json\/wp\/v2\/media?parent=340"}],"curies":[{"name":"wp","href":"https:\/\/api.w.org\/{rel}","templated":true}]}}