{"id":3441,"date":"2020-01-03T05:45:57","date_gmt":"2020-01-03T04:45:57","guid":{"rendered":"http:\/\/www.biowink.com.vn\/?post_type=product&#038;p=3441"},"modified":"2020-02-22T09:50:20","modified_gmt":"2020-02-22T08:50:20","slug":"duong-da-toan-than-175g","status":"publish","type":"product","link":"https:\/\/www.biowink.com.vn\/index.php\/produit\/duong-da-toan-than-175g\/","title":{"rendered":"d\u01b0\u1ee1ng da to\u00e0n th\u00e2n 175g"},"content":{"rendered":"<p>d\u01b0\u1ee1ng da to\u00e0n th\u00e2n 175g<br \/>\n\u0110\u1ed1i v\u1edbi da kh\u00f4 \u0111\u1ebfn r\u1ea5t kh\u00f4, son d\u01b0\u1ee1ng c\u00f3 k\u1ebft c\u1ea5u d\u1ec5 ch\u1ecbu r\u1ea5t m\u1ec1m v\u00e0 tan ch\u1ea3y gi\u1eef \u1ea9m b\u1ec1n v\u1eefng v\u00e0 nu\u00f4i d\u01b0\u1ee1ng m\u1ea1nh m\u1ebd.<\/p>\n","protected":false},"excerpt":{"rendered":"<p>d\u01b0\u1ee1ng da to\u00e0n th\u00e2n 175g \u0110\u1ed1i v\u1edbi da kh\u00f4 \u0111\u1ebfn r\u1ea5t kh\u00f4, son d\u01b0\u1ee1ng c\u00f3 k\u1ebft c\u1ea5u d\u1ec5 ch\u1ecbu r\u1ea5t m\u1ec1m v\u00e0 tan ch\u1ea3y gi\u1eef \u1ea9m b\u1ec1n v\u1eefng v\u00e0 nu\u00f4i d\u01b0\u1ee1ng m\u1ea1nh m\u1ebd.<\/p>\n","protected":false},"featured_media":2764,"comment_status":"open","ping_status":"closed","template":"","meta":[],"brands":[{"id":35,"name":"Guerande","slug":"guerande"}],"yoast_head":"<!-- This site is optimized with the Yoast SEO plugin v15.5 - https:\/\/yoast.com\/wordpress\/plugins\/seo\/ -->\n<title>d\u01b0\u1ee1ng da to\u00e0n th\u00e2n 175g - Bio Wink Vietnam<\/title>\n<meta name=\"description\" content=\"d\u01b0\u1ee1ng da to\u00e0n th\u00e2n. \u0110\u1ed1i v\u1edbi da kh\u00f4 \u0111\u1ebfn r\u1ea5t kh\u00f4, son d\u01b0\u1ee1ng c\u00f3 k\u1ebft c\u1ea5u d\u1ec5 ch\u1ecbu r\u1ea5t m\u1ec1m v\u00e0 tan ch\u1ea3y gi\u1eef \u1ea9m b\u1ec1n v\u1eefng v\u00e0 nu\u00f4i d\u01b0\u1ee1ng m\u1ea1nh m\u1ebd.\" \/>\n<meta name=\"robots\" content=\"index, follow, max-snippet:-1, max-image-preview:large, max-video-preview:-1\" \/>\n<link rel=\"canonical\" href=\"https:\/\/www.biowink.com.vn\/index.php\/produit\/duong-da-toan-than-175g\/\" \/>\n<meta property=\"og:locale\" content=\"en_GB\" \/>\n<meta property=\"og:type\" content=\"article\" \/>\n<meta property=\"og:title\" content=\"d\u01b0\u1ee1ng da to\u00e0n th\u00e2n 175g - Bio Wink Vietnam\" \/>\n<meta property=\"og:description\" content=\"d\u01b0\u1ee1ng da to\u00e0n th\u00e2n. \u0110\u1ed1i v\u1edbi da kh\u00f4 \u0111\u1ebfn r\u1ea5t kh\u00f4, son d\u01b0\u1ee1ng c\u00f3 k\u1ebft c\u1ea5u d\u1ec5 ch\u1ecbu r\u1ea5t m\u1ec1m v\u00e0 tan ch\u1ea3y gi\u1eef \u1ea9m b\u1ec1n v\u1eefng v\u00e0 nu\u00f4i d\u01b0\u1ee1ng m\u1ea1nh m\u1ebd.\" \/>\n<meta property=\"og:url\" content=\"https:\/\/www.biowink.com.vn\/index.php\/produit\/duong-da-toan-than-175g\/\" \/>\n<meta property=\"og:site_name\" content=\"Bio Wink Vietnam\" \/>\n<meta property=\"article:publisher\" content=\"https:\/\/www.facebook.com\/biowinkvn\/\" \/>\n<meta property=\"article:modified_time\" content=\"2020-02-22T08:50:20+00:00\" \/>\n<meta property=\"og:image\" content=\"https:\/\/www.biowink.com.vn\/wp-content\/uploads\/2019\/11\/baume-corps-fondant-nourrissant.png\" \/>\n\t<meta property=\"og:image:width\" content=\"800\" \/>\n\t<meta property=\"og:image:height\" content=\"800\" \/>\n<meta name=\"twitter:card\" content=\"summary_large_image\" \/>\n<meta name=\"twitter:label1\" content=\"Estimated reading time\">\n\t<meta name=\"twitter:data1\" content=\"0 minutes\">\n<script type=\"application\/ld+json\" class=\"yoast-schema-graph\">{\"@context\":\"https:\/\/schema.org\",\"@graph\":[{\"@type\":\"Organization\",\"@id\":\"https:\/\/www.biowink.com.vn\/#organization\",\"name\":\"Bio Wink Vi\\u1ec7t Nam\",\"url\":\"https:\/\/www.biowink.com.vn\/\",\"sameAs\":[\"https:\/\/www.facebook.com\/biowinkvn\/\",\"https:\/\/www.instagram.com\/biowinkinvietnam\"],\"logo\":{\"@type\":\"ImageObject\",\"@id\":\"https:\/\/www.biowink.com.vn\/#logo\",\"inLanguage\":\"en-GB\",\"url\":\"https:\/\/www.biowink.com.vn\/wp-content\/uploads\/2019\/10\/logo-biowink-VN-KR.jpg\",\"width\":1600,\"height\":1600,\"caption\":\"Bio Wink Vi\\u1ec7t Nam\"},\"image\":{\"@id\":\"https:\/\/www.biowink.com.vn\/#logo\"}},{\"@type\":\"WebSite\",\"@id\":\"https:\/\/www.biowink.com.vn\/#website\",\"url\":\"https:\/\/www.biowink.com.vn\/\",\"name\":\"Bio Wink Vietnam\",\"description\":\"\",\"publisher\":{\"@id\":\"https:\/\/www.biowink.com.vn\/#organization\"},\"potentialAction\":[{\"@type\":\"SearchAction\",\"target\":\"https:\/\/www.biowink.com.vn\/?s={search_term_string}\",\"query-input\":\"required name=search_term_string\"}],\"inLanguage\":\"en-GB\"},{\"@type\":\"ImageObject\",\"@id\":\"https:\/\/www.biowink.com.vn\/index.php\/produit\/duong-da-toan-than-175g\/#primaryimage\",\"inLanguage\":\"en-GB\",\"url\":\"https:\/\/www.biowink.com.vn\/wp-content\/uploads\/2019\/11\/baume-corps-fondant-nourrissant.png\",\"width\":800,\"height\":800,\"caption\":\"d\\u01b0\\u1ee1ng th\\u1ec3\"},{\"@type\":\"WebPage\",\"@id\":\"https:\/\/www.biowink.com.vn\/index.php\/produit\/duong-da-toan-than-175g\/#webpage\",\"url\":\"https:\/\/www.biowink.com.vn\/index.php\/produit\/duong-da-toan-than-175g\/\",\"name\":\"d\\u01b0\\u1ee1ng da to\\u00e0n th\\u00e2n 175g - Bio Wink Vietnam\",\"isPartOf\":{\"@id\":\"https:\/\/www.biowink.com.vn\/#website\"},\"primaryImageOfPage\":{\"@id\":\"https:\/\/www.biowink.com.vn\/index.php\/produit\/duong-da-toan-than-175g\/#primaryimage\"},\"datePublished\":\"2020-01-03T04:45:57+00:00\",\"dateModified\":\"2020-02-22T08:50:20+00:00\",\"description\":\"d\\u01b0\\u1ee1ng da to\\u00e0n th\\u00e2n. \\u0110\\u1ed1i v\\u1edbi da kh\\u00f4 \\u0111\\u1ebfn r\\u1ea5t kh\\u00f4, son d\\u01b0\\u1ee1ng c\\u00f3 k\\u1ebft c\\u1ea5u d\\u1ec5 ch\\u1ecbu r\\u1ea5t m\\u1ec1m v\\u00e0 tan ch\\u1ea3y gi\\u1eef \\u1ea9m b\\u1ec1n v\\u1eefng v\\u00e0 nu\\u00f4i d\\u01b0\\u1ee1ng m\\u1ea1nh m\\u1ebd.\",\"inLanguage\":\"en-GB\",\"potentialAction\":[{\"@type\":\"ReadAction\",\"target\":[\"https:\/\/www.biowink.com.vn\/index.php\/produit\/duong-da-toan-than-175g\/\"]}]}]}<\/script>\n<!-- \/ Yoast SEO plugin. -->","_links":{"self":[{"href":"https:\/\/www.biowink.com.vn\/index.php\/wp-json\/wp\/v2\/product\/3441"}],"collection":[{"href":"https:\/\/www.biowink.com.vn\/index.php\/wp-json\/wp\/v2\/product"}],"about":[{"href":"https:\/\/www.biowink.com.vn\/index.php\/wp-json\/wp\/v2\/types\/product"}],"replies":[{"embeddable":true,"href":"https:\/\/www.biowink.com.vn\/index.php\/wp-json\/wp\/v2\/comments?post=3441"}],"wp:featuredmedia":[{"embeddable":true,"href":"https:\/\/www.biowink.com.vn\/index.php\/wp-json\/wp\/v2\/media\/2764"}],"wp:attachment":[{"href":"https:\/\/www.biowink.com.vn\/index.php\/wp-json\/wp\/v2\/media?parent=3441"}],"curies":[{"name":"wp","href":"https:\/\/api.w.org\/{rel}","templated":true}]}}