{"id":3444,"date":"2020-01-03T06:12:50","date_gmt":"2020-01-03T05:12:50","guid":{"rendered":"http:\/\/www.biowink.com.vn\/?post_type=product&#038;p=3444"},"modified":"2021-03-20T17:14:24","modified_gmt":"2021-03-20T16:14:24","slug":"phuc-hoi-voi-hoa-sen-dang-truong-175-ml","status":"publish","type":"product","link":"https:\/\/www.biowink.com.vn\/index.php\/produit\/phuc-hoi-voi-hoa-sen-dang-truong-175-ml\/","title":{"rendered":"ph\u1ee5c h\u1ed3i v\u00f2i hoa sen \u0111\u1eb3ng tr\u01b0\u01a1ng 175 ml"},"content":{"rendered":"<p>ph\u1ee5c h\u1ed3i v\u00f2i hoa sen \u0111\u1eb3ng tr\u01b0\u01a1ng 175 ml<br \/>\nS\u1eefa t\u1eafm cung c\u1ea5p c\u00e1c mu\u1ed1i kho\u00e1ng v\u00e0 c\u00e1c nguy\u00ean t\u1ed1 vi l\u01b0\u1ee3ng c\u1ea7n thi\u1ebft cho s\u1ee9c s\u1ed1ng c\u1ee7a t\u1ebf b\u00e0o da.<\/p>\n","protected":false},"excerpt":{"rendered":"<p>ph\u1ee5c h\u1ed3i v\u00f2i hoa sen \u0111\u1eb3ng tr\u01b0\u01a1ng 175 ml S\u1eefa t\u1eafm cung c\u1ea5p c\u00e1c mu\u1ed1i kho\u00e1ng v\u00e0 c\u00e1c nguy\u00ean t\u1ed1 vi l\u01b0\u1ee3ng c\u1ea7n thi\u1ebft cho s\u1ee9c s\u1ed1ng c\u1ee7a t\u1ebf b\u00e0o da.<\/p>\n","protected":false},"featured_media":2569,"comment_status":"open","ping_status":"closed","template":"","meta":[],"brands":[{"id":35,"name":"Guerande","slug":"guerande"},{"id":36,"name":"Helixium","slug":"helixium_my_pham_huu_co"}],"yoast_head":"<!-- This site is optimized with the Yoast SEO plugin v15.5 - https:\/\/yoast.com\/wordpress\/plugins\/seo\/ -->\n<title>ph\u1ee5c h\u1ed3i v\u00f2i hoa sen \u0111\u1eb3ng tr\u01b0\u01a1ng 175 ml - Bio Wink Vietnam<\/title>\n<meta name=\"description\" content=\"ph\u1ee5c h\u1ed3i v\u00f2i hoa sen \u0111\u1eb3ng tr\u01b0\u01a1ng. S\u1eefa t\u1eafm cung c\u1ea5p c\u00e1c mu\u1ed1i kho\u00e1ng v\u00e0 c\u00e1c nguy\u00ean t\u1ed1 vi l\u01b0\u1ee3ng c\u1ea7n thi\u1ebft cho s\u1ee9c s\u1ed1ng c\u1ee7a t\u1ebf b\u00e0o da.\" \/>\n<meta name=\"robots\" content=\"index, follow, max-snippet:-1, max-image-preview:large, max-video-preview:-1\" \/>\n<link rel=\"canonical\" href=\"https:\/\/www.biowink.com.vn\/index.php\/produit\/phuc-hoi-voi-hoa-sen-dang-truong-175-ml\/\" \/>\n<meta property=\"og:locale\" content=\"en_GB\" \/>\n<meta property=\"og:type\" content=\"article\" \/>\n<meta property=\"og:title\" content=\"ph\u1ee5c h\u1ed3i v\u00f2i hoa sen \u0111\u1eb3ng tr\u01b0\u01a1ng 175 ml - Bio Wink Vietnam\" \/>\n<meta property=\"og:description\" content=\"ph\u1ee5c h\u1ed3i v\u00f2i hoa sen \u0111\u1eb3ng tr\u01b0\u01a1ng. S\u1eefa t\u1eafm cung c\u1ea5p c\u00e1c mu\u1ed1i kho\u00e1ng v\u00e0 c\u00e1c nguy\u00ean t\u1ed1 vi l\u01b0\u1ee3ng c\u1ea7n thi\u1ebft cho s\u1ee9c s\u1ed1ng c\u1ee7a t\u1ebf b\u00e0o da.\" \/>\n<meta property=\"og:url\" content=\"https:\/\/www.biowink.com.vn\/index.php\/produit\/phuc-hoi-voi-hoa-sen-dang-truong-175-ml\/\" \/>\n<meta property=\"og:site_name\" content=\"Bio Wink Vietnam\" \/>\n<meta property=\"article:publisher\" content=\"https:\/\/www.facebook.com\/biowinkvn\/\" \/>\n<meta property=\"article:modified_time\" content=\"2021-03-20T16:14:24+00:00\" \/>\n<meta property=\"og:image\" content=\"https:\/\/www.biowink.com.vn\/wp-content\/uploads\/2019\/11\/019316-Douche-isotonique.jpg\" \/>\n\t<meta property=\"og:image:width\" content=\"1800\" \/>\n\t<meta property=\"og:image:height\" content=\"2000\" \/>\n<meta name=\"twitter:card\" content=\"summary_large_image\" \/>\n<meta name=\"twitter:label1\" content=\"Estimated reading time\">\n\t<meta name=\"twitter:data1\" content=\"0 minutes\">\n<script type=\"application\/ld+json\" class=\"yoast-schema-graph\">{\"@context\":\"https:\/\/schema.org\",\"@graph\":[{\"@type\":\"Organization\",\"@id\":\"https:\/\/www.biowink.com.vn\/#organization\",\"name\":\"Bio Wink Vi\\u1ec7t Nam\",\"url\":\"https:\/\/www.biowink.com.vn\/\",\"sameAs\":[\"https:\/\/www.facebook.com\/biowinkvn\/\",\"https:\/\/www.instagram.com\/biowinkinvietnam\"],\"logo\":{\"@type\":\"ImageObject\",\"@id\":\"https:\/\/www.biowink.com.vn\/#logo\",\"inLanguage\":\"en-GB\",\"url\":\"https:\/\/www.biowink.com.vn\/wp-content\/uploads\/2019\/10\/logo-biowink-VN-KR.jpg\",\"width\":1600,\"height\":1600,\"caption\":\"Bio Wink Vi\\u1ec7t Nam\"},\"image\":{\"@id\":\"https:\/\/www.biowink.com.vn\/#logo\"}},{\"@type\":\"WebSite\",\"@id\":\"https:\/\/www.biowink.com.vn\/#website\",\"url\":\"https:\/\/www.biowink.com.vn\/\",\"name\":\"Bio Wink Vietnam\",\"description\":\"\",\"publisher\":{\"@id\":\"https:\/\/www.biowink.com.vn\/#organization\"},\"potentialAction\":[{\"@type\":\"SearchAction\",\"target\":\"https:\/\/www.biowink.com.vn\/?s={search_term_string}\",\"query-input\":\"required name=search_term_string\"}],\"inLanguage\":\"en-GB\"},{\"@type\":\"ImageObject\",\"@id\":\"https:\/\/www.biowink.com.vn\/index.php\/produit\/phuc-hoi-voi-hoa-sen-dang-truong-175-ml\/#primaryimage\",\"inLanguage\":\"en-GB\",\"url\":\"https:\/\/www.biowink.com.vn\/wp-content\/uploads\/2019\/11\/019316-Douche-isotonique.jpg\",\"width\":1800,\"height\":2000,\"caption\":\"s\\u1eefa-t\\u1eafm-\\u0111\\u1eb3ng-tr\\u01b0\\u01a1ng\"},{\"@type\":\"WebPage\",\"@id\":\"https:\/\/www.biowink.com.vn\/index.php\/produit\/phuc-hoi-voi-hoa-sen-dang-truong-175-ml\/#webpage\",\"url\":\"https:\/\/www.biowink.com.vn\/index.php\/produit\/phuc-hoi-voi-hoa-sen-dang-truong-175-ml\/\",\"name\":\"ph\\u1ee5c h\\u1ed3i v\\u00f2i hoa sen \\u0111\\u1eb3ng tr\\u01b0\\u01a1ng 175 ml - Bio Wink Vietnam\",\"isPartOf\":{\"@id\":\"https:\/\/www.biowink.com.vn\/#website\"},\"primaryImageOfPage\":{\"@id\":\"https:\/\/www.biowink.com.vn\/index.php\/produit\/phuc-hoi-voi-hoa-sen-dang-truong-175-ml\/#primaryimage\"},\"datePublished\":\"2020-01-03T05:12:50+00:00\",\"dateModified\":\"2021-03-20T16:14:24+00:00\",\"description\":\"ph\\u1ee5c h\\u1ed3i v\\u00f2i hoa sen \\u0111\\u1eb3ng tr\\u01b0\\u01a1ng. S\\u1eefa t\\u1eafm cung c\\u1ea5p c\\u00e1c mu\\u1ed1i kho\\u00e1ng v\\u00e0 c\\u00e1c nguy\\u00ean t\\u1ed1 vi l\\u01b0\\u1ee3ng c\\u1ea7n thi\\u1ebft cho s\\u1ee9c s\\u1ed1ng c\\u1ee7a t\\u1ebf b\\u00e0o da.\",\"inLanguage\":\"en-GB\",\"potentialAction\":[{\"@type\":\"ReadAction\",\"target\":[\"https:\/\/www.biowink.com.vn\/index.php\/produit\/phuc-hoi-voi-hoa-sen-dang-truong-175-ml\/\"]}]}]}<\/script>\n<!-- \/ Yoast SEO plugin. -->","_links":{"self":[{"href":"https:\/\/www.biowink.com.vn\/index.php\/wp-json\/wp\/v2\/product\/3444"}],"collection":[{"href":"https:\/\/www.biowink.com.vn\/index.php\/wp-json\/wp\/v2\/product"}],"about":[{"href":"https:\/\/www.biowink.com.vn\/index.php\/wp-json\/wp\/v2\/types\/product"}],"replies":[{"embeddable":true,"href":"https:\/\/www.biowink.com.vn\/index.php\/wp-json\/wp\/v2\/comments?post=3444"}],"wp:featuredmedia":[{"embeddable":true,"href":"https:\/\/www.biowink.com.vn\/index.php\/wp-json\/wp\/v2\/media\/2569"}],"wp:attachment":[{"href":"https:\/\/www.biowink.com.vn\/index.php\/wp-json\/wp\/v2\/media?parent=3444"}],"curies":[{"name":"wp","href":"https:\/\/api.w.org\/{rel}","templated":true}]}}