{"id":353,"date":"2019-10-12T09:04:09","date_gmt":"2019-10-12T07:04:09","guid":{"rendered":"http:\/\/www.biowink.com.vn\/?post_type=product&#038;p=353"},"modified":"2020-02-27T08:37:11","modified_gmt":"2020-02-27T07:37:11","slug":"lexpert-chuyen-gia","status":"publish","type":"product","link":"https:\/\/www.biowink.com.vn\/index.php\/produit\/lexpert-chuyen-gia\/","title":{"rendered":"L&#8217;expert (chuy\u00ean gia)"},"content":{"rendered":"<h3>S\u1ef1 mi\u00eau t\u1ea3<\/h3>\n<p>Ch\u00fang t\u00f4i c\u1ed1 g\u1eafng l\u00e0m nh\u1eefng g\u00ec ch\u00fang ta ph\u1ea3i ng\u0103n ng\u1eeba r\u1ea1n da h\u00ecnh th\u00e0nh trong thai k\u1ef3. Nh\u01b0ng th\u01b0\u1eddng xuy\u00ean h\u01a1n kh\u00f4ng, nh\u1eefng \u0111\u01b0\u1eddng kh\u00f3 coi n\u00e0y h\u00ecnh th\u00e0nh tr\u00ean da c\u1ee7a ch\u00fang ta. Tin t\u1ed1t l\u00e0 kh\u00f4ng bao gi\u1edd l\u00e0 qu\u00e1 mu\u1ed9n \u0111\u1ec3 c\u1ea3i thi\u1ec7n s\u1ef1 xu\u1ea5t hi\u1ec7n, m\u00e0u s\u1eafc v\u00e0 k\u1ebft c\u1ea5u b\u1ec1 m\u1eb7t c\u1ee7a v\u1ebft r\u1ea1n da. S\u1ef1 c\u00f4 \u0111\u1eb7c t\u1ef1 nhi\u00ean n\u00e0y gi\u00fap s\u1eeda ch\u1eefa l\u00e0n da v\u00e0 ng\u0103n ng\u1eeba s\u1ef1 h\u00ecnh th\u00e0nh c\u00e1c v\u1ebft r\u1ea1n da m\u1edbi v\u00e0 gi\u1ea3m thi\u1ec3u s\u1ef1 xu\u1ea5t hi\u1ec7n c\u1ee7a c\u00e1c v\u1ebft r\u1ea1n \u0111\u1ecf ho\u1eb7c h\u1ed3ng. C\u00f4ng th\u1ee9c k\u00edch th\u00edch ch\u1eefa l\u00e0nh v\u00e0 do \u0111\u00f3 l\u00e0m gi\u1ea3m s\u1ef1 xu\u1ea5t hi\u1ec7n c\u1ee7a v\u1ebft r\u1ea1n da.<\/p>\n<h3>Nguy\u00ean t\u1eafc ho\u1ea1t \u0111\u1ed9ng<\/h3>\n<p>Chi\u1ebft xu\u1ea5t Centella asiatica v\u00e0 t\u1ea3o th\u00fac \u0111\u1ea9y collagen c\u0169ng nh\u01b0 t\u1ed5ng h\u1ee3p elastin \u0111\u1ec3 kh\u1eafc ph\u1ee5c s\u1ef1 kh\u00f4ng \u0111\u1ed3ng \u0111\u1ec1u c\u1ee7a da. N\u01b0\u1edbc hoa qu\u1ea3 anh \u0111\u00e0o k\u1ebft h\u1ee3p v\u1edbi d\u1ea7u h\u1ea1t qu\u1ea3 m\u00e2m x\u00f4i c\u00f3 \u0111\u1eb7c t\u00ednh l\u00e0m d\u1ecbu da, nu\u00f4i d\u01b0\u1ee1ng v\u00e0 t\u00e1i t\u1ea1o. Da \u0111\u01b0\u1ee3c nh\u00ecn r\u00f5 c\u1ea3i thi\u1ec7n v\u00e0 \u0111\u1eb9p h\u01a1n.<br \/>\nM\u1ed9t ph\u1ea7n th\u01b0\u1edfng b\u1ed5 sung: h\u01b0\u01a1ng th\u01a1m t\u1ef1 nhi\u00ean 100% v\u00e0 k\u1ebft c\u1ea5u \u0111\u1eadm \u0111\u1eb7c l\u00e0 l\u00fd t\u01b0\u1edfng cho hi\u1ec7u \u1ee9ng \u0111\u01b0\u1ee3c nh\u1eafm m\u1ee5c ti\u00eau. Vi\u1ec7c m\u1edf \u0111\u1ed9c \u0111\u00e1o cho ph\u00e9p \u1ee9ng d\u1ee5ng ch\u00ednh x\u00e1c v\u00e0 s\u1eed d\u1ee5ng h\u1ee3p v\u1ec7 sinh.<\/p>\n<p>Gi\u00fap gi\u1ea3m thi\u1ec3u s\u1ef1 xu\u1ea5t hi\u1ec7n c\u1ee7a v\u1ebft r\u1ea1n da<br \/>\nSoothing &amp; t\u00e1i t\u1ea1o<br \/>\nK\u00edch th\u00edch s\u1ea3n xu\u1ea5t collagen<br \/>\nT\u00edch h\u1ee3p t\u1ed5ng h\u1ee3p elastin<br \/>\nSoothes &amp; nu\u00f4i d\u01b0\u1ee1ng<\/p>\n<h3>L\u1eddi khuy\u00ean s\u1eed d\u1ee5ng:<\/h3>\n<p>S\u1eed d\u1ee5ng trong ho\u1eb7c sau khi mang thai. N\u00f3 c\u0169ng c\u00f3 th\u1ec3 \u0111\u01b0\u1ee3c s\u1eed d\u1ee5ng khi nu\u00f4i con nh\u1ecf (h\u00e3y ch\u1eafc ch\u1eafn l\u00e0m s\u1ea1ch n\u00fam v\u00fa tr\u01b0\u1edbc khi cho b\u00e9 b\u00fa!).<br \/>\n\u2022 \u00c1p d\u1ee5ng cho c\u00e1c v\u1ebft r\u1ea1n da m\u1edbi, \u0111\u1ecf ho\u1eb7c h\u1ed3ng m\u1ed7i s\u00e1ng v\u00e0 t\u1ed1i.<br \/>\n\u2022 S\u1eed d\u1ee5ng c\u00e1c chuy\u1ec3n \u0111\u1ed9ng tr\u00f2n, nh\u1eb9 nh\u00e0ng \u0111\u1ec3 xoa b\u00f3p s\u1ea3n ph\u1ea9m v\u00e0o da cho \u0111\u1ebfn khi n\u00f3 \u0111\u01b0\u1ee3c h\u1ea5p th\u1ee5 ho\u00e0n to\u00e0n.<br \/>\n99% t\u1ed5ng s\u1ed1 th\u00e0nh ph\u1ea7n c\u00f3 ngu\u1ed3n g\u1ed1c t\u1ef1 nhi\u00ean<br \/>\n42% t\u1ed5ng s\u1ed1 th\u00e0nh ph\u1ea7n c\u00f3 ngu\u1ed3n g\u1ed1c t\u1eeb canh t\u00e1c h\u1eefu c\u01a1<br \/>\nLo\u1ea1i s\u1ea3n ph\u1ea9m: Ph\u01b0\u01a1ng ph\u00e1p \u0111i\u1ec1u tr\u1ecb \u0111\u1eb7c bi\u1ec7t<br \/>\nLo\u1ea1i da: Da kh\u1eaft khe, D\u00e0nh cho m\u1ecdi lo\u1ea1i da, Da nh\u1ea1y c\u1ea3m.<br \/>\nTh\u01b0\u01a1ng hi\u1ec7u: omum<br \/>\nN\u1ed9i dung c\u1ee7a Ethos: Vegan<br \/>\nN\u01b0\u1edbc hoa: Hoa<br \/>\nGi\u1ea5y ch\u1ee9ng nh\u1eadn: Cosm\u00e9bio, Cruelty Free (PETA), ECOCERT<\/p>\n<h3>Th\u00e0nh ph\u1ea7n<\/h3>\n<p>N\u01b0\u1edbc hoa qu\u1ea3 (N\u01b0\u1edbc), Helianthus Annuus (H\u01b0\u1edbng d\u01b0\u01a1ng) [1], Glycerin, Prunus Cerasus (Cherry) [1], Chi\u1ebft xu\u1ea5t t\u1eeb \u200b\u200bO-r\u00ea-ron Axit citric, axit phytic,<\/p>\n<p>1. t\u1eeb n\u00f4ng nghi\u1ec7p h\u1eefu c\u01a1 \u0111\u01b0\u1ee3c ki\u1ec3m so\u00e1t<\/p>\n","protected":false},"excerpt":{"rendered":"<p>S\u1ef1 mi\u00eau t\u1ea3 Ch\u00fang t\u00f4i c\u1ed1 g\u1eafng l\u00e0m nh\u1eefng g\u00ec ch\u00fang ta ph\u1ea3i ng\u0103n ng\u1eeba r\u1ea1n da h\u00ecnh th\u00e0nh trong thai k\u1ef3. Nh\u01b0ng th\u01b0\u1eddng xuy\u00ean h\u01a1n kh\u00f4ng, nh\u1eefng \u0111\u01b0\u1eddng kh\u00f3 coi n\u00e0y h\u00ecnh th\u00e0nh tr\u00ean da c\u1ee7a ch\u00fang ta. Tin t\u1ed1t l\u00e0 kh\u00f4ng bao gi\u1edd l\u00e0 qu\u00e1 mu\u1ed9n \u0111\u1ec3 c\u1ea3i thi\u1ec7n s\u1ef1 xu\u1ea5t hi\u1ec7n, m\u00e0u &hellip; <\/p>\n","protected":false},"featured_media":87,"comment_status":"open","ping_status":"closed","template":"","meta":[],"brands":[{"id":38,"name":"Omum","slug":"omum_me_bau_my_pham"}],"yoast_head":"<!-- This site is optimized with the Yoast SEO plugin v15.5 - https:\/\/yoast.com\/wordpress\/plugins\/seo\/ -->\n<title>L&#039;expert (chuy\u00ean gia) - Bio Wink Vietnam<\/title>\n<meta name=\"robots\" content=\"index, follow, max-snippet:-1, max-image-preview:large, max-video-preview:-1\" \/>\n<link rel=\"canonical\" href=\"https:\/\/www.biowink.com.vn\/index.php\/produit\/lexpert-chuyen-gia\/\" \/>\n<meta property=\"og:locale\" content=\"en_GB\" \/>\n<meta property=\"og:type\" content=\"article\" \/>\n<meta property=\"og:title\" content=\"L&#039;expert (chuy\u00ean gia) - Bio Wink Vietnam\" \/>\n<meta property=\"og:description\" content=\"S\u1ef1 mi\u00eau t\u1ea3 Ch\u00fang t\u00f4i c\u1ed1 g\u1eafng l\u00e0m nh\u1eefng g\u00ec ch\u00fang ta ph\u1ea3i ng\u0103n ng\u1eeba r\u1ea1n da h\u00ecnh th\u00e0nh trong thai k\u1ef3. Nh\u01b0ng th\u01b0\u1eddng xuy\u00ean h\u01a1n kh\u00f4ng, nh\u1eefng \u0111\u01b0\u1eddng kh\u00f3 coi n\u00e0y h\u00ecnh th\u00e0nh tr\u00ean da c\u1ee7a ch\u00fang ta. Tin t\u1ed1t l\u00e0 kh\u00f4ng bao gi\u1edd l\u00e0 qu\u00e1 mu\u1ed9n \u0111\u1ec3 c\u1ea3i thi\u1ec7n s\u1ef1 xu\u1ea5t hi\u1ec7n, m\u00e0u &hellip;\" \/>\n<meta property=\"og:url\" content=\"https:\/\/www.biowink.com.vn\/index.php\/produit\/lexpert-chuyen-gia\/\" \/>\n<meta property=\"og:site_name\" content=\"Bio Wink Vietnam\" \/>\n<meta property=\"article:publisher\" content=\"https:\/\/www.facebook.com\/biowinkvn\/\" \/>\n<meta property=\"article:modified_time\" content=\"2020-02-27T07:37:11+00:00\" \/>\n<meta property=\"og:image\" content=\"https:\/\/www.biowink.com.vn\/wp-content\/uploads\/2019\/09\/expert_omum.png\" \/>\n\t<meta property=\"og:image:width\" content=\"600\" \/>\n\t<meta property=\"og:image:height\" content=\"685\" \/>\n<meta name=\"twitter:card\" content=\"summary_large_image\" \/>\n<meta name=\"twitter:label1\" content=\"Estimated reading time\">\n\t<meta name=\"twitter:data1\" content=\"3 minutes\">\n<script type=\"application\/ld+json\" class=\"yoast-schema-graph\">{\"@context\":\"https:\/\/schema.org\",\"@graph\":[{\"@type\":\"Organization\",\"@id\":\"https:\/\/www.biowink.com.vn\/#organization\",\"name\":\"Bio Wink Vi\\u1ec7t Nam\",\"url\":\"https:\/\/www.biowink.com.vn\/\",\"sameAs\":[\"https:\/\/www.facebook.com\/biowinkvn\/\",\"https:\/\/www.instagram.com\/biowinkinvietnam\"],\"logo\":{\"@type\":\"ImageObject\",\"@id\":\"https:\/\/www.biowink.com.vn\/#logo\",\"inLanguage\":\"en-GB\",\"url\":\"https:\/\/www.biowink.com.vn\/wp-content\/uploads\/2019\/10\/logo-biowink-VN-KR.jpg\",\"width\":1600,\"height\":1600,\"caption\":\"Bio Wink Vi\\u1ec7t Nam\"},\"image\":{\"@id\":\"https:\/\/www.biowink.com.vn\/#logo\"}},{\"@type\":\"WebSite\",\"@id\":\"https:\/\/www.biowink.com.vn\/#website\",\"url\":\"https:\/\/www.biowink.com.vn\/\",\"name\":\"Bio Wink Vietnam\",\"description\":\"\",\"publisher\":{\"@id\":\"https:\/\/www.biowink.com.vn\/#organization\"},\"potentialAction\":[{\"@type\":\"SearchAction\",\"target\":\"https:\/\/www.biowink.com.vn\/?s={search_term_string}\",\"query-input\":\"required name=search_term_string\"}],\"inLanguage\":\"en-GB\"},{\"@type\":\"ImageObject\",\"@id\":\"https:\/\/www.biowink.com.vn\/index.php\/produit\/lexpert-chuyen-gia\/#primaryimage\",\"inLanguage\":\"en-GB\",\"url\":\"https:\/\/www.biowink.com.vn\/wp-content\/uploads\/2019\/09\/expert_omum.png\",\"width\":600,\"height\":685},{\"@type\":\"WebPage\",\"@id\":\"https:\/\/www.biowink.com.vn\/index.php\/produit\/lexpert-chuyen-gia\/#webpage\",\"url\":\"https:\/\/www.biowink.com.vn\/index.php\/produit\/lexpert-chuyen-gia\/\",\"name\":\"L'expert (chuy\\u00ean gia) - Bio Wink Vietnam\",\"isPartOf\":{\"@id\":\"https:\/\/www.biowink.com.vn\/#website\"},\"primaryImageOfPage\":{\"@id\":\"https:\/\/www.biowink.com.vn\/index.php\/produit\/lexpert-chuyen-gia\/#primaryimage\"},\"datePublished\":\"2019-10-12T07:04:09+00:00\",\"dateModified\":\"2020-02-27T07:37:11+00:00\",\"inLanguage\":\"en-GB\",\"potentialAction\":[{\"@type\":\"ReadAction\",\"target\":[\"https:\/\/www.biowink.com.vn\/index.php\/produit\/lexpert-chuyen-gia\/\"]}]}]}<\/script>\n<!-- \/ Yoast SEO plugin. -->","_links":{"self":[{"href":"https:\/\/www.biowink.com.vn\/index.php\/wp-json\/wp\/v2\/product\/353"}],"collection":[{"href":"https:\/\/www.biowink.com.vn\/index.php\/wp-json\/wp\/v2\/product"}],"about":[{"href":"https:\/\/www.biowink.com.vn\/index.php\/wp-json\/wp\/v2\/types\/product"}],"replies":[{"embeddable":true,"href":"https:\/\/www.biowink.com.vn\/index.php\/wp-json\/wp\/v2\/comments?post=353"}],"wp:featuredmedia":[{"embeddable":true,"href":"https:\/\/www.biowink.com.vn\/index.php\/wp-json\/wp\/v2\/media\/87"}],"wp:attachment":[{"href":"https:\/\/www.biowink.com.vn\/index.php\/wp-json\/wp\/v2\/media?parent=353"}],"curies":[{"name":"wp","href":"https:\/\/api.w.org\/{rel}","templated":true}]}}