{"id":366,"date":"2019-10-12T10:09:25","date_gmt":"2019-10-12T08:09:25","guid":{"rendered":"http:\/\/www.biowink.com.vn\/?post_type=product&#038;p=366"},"modified":"2020-02-22T10:37:26","modified_gmt":"2020-02-22T09:37:26","slug":"confort-kem-mat","status":"publish","type":"product","link":"https:\/\/www.biowink.com.vn\/index.php\/produit\/confort-kem-mat\/","title":{"rendered":"Confort,  kem m\u1eb7t"},"content":{"rendered":"<h2>kem m\u1eb7t<\/h2>\n<h2>Th\u00e0nh ph\u1ea7n<\/h2>\n<p>\u0110\u01b0\u1ee3c thi\u1ebft k\u1ebf \u0111\u1eb7c bi\u1ec7t v\u00e0 d\u1ef1a tr\u00ean b\u1ea1c keo (ch\u1ea5t ch\u1ed1ng vi\u00eam v\u00e0 ch\u1ea5t b\u1ea3o qu\u1ea3n t\u1ef1 nhi\u00ean), v\u00e0 ph\u1ee9c h\u1ee3p Helixium \u0111\u1ed9c quy\u1ec1n, gi\u00fap hydrat h\u00f3a, t\u00e1i t\u1ea1o v\u00e0 c\u1ea3i thi\u1ec7n \u0111\u1ed9 nh\u1ea1y c\u1ea3m c\u1ee7a da<\/p>\n<h2>Nguy\u00ean t\u1eafc ho\u1ea1t \u0111\u1ed9ng<\/h2>\n<p>Helixium ph\u1ee9c t\u1ea1p \u0111\u1ed9c quy\u1ec1n: t\u00e1i c\u1ea5u tr\u00fac l\u1edbp h\u1ea1 b\u00ec, c\u1ea3i thi\u1ec7n t\u00e1i t\u1ea1o t\u1ebf b\u00e0o. Ch\u1ed1ng nh\u0103n v\u00e0 ch\u1ed1ng \u0111\u1ed1m. T\u00e1i t\u1ea1o c\u00e1c m\u00f4 b\u1ecb h\u1ecfng.<br \/>\nKeo b\u1ea1c: ch\u1ed1ng vi\u00eam v\u00e0 t\u00e1i t\u1ea1o.<br \/>\nN\u01b0\u1edbc hoa b\u01b0\u1edfi: ch\u1ea5t ch\u1ed1ng oxy h\u00f3a.<br \/>\nAloe Barbadensis: t\u00e1i t\u1ea1o v\u00e0 ch\u1ed1ng oxy h\u00f3a.<br \/>\nB\u01a1 h\u1ea1t m\u1ee1: l\u00e0m m\u1edbi v\u00e0 nu\u00f4i d\u01b0\u1ee1ng.<br \/>\nD\u1ea7u Argan: T\u00e1i sinh.<\/p>\n<h2>Th\u00edch h\u1ee3p cho m\u1ecdi lo\u1ea1i da.<\/h2>\n<p>L\u1eddi khuy\u00ean s\u1eed d\u1ee5ng<\/p>\n<p>Thoa kem bu\u1ed5i s\u00e1ng v\u00e0 \/ ho\u1eb7c bu\u1ed5i t\u1ed1i l\u00ean m\u1eb7t v\u00e0 c\u1ed5 sau khi r\u1eeda m\u1eb7t v\u1edbi n\u01b0\u1edbc r\u1eeda tay b\u1eb1ng n\u01b0\u1edbc hoa h\u1ed3ng.<\/p>\n<p>Tr\u00ecnh b\u00e0y: Chai 50ml c\u00f3 h\u1ed9p \u0111\u1ef1ng kh\u00f4ng c\u00f3 kh\u00f4ng kh\u00ed.<\/p>\n","protected":false},"excerpt":{"rendered":"<p>kem m\u1eb7t Th\u00e0nh ph\u1ea7n \u0110\u01b0\u1ee3c thi\u1ebft k\u1ebf \u0111\u1eb7c bi\u1ec7t v\u00e0 d\u1ef1a tr\u00ean b\u1ea1c keo (ch\u1ea5t ch\u1ed1ng vi\u00eam v\u00e0 ch\u1ea5t b\u1ea3o qu\u1ea3n t\u1ef1 nhi\u00ean), v\u00e0 ph\u1ee9c h\u1ee3p Helixium \u0111\u1ed9c quy\u1ec1n, gi\u00fap hydrat h\u00f3a, t\u00e1i t\u1ea1o v\u00e0 c\u1ea3i thi\u1ec7n \u0111\u1ed9 nh\u1ea1y c\u1ea3m c\u1ee7a da Nguy\u00ean t\u1eafc ho\u1ea1t \u0111\u1ed9ng Helixium ph\u1ee9c t\u1ea1p \u0111\u1ed9c quy\u1ec1n: t\u00e1i c\u1ea5u tr\u00fac l\u1edbp &hellip; <\/p>\n","protected":false},"featured_media":399,"comment_status":"open","ping_status":"closed","template":"","meta":[],"brands":[{"id":36,"name":"Helixium","slug":"helixium_my_pham_huu_co"}],"yoast_head":"<!-- This site is optimized with the Yoast SEO plugin v15.5 - https:\/\/yoast.com\/wordpress\/plugins\/seo\/ -->\n<title>Confort, kem m\u1eb7t - Bio Wink Vietnam<\/title>\n<meta name=\"description\" content=\"t\u00e1i c\u1ea5u tr\u00fac l\u1edbp h\u1ea1 b\u00ec, c\u1ea3i thi\u1ec7n t\u00e1i t\u1ea1o t\u1ebf b\u00e0o. Ch\u1ed1ng nh\u0103n v\u00e0 ch\u1ed1ng \u0111\u1ed1m. T\u00e1i t\u1ea1o c\u00e1c m\u00f4 b\u1ecb h\u1ecfng.\" \/>\n<meta name=\"robots\" content=\"index, follow, max-snippet:-1, max-image-preview:large, max-video-preview:-1\" \/>\n<link rel=\"canonical\" href=\"https:\/\/www.biowink.com.vn\/index.php\/produit\/confort-kem-mat\/\" \/>\n<meta property=\"og:locale\" content=\"en_GB\" \/>\n<meta property=\"og:type\" content=\"article\" \/>\n<meta property=\"og:title\" content=\"Confort, kem m\u1eb7t - Bio Wink Vietnam\" \/>\n<meta property=\"og:description\" content=\"t\u00e1i c\u1ea5u tr\u00fac l\u1edbp h\u1ea1 b\u00ec, c\u1ea3i thi\u1ec7n t\u00e1i t\u1ea1o t\u1ebf b\u00e0o. Ch\u1ed1ng nh\u0103n v\u00e0 ch\u1ed1ng \u0111\u1ed1m. T\u00e1i t\u1ea1o c\u00e1c m\u00f4 b\u1ecb h\u1ecfng.\" \/>\n<meta property=\"og:url\" content=\"https:\/\/www.biowink.com.vn\/index.php\/produit\/confort-kem-mat\/\" \/>\n<meta property=\"og:site_name\" content=\"Bio Wink Vietnam\" \/>\n<meta property=\"article:publisher\" content=\"https:\/\/www.facebook.com\/biowinkvn\/\" \/>\n<meta property=\"article:modified_time\" content=\"2020-02-22T09:37:26+00:00\" \/>\n<meta property=\"og:image\" content=\"https:\/\/www.biowink.com.vn\/wp-content\/uploads\/2019\/10\/creme_confort-3.png\" \/>\n\t<meta property=\"og:image:width\" content=\"768\" \/>\n\t<meta property=\"og:image:height\" content=\"855\" \/>\n<meta name=\"twitter:card\" content=\"summary_large_image\" \/>\n<meta name=\"twitter:label1\" content=\"Estimated reading time\">\n\t<meta name=\"twitter:data1\" content=\"1 minute\">\n<script type=\"application\/ld+json\" class=\"yoast-schema-graph\">{\"@context\":\"https:\/\/schema.org\",\"@graph\":[{\"@type\":\"Organization\",\"@id\":\"https:\/\/www.biowink.com.vn\/#organization\",\"name\":\"Bio Wink Vi\\u1ec7t Nam\",\"url\":\"https:\/\/www.biowink.com.vn\/\",\"sameAs\":[\"https:\/\/www.facebook.com\/biowinkvn\/\",\"https:\/\/www.instagram.com\/biowinkinvietnam\"],\"logo\":{\"@type\":\"ImageObject\",\"@id\":\"https:\/\/www.biowink.com.vn\/#logo\",\"inLanguage\":\"en-GB\",\"url\":\"https:\/\/www.biowink.com.vn\/wp-content\/uploads\/2019\/10\/logo-biowink-VN-KR.jpg\",\"width\":1600,\"height\":1600,\"caption\":\"Bio Wink Vi\\u1ec7t Nam\"},\"image\":{\"@id\":\"https:\/\/www.biowink.com.vn\/#logo\"}},{\"@type\":\"WebSite\",\"@id\":\"https:\/\/www.biowink.com.vn\/#website\",\"url\":\"https:\/\/www.biowink.com.vn\/\",\"name\":\"Bio Wink Vietnam\",\"description\":\"\",\"publisher\":{\"@id\":\"https:\/\/www.biowink.com.vn\/#organization\"},\"potentialAction\":[{\"@type\":\"SearchAction\",\"target\":\"https:\/\/www.biowink.com.vn\/?s={search_term_string}\",\"query-input\":\"required name=search_term_string\"}],\"inLanguage\":\"en-GB\"},{\"@type\":\"ImageObject\",\"@id\":\"https:\/\/www.biowink.com.vn\/index.php\/produit\/confort-kem-mat\/#primaryimage\",\"inLanguage\":\"en-GB\",\"url\":\"https:\/\/www.biowink.com.vn\/wp-content\/uploads\/2019\/10\/creme_confort-3.png\",\"width\":768,\"height\":855},{\"@type\":\"WebPage\",\"@id\":\"https:\/\/www.biowink.com.vn\/index.php\/produit\/confort-kem-mat\/#webpage\",\"url\":\"https:\/\/www.biowink.com.vn\/index.php\/produit\/confort-kem-mat\/\",\"name\":\"Confort, kem m\\u1eb7t - Bio Wink Vietnam\",\"isPartOf\":{\"@id\":\"https:\/\/www.biowink.com.vn\/#website\"},\"primaryImageOfPage\":{\"@id\":\"https:\/\/www.biowink.com.vn\/index.php\/produit\/confort-kem-mat\/#primaryimage\"},\"datePublished\":\"2019-10-12T08:09:25+00:00\",\"dateModified\":\"2020-02-22T09:37:26+00:00\",\"description\":\"t\\u00e1i c\\u1ea5u tr\\u00fac l\\u1edbp h\\u1ea1 b\\u00ec, c\\u1ea3i thi\\u1ec7n t\\u00e1i t\\u1ea1o t\\u1ebf b\\u00e0o. Ch\\u1ed1ng nh\\u0103n v\\u00e0 ch\\u1ed1ng \\u0111\\u1ed1m. T\\u00e1i t\\u1ea1o c\\u00e1c m\\u00f4 b\\u1ecb h\\u1ecfng.\",\"inLanguage\":\"en-GB\",\"potentialAction\":[{\"@type\":\"ReadAction\",\"target\":[\"https:\/\/www.biowink.com.vn\/index.php\/produit\/confort-kem-mat\/\"]}]}]}<\/script>\n<!-- \/ Yoast SEO plugin. -->","_links":{"self":[{"href":"https:\/\/www.biowink.com.vn\/index.php\/wp-json\/wp\/v2\/product\/366"}],"collection":[{"href":"https:\/\/www.biowink.com.vn\/index.php\/wp-json\/wp\/v2\/product"}],"about":[{"href":"https:\/\/www.biowink.com.vn\/index.php\/wp-json\/wp\/v2\/types\/product"}],"replies":[{"embeddable":true,"href":"https:\/\/www.biowink.com.vn\/index.php\/wp-json\/wp\/v2\/comments?post=366"}],"wp:featuredmedia":[{"embeddable":true,"href":"https:\/\/www.biowink.com.vn\/index.php\/wp-json\/wp\/v2\/media\/399"}],"wp:attachment":[{"href":"https:\/\/www.biowink.com.vn\/index.php\/wp-json\/wp\/v2\/media?parent=366"}],"curies":[{"name":"wp","href":"https:\/\/api.w.org\/{rel}","templated":true}]}}