{"id":372,"date":"2019-10-12T10:29:19","date_gmt":"2019-10-12T08:29:19","guid":{"rendered":"http:\/\/www.biowink.com.vn\/?post_type=product&#038;p=372"},"modified":"2020-02-22T10:18:25","modified_gmt":"2020-02-22T09:18:25","slug":"serum-intensif-cham-soc-dac-biet-cho-mat","status":"publish","type":"product","link":"https:\/\/www.biowink.com.vn\/index.php\/produit\/serum-intensif-cham-soc-dac-biet-cho-mat\/","title":{"rendered":"Serum intensif, ch\u0103m s\u00f3c \u0111\u1eb7c bi\u1ec7t cho m\u1eb7t"},"content":{"rendered":"","protected":false},"excerpt":{"rendered":"","protected":false},"featured_media":401,"comment_status":"open","ping_status":"closed","template":"","meta":[],"brands":[{"id":36,"name":"Helixium","slug":"helixium_my_pham_huu_co"}],"yoast_head":"<!-- This site is optimized with the Yoast SEO plugin v15.5 - https:\/\/yoast.com\/wordpress\/plugins\/seo\/ -->\n<title>Serum intensif, ch\u0103m s\u00f3c \u0111\u1eb7c bi\u1ec7t cho m\u1eb7t - Bio Wink Vietnam<\/title>\n<meta name=\"robots\" content=\"index, follow, max-snippet:-1, max-image-preview:large, max-video-preview:-1\" \/>\n<link rel=\"canonical\" href=\"https:\/\/www.biowink.com.vn\/index.php\/produit\/serum-intensif-cham-soc-dac-biet-cho-mat\/\" \/>\n<meta property=\"og:locale\" content=\"en_GB\" \/>\n<meta property=\"og:type\" content=\"article\" \/>\n<meta property=\"og:title\" content=\"Serum intensif, ch\u0103m s\u00f3c \u0111\u1eb7c bi\u1ec7t cho m\u1eb7t - Bio Wink Vietnam\" \/>\n<meta property=\"og:url\" content=\"https:\/\/www.biowink.com.vn\/index.php\/produit\/serum-intensif-cham-soc-dac-biet-cho-mat\/\" \/>\n<meta property=\"og:site_name\" content=\"Bio Wink Vietnam\" \/>\n<meta property=\"article:publisher\" content=\"https:\/\/www.facebook.com\/biowinkvn\/\" \/>\n<meta property=\"article:modified_time\" content=\"2020-02-22T09:18:25+00:00\" \/>\n<meta property=\"og:image\" content=\"https:\/\/www.biowink.com.vn\/wp-content\/uploads\/2019\/10\/serum_helixium_skinature-1.png\" \/>\n\t<meta property=\"og:image:width\" content=\"558\" \/>\n\t<meta property=\"og:image:height\" content=\"562\" \/>\n<meta name=\"twitter:card\" content=\"summary_large_image\" \/>\n<script type=\"application\/ld+json\" class=\"yoast-schema-graph\">{\"@context\":\"https:\/\/schema.org\",\"@graph\":[{\"@type\":\"Organization\",\"@id\":\"https:\/\/www.biowink.com.vn\/#organization\",\"name\":\"Bio Wink Vi\\u1ec7t Nam\",\"url\":\"https:\/\/www.biowink.com.vn\/\",\"sameAs\":[\"https:\/\/www.facebook.com\/biowinkvn\/\",\"https:\/\/www.instagram.com\/biowinkinvietnam\"],\"logo\":{\"@type\":\"ImageObject\",\"@id\":\"https:\/\/www.biowink.com.vn\/#logo\",\"inLanguage\":\"en-GB\",\"url\":\"https:\/\/www.biowink.com.vn\/wp-content\/uploads\/2019\/10\/logo-biowink-VN-KR.jpg\",\"width\":1600,\"height\":1600,\"caption\":\"Bio Wink Vi\\u1ec7t Nam\"},\"image\":{\"@id\":\"https:\/\/www.biowink.com.vn\/#logo\"}},{\"@type\":\"WebSite\",\"@id\":\"https:\/\/www.biowink.com.vn\/#website\",\"url\":\"https:\/\/www.biowink.com.vn\/\",\"name\":\"Bio Wink Vietnam\",\"description\":\"\",\"publisher\":{\"@id\":\"https:\/\/www.biowink.com.vn\/#organization\"},\"potentialAction\":[{\"@type\":\"SearchAction\",\"target\":\"https:\/\/www.biowink.com.vn\/?s={search_term_string}\",\"query-input\":\"required name=search_term_string\"}],\"inLanguage\":\"en-GB\"},{\"@type\":\"ImageObject\",\"@id\":\"https:\/\/www.biowink.com.vn\/index.php\/produit\/serum-intensif-cham-soc-dac-biet-cho-mat\/#primaryimage\",\"inLanguage\":\"en-GB\",\"url\":\"https:\/\/www.biowink.com.vn\/wp-content\/uploads\/2019\/10\/serum_helixium_skinature-1.png\",\"width\":558,\"height\":562},{\"@type\":\"WebPage\",\"@id\":\"https:\/\/www.biowink.com.vn\/index.php\/produit\/serum-intensif-cham-soc-dac-biet-cho-mat\/#webpage\",\"url\":\"https:\/\/www.biowink.com.vn\/index.php\/produit\/serum-intensif-cham-soc-dac-biet-cho-mat\/\",\"name\":\"Serum intensif, ch\\u0103m s\\u00f3c \\u0111\\u1eb7c bi\\u1ec7t cho m\\u1eb7t - Bio Wink Vietnam\",\"isPartOf\":{\"@id\":\"https:\/\/www.biowink.com.vn\/#website\"},\"primaryImageOfPage\":{\"@id\":\"https:\/\/www.biowink.com.vn\/index.php\/produit\/serum-intensif-cham-soc-dac-biet-cho-mat\/#primaryimage\"},\"datePublished\":\"2019-10-12T08:29:19+00:00\",\"dateModified\":\"2020-02-22T09:18:25+00:00\",\"inLanguage\":\"en-GB\",\"potentialAction\":[{\"@type\":\"ReadAction\",\"target\":[\"https:\/\/www.biowink.com.vn\/index.php\/produit\/serum-intensif-cham-soc-dac-biet-cho-mat\/\"]}]}]}<\/script>\n<!-- \/ Yoast SEO plugin. -->","_links":{"self":[{"href":"https:\/\/www.biowink.com.vn\/index.php\/wp-json\/wp\/v2\/product\/372"}],"collection":[{"href":"https:\/\/www.biowink.com.vn\/index.php\/wp-json\/wp\/v2\/product"}],"about":[{"href":"https:\/\/www.biowink.com.vn\/index.php\/wp-json\/wp\/v2\/types\/product"}],"replies":[{"embeddable":true,"href":"https:\/\/www.biowink.com.vn\/index.php\/wp-json\/wp\/v2\/comments?post=372"}],"wp:featuredmedia":[{"embeddable":true,"href":"https:\/\/www.biowink.com.vn\/index.php\/wp-json\/wp\/v2\/media\/401"}],"wp:attachment":[{"href":"https:\/\/www.biowink.com.vn\/index.php\/wp-json\/wp\/v2\/media?parent=372"}],"curies":[{"name":"wp","href":"https:\/\/api.w.org\/{rel}","templated":true}]}}