{"id":3740,"date":"2020-01-10T08:38:38","date_gmt":"2020-01-10T07:38:38","guid":{"rendered":"http:\/\/www.biowink.com.vn\/?post_type=product&#038;p=3740"},"modified":"2020-05-21T04:20:33","modified_gmt":"2020-05-21T02:20:33","slug":"fishliver-oil-180-vien","status":"publish","type":"product","link":"https:\/\/www.biowink.com.vn\/index.php\/produit\/fishliver-oil-180-vien\/","title":{"rendered":"D\u1ea7u gan c\u00e1 tuy\u1ebft &#8211; 180 vien"},"content":{"rendered":"<p>D\u1ea7u c\u00e1 c\u00f3 l\u1ee3i cho m\u1ecdi l\u1ee9a tu\u1ed5i<\/p>\n<p>D\u1ea7u gan c\u00e1 tuy\u1ebft \u0111\u00e3 tr\u1edf th\u00e0nh m\u1ed9t ph\u1ea7n c\u1ee7a truy\u1ec1n th\u1ed1ng gia \u0111\u00ecnh qua nhi\u1ec1u th\u1ebf h\u1ec7 do s\u1ef1 phong ph\u00fa c\u1ee7a VITAMIN A v\u00e0 D HI\u1ec6U QU\u1ea2 CHO VI\u1ec6C X\u00c1C NH\u1eacN B\u00d3NG \u0110\u00c1. Trong s\u1ed1 nh\u1eefng l\u1ee3i \u00edch kh\u00e1c, Fishliver Oil th\u1ef1c s\u1ef1 gi\u00fap kh\u1eafc ph\u1ee5c CALCIUM v\u00e0 ph\u1ed1t pho. H\u00c3Y THAM GIA M\u1ed8T H SUP TR\u1ee2 T\u1ed0T H\u01a0N T\u0102NG TR\u01af\u1edeNG, NH\u01afNG C ATNG \u1ede TU\u1ed4I QU\u1ea2NG C\u00c1O v\u00e0 cho ng\u01b0\u1eddi cao ni\u00ean, thong bao ve pallier calcium v\u00e0 thi\u1ebfu ph\u1ed1t pho v\u00e0 t\u0103ng c\u01b0\u1eddng kh\u1ea3 n\u0103ng mi\u1ec5n d\u1ecbch.<\/p>\n<p>1 vien \/ ng\u00e0y<\/p>\n<p>&nbsp;<\/p>\n","protected":false},"excerpt":{"rendered":"<p>D\u1ea7u c\u00e1 c\u00f3 l\u1ee3i cho m\u1ecdi l\u1ee9a tu\u1ed5i D\u1ea7u gan c\u00e1 tuy\u1ebft \u0111\u00e3 tr\u1edf th\u00e0nh m\u1ed9t ph\u1ea7n c\u1ee7a truy\u1ec1n th\u1ed1ng gia \u0111\u00ecnh qua nhi\u1ec1u th\u1ebf h\u1ec7 do s\u1ef1 phong ph\u00fa c\u1ee7a VITAMIN A v\u00e0 D HI\u1ec6U QU\u1ea2 CHO VI\u1ec6C X\u00c1C NH\u1eacN B\u00d3NG \u0110\u00c1. Trong s\u1ed1 nh\u1eefng l\u1ee3i \u00edch kh\u00e1c, Fishliver Oil th\u1ef1c s\u1ef1 gi\u00fap kh\u1eafc &hellip; <\/p>\n","protected":false},"featured_media":2948,"comment_status":"open","ping_status":"closed","template":"","meta":[],"brands":[{"id":93,"name":"Be-life","slug":"be_life"}],"yoast_head":"<!-- This site is optimized with the Yoast SEO plugin v15.5 - https:\/\/yoast.com\/wordpress\/plugins\/seo\/ -->\n<title>D\u1ea7u gan c\u00e1 tuy\u1ebft - 180 vien - Bio Wink Vietnam<\/title>\n<meta name=\"description\" content=\"D\u1ea7u gan c\u00e1 tuy\u1ebft \u0111\u00e3 tr\u1edf th\u00e0nh m\u1ed9t ph\u1ea7n c\u1ee7a truy\u1ec1n th\u1ed1ng gia \u0111\u00ecnh qua nhi\u1ec1u th\u1ebf h\u1ec7 do s\u1ef1 phong ph\u00fa c\u1ee7a VITAMIN A v\u00e0 D HI\u1ec6U QU\u1ea2 CHO VI\u1ec6C X\u00c1C NH\u1eacN B\u00d3NG \u0110\u00c1.\" \/>\n<meta name=\"robots\" content=\"index, follow, max-snippet:-1, max-image-preview:large, max-video-preview:-1\" \/>\n<link rel=\"canonical\" href=\"https:\/\/www.biowink.com.vn\/index.php\/produit\/fishliver-oil-180-vien\/\" \/>\n<meta property=\"og:locale\" content=\"en_GB\" \/>\n<meta property=\"og:type\" content=\"article\" \/>\n<meta property=\"og:title\" content=\"D\u1ea7u gan c\u00e1 tuy\u1ebft - 180 vien - Bio Wink Vietnam\" \/>\n<meta property=\"og:description\" content=\"D\u1ea7u gan c\u00e1 tuy\u1ebft \u0111\u00e3 tr\u1edf th\u00e0nh m\u1ed9t ph\u1ea7n c\u1ee7a truy\u1ec1n th\u1ed1ng gia \u0111\u00ecnh qua nhi\u1ec1u th\u1ebf h\u1ec7 do s\u1ef1 phong ph\u00fa c\u1ee7a VITAMIN A v\u00e0 D HI\u1ec6U QU\u1ea2 CHO VI\u1ec6C X\u00c1C NH\u1eacN B\u00d3NG \u0110\u00c1.\" \/>\n<meta property=\"og:url\" content=\"https:\/\/www.biowink.com.vn\/index.php\/produit\/fishliver-oil-180-vien\/\" \/>\n<meta property=\"og:site_name\" content=\"Bio Wink Vietnam\" \/>\n<meta property=\"article:publisher\" content=\"https:\/\/www.facebook.com\/biowinkvn\/\" \/>\n<meta property=\"article:modified_time\" content=\"2020-05-21T02:20:33+00:00\" \/>\n<meta property=\"og:image\" content=\"https:\/\/www.biowink.com.vn\/wp-content\/uploads\/1970\/01\/fishliver_oil_pf01120_180.png\" \/>\n\t<meta property=\"og:image:width\" content=\"256\" \/>\n\t<meta property=\"og:image:height\" content=\"256\" \/>\n<meta name=\"twitter:card\" content=\"summary_large_image\" \/>\n<meta name=\"twitter:label1\" content=\"Estimated reading time\">\n\t<meta name=\"twitter:data1\" content=\"1 minute\">\n<script type=\"application\/ld+json\" class=\"yoast-schema-graph\">{\"@context\":\"https:\/\/schema.org\",\"@graph\":[{\"@type\":\"Organization\",\"@id\":\"https:\/\/www.biowink.com.vn\/#organization\",\"name\":\"Bio Wink Vi\\u1ec7t Nam\",\"url\":\"https:\/\/www.biowink.com.vn\/\",\"sameAs\":[\"https:\/\/www.facebook.com\/biowinkvn\/\",\"https:\/\/www.instagram.com\/biowinkinvietnam\"],\"logo\":{\"@type\":\"ImageObject\",\"@id\":\"https:\/\/www.biowink.com.vn\/#logo\",\"inLanguage\":\"en-GB\",\"url\":\"https:\/\/www.biowink.com.vn\/wp-content\/uploads\/2019\/10\/logo-biowink-VN-KR.jpg\",\"width\":1600,\"height\":1600,\"caption\":\"Bio Wink Vi\\u1ec7t Nam\"},\"image\":{\"@id\":\"https:\/\/www.biowink.com.vn\/#logo\"}},{\"@type\":\"WebSite\",\"@id\":\"https:\/\/www.biowink.com.vn\/#website\",\"url\":\"https:\/\/www.biowink.com.vn\/\",\"name\":\"Bio Wink Vietnam\",\"description\":\"\",\"publisher\":{\"@id\":\"https:\/\/www.biowink.com.vn\/#organization\"},\"potentialAction\":[{\"@type\":\"SearchAction\",\"target\":\"https:\/\/www.biowink.com.vn\/?s={search_term_string}\",\"query-input\":\"required name=search_term_string\"}],\"inLanguage\":\"en-GB\"},{\"@type\":\"ImageObject\",\"@id\":\"https:\/\/www.biowink.com.vn\/index.php\/produit\/fishliver-oil-180-vien\/#primaryimage\",\"inLanguage\":\"en-GB\",\"url\":\"https:\/\/www.biowink.com.vn\/wp-content\/uploads\/1970\/01\/fishliver_oil_pf01120_180.png\",\"width\":256,\"height\":256},{\"@type\":\"WebPage\",\"@id\":\"https:\/\/www.biowink.com.vn\/index.php\/produit\/fishliver-oil-180-vien\/#webpage\",\"url\":\"https:\/\/www.biowink.com.vn\/index.php\/produit\/fishliver-oil-180-vien\/\",\"name\":\"D\\u1ea7u gan c\\u00e1 tuy\\u1ebft - 180 vien - Bio Wink Vietnam\",\"isPartOf\":{\"@id\":\"https:\/\/www.biowink.com.vn\/#website\"},\"primaryImageOfPage\":{\"@id\":\"https:\/\/www.biowink.com.vn\/index.php\/produit\/fishliver-oil-180-vien\/#primaryimage\"},\"datePublished\":\"2020-01-10T07:38:38+00:00\",\"dateModified\":\"2020-05-21T02:20:33+00:00\",\"description\":\"D\\u1ea7u gan c\\u00e1 tuy\\u1ebft \\u0111\\u00e3 tr\\u1edf th\\u00e0nh m\\u1ed9t ph\\u1ea7n c\\u1ee7a truy\\u1ec1n th\\u1ed1ng gia \\u0111\\u00ecnh qua nhi\\u1ec1u th\\u1ebf h\\u1ec7 do s\\u1ef1 phong ph\\u00fa c\\u1ee7a VITAMIN A v\\u00e0 D HI\\u1ec6U QU\\u1ea2 CHO VI\\u1ec6C X\\u00c1C NH\\u1eacN B\\u00d3NG \\u0110\\u00c1.\",\"inLanguage\":\"en-GB\",\"potentialAction\":[{\"@type\":\"ReadAction\",\"target\":[\"https:\/\/www.biowink.com.vn\/index.php\/produit\/fishliver-oil-180-vien\/\"]}]}]}<\/script>\n<!-- \/ Yoast SEO plugin. -->","_links":{"self":[{"href":"https:\/\/www.biowink.com.vn\/index.php\/wp-json\/wp\/v2\/product\/3740"}],"collection":[{"href":"https:\/\/www.biowink.com.vn\/index.php\/wp-json\/wp\/v2\/product"}],"about":[{"href":"https:\/\/www.biowink.com.vn\/index.php\/wp-json\/wp\/v2\/types\/product"}],"replies":[{"embeddable":true,"href":"https:\/\/www.biowink.com.vn\/index.php\/wp-json\/wp\/v2\/comments?post=3740"}],"wp:featuredmedia":[{"embeddable":true,"href":"https:\/\/www.biowink.com.vn\/index.php\/wp-json\/wp\/v2\/media\/2948"}],"wp:attachment":[{"href":"https:\/\/www.biowink.com.vn\/index.php\/wp-json\/wp\/v2\/media?parent=3740"}],"curies":[{"name":"wp","href":"https:\/\/api.w.org\/{rel}","templated":true}]}}